{"id":3290,"date":"2019-05-02T21:33:00","date_gmt":"2019-03-02T19:33:00","guid":{"rendered":"https:\/\/youngskin.no\/produkter\/suncare-cream-spf-50\/"},"modified":"2019-09-01T20:11:57","modified_gmt":"2019-09-01T18:11:57","slug":"suncare-cream-spf-50","status":"publish","type":"product","link":"https:\/\/youngskin.no\/sv\/produkter\/suncare-cream-spf-50\/","title":{"rendered":"Suncare Cream spf 50"},"content":{"rendered":"<p><span style=\"display: inline !important; float: none; background-color: transparent; color: #212121; font-family: 'Open Sans',helvetica,arial,sans-serif,sans-serif; font-size: 16px; font-style: normal; font-variant: normal; font-weight: 400; letter-spacing: normal; orphans: 2; text-align: left; text-decoration: none; text-indent: 0px; text-transform: none; -webkit-text-stroke-width: 0px; white-space: pre-wrap; word-spacing: 0px;\">En innovativ, helt kemisk fri och mycket hudv\u00e4nlig solskyddsmedel med det nya fysiska filtret Apalight. Det nya filtret \u00e4r tillverkat av ett mineral som vi naturligt har i kroppen (CALCIUM HYDROXYAPATITE) och ger h\u00f6gt skydd (SPF 50) utan att irritera huden. Konsistensen \u00e4r l\u00e4tt och den \u00e4r non-whitening. L\u00e4mplig f\u00f6r alla <\/span>hudtypar.<\/p>\n","protected":false},"excerpt":{"rendered":"<p>En innovativ, helt kemisk fri och mycket hudv\u00e4nlig solskyddsmedel med det nya fysiska filtret Apalight. Det nya filtret \u00e4r tillverkat av ett mineral som vi naturligt har i kroppen (CALCIUM HYDROXYAPATITE) och ger h\u00f6gt skydd (SPF 50) utan att irritera huden. Konsistensen \u00e4r l\u00e4tt och den \u00e4r non-whitening. L\u00e4mplig f\u00f6r alla hudtypar.<\/p>\n","protected":false},"featured_media":3291,"comment_status":"closed","ping_status":"closed","template":"","meta":[],"product_brand":[],"product_cat":[121,134],"product_tag":[143],"class_list":{"0":"post-3290","1":"product","2":"type-product","3":"status-publish","4":"has-post-thumbnail","6":"product_cat-hjemmeprodukter-sv","7":"product_cat-profiderm-sv","8":"product_tag-sol-sv","9":"description-off","11":"first","12":"instock","13":"shipping-taxable","14":"purchasable","15":"product-type-simple"},"yoast_head":"<!-- This site is optimized with the Yoast SEO plugin v27.4 - https:\/\/yoast.com\/product\/yoast-seo-wordpress\/ -->\n<title>Suncare Cream spf 50 - youngskin.no<\/title>\n<meta name=\"robots\" content=\"index, follow, max-snippet:-1, max-image-preview:large, max-video-preview:-1\" \/>\n<link rel=\"canonical\" href=\"https:\/\/youngskin.no\/sv\/produkter\/suncare-cream-spf-50\/\" \/>\n<meta property=\"og:locale\" content=\"sv_SE\" \/>\n<meta property=\"og:type\" content=\"article\" \/>\n<meta property=\"og:title\" content=\"Suncare Cream spf 50 - youngskin.no\" \/>\n<meta property=\"og:description\" content=\"En innovativ, helt kemisk fri och mycket hudv\u00e4nlig solskyddsmedel med det nya fysiska filtret Apalight. Det nya filtret \u00e4r tillverkat av ett mineral som vi naturligt har i kroppen (CALCIUM HYDROXYAPATITE) och ger h\u00f6gt skydd (SPF 50) utan att irritera huden. Konsistensen \u00e4r l\u00e4tt och den \u00e4r non-whitening. L\u00e4mplig f\u00f6r alla hudtypar.\" \/>\n<meta property=\"og:url\" content=\"https:\/\/youngskin.no\/sv\/produkter\/suncare-cream-spf-50\/\" \/>\n<meta property=\"og:site_name\" content=\"youngskin.no\" \/>\n<meta property=\"article:publisher\" content=\"https:\/\/www.facebook.com\/onegennorge\/\" \/>\n<meta property=\"article:modified_time\" content=\"2019-09-01T18:11:57+00:00\" \/>\n<meta property=\"og:image\" content=\"https:\/\/youngskin.no\/wp-content\/uploads\/PfofiDerm-sun-care-cream_4_50-mlshadow_www.jpg\" \/>\n\t<meta property=\"og:image:width\" content=\"800\" \/>\n\t<meta property=\"og:image:height\" content=\"800\" \/>\n\t<meta property=\"og:image:type\" content=\"image\/jpeg\" \/>\n<meta name=\"twitter:card\" content=\"summary_large_image\" \/>\n<script type=\"application\/ld+json\" class=\"yoast-schema-graph\">{\"@context\":\"https:\\\/\\\/schema.org\",\"@graph\":[{\"@type\":\"WebPage\",\"@id\":\"https:\\\/\\\/youngskin.no\\\/sv\\\/produkter\\\/suncare-cream-spf-50\\\/\",\"url\":\"https:\\\/\\\/youngskin.no\\\/sv\\\/produkter\\\/suncare-cream-spf-50\\\/\",\"name\":\"Suncare Cream spf 50 - youngskin.no\",\"isPartOf\":{\"@id\":\"https:\\\/\\\/youngskin.no\\\/#website\"},\"primaryImageOfPage\":{\"@id\":\"https:\\\/\\\/youngskin.no\\\/sv\\\/produkter\\\/suncare-cream-spf-50\\\/#primaryimage\"},\"image\":{\"@id\":\"https:\\\/\\\/youngskin.no\\\/sv\\\/produkter\\\/suncare-cream-spf-50\\\/#primaryimage\"},\"thumbnailUrl\":\"https:\\\/\\\/youngskin.no\\\/wp-content\\\/uploads\\\/PfofiDerm-sun-care-cream_4_50-mlshadow_www.jpg\",\"datePublished\":\"2019-03-02T19:33:00+00:00\",\"dateModified\":\"2019-09-01T18:11:57+00:00\",\"breadcrumb\":{\"@id\":\"https:\\\/\\\/youngskin.no\\\/sv\\\/produkter\\\/suncare-cream-spf-50\\\/#breadcrumb\"},\"inLanguage\":\"sv-SE\",\"potentialAction\":[{\"@type\":\"ReadAction\",\"target\":[\"https:\\\/\\\/youngskin.no\\\/sv\\\/produkter\\\/suncare-cream-spf-50\\\/\"]}]},{\"@type\":\"ImageObject\",\"inLanguage\":\"sv-SE\",\"@id\":\"https:\\\/\\\/youngskin.no\\\/sv\\\/produkter\\\/suncare-cream-spf-50\\\/#primaryimage\",\"url\":\"https:\\\/\\\/youngskin.no\\\/wp-content\\\/uploads\\\/PfofiDerm-sun-care-cream_4_50-mlshadow_www.jpg\",\"contentUrl\":\"https:\\\/\\\/youngskin.no\\\/wp-content\\\/uploads\\\/PfofiDerm-sun-care-cream_4_50-mlshadow_www.jpg\",\"width\":800,\"height\":800},{\"@type\":\"BreadcrumbList\",\"@id\":\"https:\\\/\\\/youngskin.no\\\/sv\\\/produkter\\\/suncare-cream-spf-50\\\/#breadcrumb\",\"itemListElement\":[{\"@type\":\"ListItem\",\"position\":1,\"name\":\"Hjem\",\"item\":\"https:\\\/\\\/youngskin.no\\\/sv\\\/\"},{\"@type\":\"ListItem\",\"position\":2,\"name\":\"Butikk\",\"item\":\"https:\\\/\\\/youngskin.no\\\/butikk\\\/\"},{\"@type\":\"ListItem\",\"position\":3,\"name\":\"Suncare Cream spf 50\"}]},{\"@type\":\"WebSite\",\"@id\":\"https:\\\/\\\/youngskin.no\\\/#website\",\"url\":\"https:\\\/\\\/youngskin.no\\\/\",\"name\":\"youngskin.no\",\"description\":\"youngskin.no\",\"potentialAction\":[{\"@type\":\"SearchAction\",\"target\":{\"@type\":\"EntryPoint\",\"urlTemplate\":\"https:\\\/\\\/youngskin.no\\\/?s={search_term_string}\"},\"query-input\":{\"@type\":\"PropertyValueSpecification\",\"valueRequired\":true,\"valueName\":\"search_term_string\"}}],\"inLanguage\":\"sv-SE\"}]}<\/script>\n<!-- \/ Yoast SEO plugin. -->","yoast_head_json":{"title":"Suncare Cream spf 50 - youngskin.no","robots":{"index":"index","follow":"follow","max-snippet":"max-snippet:-1","max-image-preview":"max-image-preview:large","max-video-preview":"max-video-preview:-1"},"canonical":"https:\/\/youngskin.no\/sv\/produkter\/suncare-cream-spf-50\/","og_locale":"sv_SE","og_type":"article","og_title":"Suncare Cream spf 50 - youngskin.no","og_description":"En innovativ, helt kemisk fri och mycket hudv\u00e4nlig solskyddsmedel med det nya fysiska filtret Apalight. Det nya filtret \u00e4r tillverkat av ett mineral som vi naturligt har i kroppen (CALCIUM HYDROXYAPATITE) och ger h\u00f6gt skydd (SPF 50) utan att irritera huden. Konsistensen \u00e4r l\u00e4tt och den \u00e4r non-whitening. L\u00e4mplig f\u00f6r alla hudtypar.","og_url":"https:\/\/youngskin.no\/sv\/produkter\/suncare-cream-spf-50\/","og_site_name":"youngskin.no","article_publisher":"https:\/\/www.facebook.com\/onegennorge\/","article_modified_time":"2019-09-01T18:11:57+00:00","og_image":[{"width":800,"height":800,"url":"https:\/\/youngskin.no\/wp-content\/uploads\/PfofiDerm-sun-care-cream_4_50-mlshadow_www.jpg","type":"image\/jpeg"}],"twitter_card":"summary_large_image","schema":{"@context":"https:\/\/schema.org","@graph":[{"@type":"WebPage","@id":"https:\/\/youngskin.no\/sv\/produkter\/suncare-cream-spf-50\/","url":"https:\/\/youngskin.no\/sv\/produkter\/suncare-cream-spf-50\/","name":"Suncare Cream spf 50 - youngskin.no","isPartOf":{"@id":"https:\/\/youngskin.no\/#website"},"primaryImageOfPage":{"@id":"https:\/\/youngskin.no\/sv\/produkter\/suncare-cream-spf-50\/#primaryimage"},"image":{"@id":"https:\/\/youngskin.no\/sv\/produkter\/suncare-cream-spf-50\/#primaryimage"},"thumbnailUrl":"https:\/\/youngskin.no\/wp-content\/uploads\/PfofiDerm-sun-care-cream_4_50-mlshadow_www.jpg","datePublished":"2019-03-02T19:33:00+00:00","dateModified":"2019-09-01T18:11:57+00:00","breadcrumb":{"@id":"https:\/\/youngskin.no\/sv\/produkter\/suncare-cream-spf-50\/#breadcrumb"},"inLanguage":"sv-SE","potentialAction":[{"@type":"ReadAction","target":["https:\/\/youngskin.no\/sv\/produkter\/suncare-cream-spf-50\/"]}]},{"@type":"ImageObject","inLanguage":"sv-SE","@id":"https:\/\/youngskin.no\/sv\/produkter\/suncare-cream-spf-50\/#primaryimage","url":"https:\/\/youngskin.no\/wp-content\/uploads\/PfofiDerm-sun-care-cream_4_50-mlshadow_www.jpg","contentUrl":"https:\/\/youngskin.no\/wp-content\/uploads\/PfofiDerm-sun-care-cream_4_50-mlshadow_www.jpg","width":800,"height":800},{"@type":"BreadcrumbList","@id":"https:\/\/youngskin.no\/sv\/produkter\/suncare-cream-spf-50\/#breadcrumb","itemListElement":[{"@type":"ListItem","position":1,"name":"Hjem","item":"https:\/\/youngskin.no\/sv\/"},{"@type":"ListItem","position":2,"name":"Butikk","item":"https:\/\/youngskin.no\/butikk\/"},{"@type":"ListItem","position":3,"name":"Suncare Cream spf 50"}]},{"@type":"WebSite","@id":"https:\/\/youngskin.no\/#website","url":"https:\/\/youngskin.no\/","name":"youngskin.no","description":"youngskin.no","potentialAction":[{"@type":"SearchAction","target":{"@type":"EntryPoint","urlTemplate":"https:\/\/youngskin.no\/?s={search_term_string}"},"query-input":{"@type":"PropertyValueSpecification","valueRequired":true,"valueName":"search_term_string"}}],"inLanguage":"sv-SE"}]}},"_links":{"self":[{"href":"https:\/\/youngskin.no\/sv\/wp-json\/wp\/v2\/product\/3290","targetHints":{"allow":["GET"]}}],"collection":[{"href":"https:\/\/youngskin.no\/sv\/wp-json\/wp\/v2\/product"}],"about":[{"href":"https:\/\/youngskin.no\/sv\/wp-json\/wp\/v2\/types\/product"}],"replies":[{"embeddable":true,"href":"https:\/\/youngskin.no\/sv\/wp-json\/wp\/v2\/comments?post=3290"}],"wp:featuredmedia":[{"embeddable":true,"href":"https:\/\/youngskin.no\/sv\/wp-json\/wp\/v2\/media\/3291"}],"wp:attachment":[{"href":"https:\/\/youngskin.no\/sv\/wp-json\/wp\/v2\/media?parent=3290"}],"wp:term":[{"taxonomy":"product_brand","embeddable":true,"href":"https:\/\/youngskin.no\/sv\/wp-json\/wp\/v2\/product_brand?post=3290"},{"taxonomy":"product_cat","embeddable":true,"href":"https:\/\/youngskin.no\/sv\/wp-json\/wp\/v2\/product_cat?post=3290"},{"taxonomy":"product_tag","embeddable":true,"href":"https:\/\/youngskin.no\/sv\/wp-json\/wp\/v2\/product_tag?post=3290"}],"curies":[{"name":"wp","href":"https:\/\/api.w.org\/{rel}","templated":true}]}}