{"id":3339,"date":"2018-11-15T19:11:01","date_gmt":"2019-05-25T17:11:01","guid":{"rendered":"https:\/\/youngskin.no\/produkter\/4d-modeling-and-ultrasonic-gel\/"},"modified":"2019-08-18T09:20:31","modified_gmt":"2019-08-18T07:20:31","slug":"4d-modeling-and-ultrasonic-gel","status":"publish","type":"product","link":"https:\/\/youngskin.no\/sv\/produkter\/4d-modeling-and-ultrasonic-gel\/","title":{"rendered":"4D Modeling and Ultrasonic gel"},"content":{"rendered":"<div><span class=\"oneComWebmail-highlight\"><span class=\"oneComWebmail-colour\"><span class=\"oneComWebmail-size\">V\u00e4rmande och skulpterande gel, med aktiv koncentration av moderna och innovativa ingredienser<\/span><\/span><\/span><\/div>\n<div><span class=\"oneComWebmail-highlight\"><span class=\"oneComWebmail-colour\"><span class=\"oneComWebmail-size\">, liknar ultraljud: PHYTOSONIC \u2122 \u00e4r ett komplex av aktiva ingredienser, baserat p\u00e5 v\u00e4xter.<\/span> <span class=\"oneComWebmail-size\">PHYTOSONIC \u2122 s\u00f6nderdelar selektivt hypertrofa adipocyter utan att totalf\u00f6rst\u00f6ra dem.<\/span> <span class=\"oneComWebmail-size\">P\u00e5 s\u00e5 s\u00e4tt fungerar det som ultraljudseffekten.<\/span> <span class=\"oneComWebmail-size\">PHYTOSONIC \u2122 -egenskaperna m\u00f6jligg\u00f6r en bantningseffekt , inte bara i cellul\u00e4rt men ocks\u00e5 p\u00e5 v\u00e4vnadsniv\u00e5.<\/span><\/span><\/span><\/div>\n<div><span class=\"oneComWebmail-highlight\"><span class=\"oneComWebmail-colour\"><span class=\"oneComWebmail-size\"><strong>Endast f\u00f6r kroppen.<\/strong>\u00a0<\/span><\/span><\/span><\/div>\n<div><span class=\"oneComWebmail-highlight\"><span class=\"oneComWebmail-colour\"><span class=\"oneComWebmail-size\"><strong>Professionell anv\u00e4ndning:<\/strong> F\u00f6r manuell anticellulit- och bantningsmassage, vakuummassage, ofta i kombination med Hot Anticellulite Oil.<\/span><\/span><\/span><\/div>\n<div><span class=\"oneComWebmail-highlight\"><span class=\"oneComWebmail-colour\"><span class=\"oneComWebmail-size\"><strong>Hembehandling:<\/strong> Som en anti-cellulitprodukt &#8211; en eller tv\u00e5 g\u00e5nger dagligen.<\/span><\/span><\/span> <span class=\"oneComWebmail-highlight\"><span class=\"oneComWebmail-colour\"><span class=\"oneComWebmail-size\">Applicera p\u00e5 problemomr\u00e5den och massera det v\u00e4l. .<\/span><\/span><\/span> <span class=\"oneComWebmail-highlight\"><span class=\"oneComWebmail-colour\"><span class=\"oneComWebmail-size\">L\u00e4mnar en fettfri k\u00e4nsla och den absorberas snabbt och du kan kl\u00e4 p\u00e5 dig omedelbart efter appliceringen.<\/span><\/span><\/span><\/div>\n<p><span title=\"\">kle p\u00e5 seg umiddelbart etter p\u00e5f\u00f8ring.<\/span><\/p>\n","protected":false},"excerpt":{"rendered":"<p>V\u00e4rmande och skulpterande gel, med aktiv koncentration av moderna och innovativa ingredienser , liknar ultraljud: PHYTOSONIC \u2122 \u00e4r ett komplex av aktiva ingredienser, baserat p\u00e5 v\u00e4xter. PHYTOSONIC \u2122 s\u00f6nderdelar selektivt hypertrofa adipocyter utan att totalf\u00f6rst\u00f6ra dem. P\u00e5 s\u00e5 s\u00e4tt fungerar det som ultraljudseffekten. PHYTOSONIC \u2122 -egenskaperna m\u00f6jligg\u00f6r en bantningseffekt , inte bara i cellul\u00e4rt men&hellip;<\/p>\n","protected":false},"featured_media":3343,"comment_status":"closed","ping_status":"closed","template":"","meta":[],"product_brand":[],"product_cat":[141,121,124],"product_tag":[128,139],"class_list":{"0":"post-3339","1":"product","2":"type-product","3":"status-publish","4":"has-post-thumbnail","6":"product_cat-eco-spa-sv","7":"product_cat-hjemmeprodukter-sv","8":"product_cat-salongprodukter-sv","9":"product_tag-kropp-sv","10":"product_tag-massasje-sv","11":"description-off","13":"first","14":"instock","15":"shipping-taxable","16":"purchasable","17":"product-type-simple"},"yoast_head":"<!-- This site is optimized with the Yoast SEO plugin v27.4 - https:\/\/yoast.com\/product\/yoast-seo-wordpress\/ -->\n<title>4D Modeling and Ultrasonic gel - youngskin.no<\/title>\n<meta name=\"robots\" content=\"index, follow, max-snippet:-1, max-image-preview:large, max-video-preview:-1\" \/>\n<link rel=\"canonical\" href=\"https:\/\/youngskin.no\/sv\/produkter\/4d-modeling-and-ultrasonic-gel\/\" \/>\n<meta property=\"og:locale\" content=\"sv_SE\" \/>\n<meta property=\"og:type\" content=\"article\" \/>\n<meta property=\"og:title\" content=\"4D Modeling and Ultrasonic gel - youngskin.no\" \/>\n<meta property=\"og:description\" content=\"V\u00e4rmande och skulpterande gel, med aktiv koncentration av moderna och innovativa ingredienser , liknar ultraljud: PHYTOSONIC \u2122 \u00e4r ett komplex av aktiva ingredienser, baserat p\u00e5 v\u00e4xter. PHYTOSONIC \u2122 s\u00f6nderdelar selektivt hypertrofa adipocyter utan att totalf\u00f6rst\u00f6ra dem. P\u00e5 s\u00e5 s\u00e4tt fungerar det som ultraljudseffekten. PHYTOSONIC \u2122 -egenskaperna m\u00f6jligg\u00f6r en bantningseffekt , inte bara i cellul\u00e4rt men&hellip;\" \/>\n<meta property=\"og:url\" content=\"https:\/\/youngskin.no\/sv\/produkter\/4d-modeling-and-ultrasonic-gel\/\" \/>\n<meta property=\"og:site_name\" content=\"youngskin.no\" \/>\n<meta property=\"article:publisher\" content=\"https:\/\/www.facebook.com\/onegennorge\/\" \/>\n<meta property=\"article:modified_time\" content=\"2019-08-18T07:20:31+00:00\" \/>\n<meta property=\"og:image\" content=\"https:\/\/youngskin.no\/wp-content\/uploads\/4d-modelling-1.jpg\" \/>\n\t<meta property=\"og:image:width\" content=\"567\" \/>\n\t<meta property=\"og:image:height\" content=\"567\" \/>\n\t<meta property=\"og:image:type\" content=\"image\/jpeg\" \/>\n<meta name=\"twitter:card\" content=\"summary_large_image\" \/>\n<meta name=\"twitter:label1\" content=\"Ber\u00e4knad l\u00e4stid\" \/>\n\t<meta name=\"twitter:data1\" content=\"1 minut\" \/>\n<script type=\"application\/ld+json\" class=\"yoast-schema-graph\">{\"@context\":\"https:\\\/\\\/schema.org\",\"@graph\":[{\"@type\":\"WebPage\",\"@id\":\"https:\\\/\\\/youngskin.no\\\/sv\\\/produkter\\\/4d-modeling-and-ultrasonic-gel\\\/\",\"url\":\"https:\\\/\\\/youngskin.no\\\/sv\\\/produkter\\\/4d-modeling-and-ultrasonic-gel\\\/\",\"name\":\"4D Modeling and Ultrasonic gel - youngskin.no\",\"isPartOf\":{\"@id\":\"https:\\\/\\\/youngskin.no\\\/#website\"},\"primaryImageOfPage\":{\"@id\":\"https:\\\/\\\/youngskin.no\\\/sv\\\/produkter\\\/4d-modeling-and-ultrasonic-gel\\\/#primaryimage\"},\"image\":{\"@id\":\"https:\\\/\\\/youngskin.no\\\/sv\\\/produkter\\\/4d-modeling-and-ultrasonic-gel\\\/#primaryimage\"},\"thumbnailUrl\":\"https:\\\/\\\/youngskin.no\\\/wp-content\\\/uploads\\\/4d-modelling-1.jpg\",\"datePublished\":\"2019-05-25T17:11:01+00:00\",\"dateModified\":\"2019-08-18T07:20:31+00:00\",\"breadcrumb\":{\"@id\":\"https:\\\/\\\/youngskin.no\\\/sv\\\/produkter\\\/4d-modeling-and-ultrasonic-gel\\\/#breadcrumb\"},\"inLanguage\":\"sv-SE\",\"potentialAction\":[{\"@type\":\"ReadAction\",\"target\":[\"https:\\\/\\\/youngskin.no\\\/sv\\\/produkter\\\/4d-modeling-and-ultrasonic-gel\\\/\"]}]},{\"@type\":\"ImageObject\",\"inLanguage\":\"sv-SE\",\"@id\":\"https:\\\/\\\/youngskin.no\\\/sv\\\/produkter\\\/4d-modeling-and-ultrasonic-gel\\\/#primaryimage\",\"url\":\"https:\\\/\\\/youngskin.no\\\/wp-content\\\/uploads\\\/4d-modelling-1.jpg\",\"contentUrl\":\"https:\\\/\\\/youngskin.no\\\/wp-content\\\/uploads\\\/4d-modelling-1.jpg\",\"width\":567,\"height\":567},{\"@type\":\"BreadcrumbList\",\"@id\":\"https:\\\/\\\/youngskin.no\\\/sv\\\/produkter\\\/4d-modeling-and-ultrasonic-gel\\\/#breadcrumb\",\"itemListElement\":[{\"@type\":\"ListItem\",\"position\":1,\"name\":\"Hjem\",\"item\":\"https:\\\/\\\/youngskin.no\\\/sv\\\/\"},{\"@type\":\"ListItem\",\"position\":2,\"name\":\"Butikk\",\"item\":\"https:\\\/\\\/youngskin.no\\\/butikk\\\/\"},{\"@type\":\"ListItem\",\"position\":3,\"name\":\"4D Modeling and Ultrasonic gel\"}]},{\"@type\":\"WebSite\",\"@id\":\"https:\\\/\\\/youngskin.no\\\/#website\",\"url\":\"https:\\\/\\\/youngskin.no\\\/\",\"name\":\"youngskin.no\",\"description\":\"youngskin.no\",\"potentialAction\":[{\"@type\":\"SearchAction\",\"target\":{\"@type\":\"EntryPoint\",\"urlTemplate\":\"https:\\\/\\\/youngskin.no\\\/?s={search_term_string}\"},\"query-input\":{\"@type\":\"PropertyValueSpecification\",\"valueRequired\":true,\"valueName\":\"search_term_string\"}}],\"inLanguage\":\"sv-SE\"}]}<\/script>\n<!-- \/ Yoast SEO plugin. -->","yoast_head_json":{"title":"4D Modeling and Ultrasonic gel - youngskin.no","robots":{"index":"index","follow":"follow","max-snippet":"max-snippet:-1","max-image-preview":"max-image-preview:large","max-video-preview":"max-video-preview:-1"},"canonical":"https:\/\/youngskin.no\/sv\/produkter\/4d-modeling-and-ultrasonic-gel\/","og_locale":"sv_SE","og_type":"article","og_title":"4D Modeling and Ultrasonic gel - youngskin.no","og_description":"V\u00e4rmande och skulpterande gel, med aktiv koncentration av moderna och innovativa ingredienser , liknar ultraljud: PHYTOSONIC \u2122 \u00e4r ett komplex av aktiva ingredienser, baserat p\u00e5 v\u00e4xter. PHYTOSONIC \u2122 s\u00f6nderdelar selektivt hypertrofa adipocyter utan att totalf\u00f6rst\u00f6ra dem. P\u00e5 s\u00e5 s\u00e4tt fungerar det som ultraljudseffekten. PHYTOSONIC \u2122 -egenskaperna m\u00f6jligg\u00f6r en bantningseffekt , inte bara i cellul\u00e4rt men&hellip;","og_url":"https:\/\/youngskin.no\/sv\/produkter\/4d-modeling-and-ultrasonic-gel\/","og_site_name":"youngskin.no","article_publisher":"https:\/\/www.facebook.com\/onegennorge\/","article_modified_time":"2019-08-18T07:20:31+00:00","og_image":[{"width":567,"height":567,"url":"https:\/\/youngskin.no\/wp-content\/uploads\/4d-modelling-1.jpg","type":"image\/jpeg"}],"twitter_card":"summary_large_image","twitter_misc":{"Ber\u00e4knad l\u00e4stid":"1 minut"},"schema":{"@context":"https:\/\/schema.org","@graph":[{"@type":"WebPage","@id":"https:\/\/youngskin.no\/sv\/produkter\/4d-modeling-and-ultrasonic-gel\/","url":"https:\/\/youngskin.no\/sv\/produkter\/4d-modeling-and-ultrasonic-gel\/","name":"4D Modeling and Ultrasonic gel - youngskin.no","isPartOf":{"@id":"https:\/\/youngskin.no\/#website"},"primaryImageOfPage":{"@id":"https:\/\/youngskin.no\/sv\/produkter\/4d-modeling-and-ultrasonic-gel\/#primaryimage"},"image":{"@id":"https:\/\/youngskin.no\/sv\/produkter\/4d-modeling-and-ultrasonic-gel\/#primaryimage"},"thumbnailUrl":"https:\/\/youngskin.no\/wp-content\/uploads\/4d-modelling-1.jpg","datePublished":"2019-05-25T17:11:01+00:00","dateModified":"2019-08-18T07:20:31+00:00","breadcrumb":{"@id":"https:\/\/youngskin.no\/sv\/produkter\/4d-modeling-and-ultrasonic-gel\/#breadcrumb"},"inLanguage":"sv-SE","potentialAction":[{"@type":"ReadAction","target":["https:\/\/youngskin.no\/sv\/produkter\/4d-modeling-and-ultrasonic-gel\/"]}]},{"@type":"ImageObject","inLanguage":"sv-SE","@id":"https:\/\/youngskin.no\/sv\/produkter\/4d-modeling-and-ultrasonic-gel\/#primaryimage","url":"https:\/\/youngskin.no\/wp-content\/uploads\/4d-modelling-1.jpg","contentUrl":"https:\/\/youngskin.no\/wp-content\/uploads\/4d-modelling-1.jpg","width":567,"height":567},{"@type":"BreadcrumbList","@id":"https:\/\/youngskin.no\/sv\/produkter\/4d-modeling-and-ultrasonic-gel\/#breadcrumb","itemListElement":[{"@type":"ListItem","position":1,"name":"Hjem","item":"https:\/\/youngskin.no\/sv\/"},{"@type":"ListItem","position":2,"name":"Butikk","item":"https:\/\/youngskin.no\/butikk\/"},{"@type":"ListItem","position":3,"name":"4D Modeling and Ultrasonic gel"}]},{"@type":"WebSite","@id":"https:\/\/youngskin.no\/#website","url":"https:\/\/youngskin.no\/","name":"youngskin.no","description":"youngskin.no","potentialAction":[{"@type":"SearchAction","target":{"@type":"EntryPoint","urlTemplate":"https:\/\/youngskin.no\/?s={search_term_string}"},"query-input":{"@type":"PropertyValueSpecification","valueRequired":true,"valueName":"search_term_string"}}],"inLanguage":"sv-SE"}]}},"_links":{"self":[{"href":"https:\/\/youngskin.no\/sv\/wp-json\/wp\/v2\/product\/3339","targetHints":{"allow":["GET"]}}],"collection":[{"href":"https:\/\/youngskin.no\/sv\/wp-json\/wp\/v2\/product"}],"about":[{"href":"https:\/\/youngskin.no\/sv\/wp-json\/wp\/v2\/types\/product"}],"replies":[{"embeddable":true,"href":"https:\/\/youngskin.no\/sv\/wp-json\/wp\/v2\/comments?post=3339"}],"wp:featuredmedia":[{"embeddable":true,"href":"https:\/\/youngskin.no\/sv\/wp-json\/wp\/v2\/media\/3343"}],"wp:attachment":[{"href":"https:\/\/youngskin.no\/sv\/wp-json\/wp\/v2\/media?parent=3339"}],"wp:term":[{"taxonomy":"product_brand","embeddable":true,"href":"https:\/\/youngskin.no\/sv\/wp-json\/wp\/v2\/product_brand?post=3339"},{"taxonomy":"product_cat","embeddable":true,"href":"https:\/\/youngskin.no\/sv\/wp-json\/wp\/v2\/product_cat?post=3339"},{"taxonomy":"product_tag","embeddable":true,"href":"https:\/\/youngskin.no\/sv\/wp-json\/wp\/v2\/product_tag?post=3339"}],"curies":[{"name":"wp","href":"https:\/\/api.w.org\/{rel}","templated":true}]}}