{"id":3391,"date":"2018-09-11T14:59:59","date_gmt":"2017-05-11T12:59:59","guid":{"rendered":"https:\/\/youngskin.no\/produkter\/1858\/"},"modified":"2019-09-01T20:40:07","modified_gmt":"2019-09-01T18:40:07","slug":"1858","status":"publish","type":"product","link":"https:\/\/youngskin.no\/sv\/produkter\/1858\/","title":{"rendered":"Fedor skincare soap Yellow Edition"},"content":{"rendered":"<p><span lang=\"sv\" tabindex=\"0\"><span class=\"oneComWebmail-font\">Fedor hudv\u00e5rdstv\u00e5l Yellow Edition \u00e4r gjord f\u00f6r normal till torr hud. Denna exklusiva, handgjorda produkt har en reng\u00f6rande, exfolierande, fuktgivande, n\u00e4rande, mjukg\u00f6rande, antiinflammatorisk, antioxidant, avgiftande och lugnande effekt f\u00f6r en friskare och f\u00f6rnyad hud.<\/span><\/span><\/p>\n<p><span lang=\"sv\" tabindex=\"0\"><span class=\"oneComWebmail-font\">Ingredienser: Getmj\u00f6lk, Cocos Nucifera (Coconut) Olja (OrganicNirgin), Olea Europaea (Olive) Fruktolja (Virgin), Elaeis Guineensis (Palm) Olja (Organisk), Ricinus (Castor) Fr\u00f6olja samt: Rosemary officinalis &#8211; Har en antiinflammatorisk effekt, immunf\u00f6rst\u00e4rkare och antibakteriella effekter.<br \/>\nZeolit -Seolite \u00e4r en speciell lera som anv\u00e4nds f\u00f6r att avgifta och deodorisera. Zeoliter \u00e4r mikropor\u00f6sa mineraler som bildas n\u00e4r vulkaniska stenar och aska reagerar med alkaliskt grundvatten. Det har ocks\u00e5 mycket l\u00e4tta exfolierande egenskaper.<br \/>\nCalendula Qfficinalis &#8211; Det anv\u00e4nds ofta f\u00f6r torr eller skadad hud. Det har naturligt \u00e5terst\u00e4llande egenskaper som ger<br \/>\nhud en ungdomlig gl\u00f6d. Det anv\u00e4nds ocks\u00e5 f\u00f6r att skydda huden fr\u00e5n f\u00f6r tidigt \u00e5ldrande och uttunnande av huden.<br \/>\nCalendula kan hj\u00e4lpa till att lindra kontaktdermatit orsakad av milj\u00f6faktorer.<br \/>\nCurcuma Longa rotpulver &#8211; Inneh\u00e5ller bioaktiva komponenter med kraftiga medicinska egenskaper. Den har en naturlig antiinflammatorisk ingrediens som ocks\u00e5 hj\u00e4lper till att sakta ner \u00e5ldringsprocessen.<br \/>\nCinnamomum CTassia (Cinnainon) &#8211; Kanel har mycket av ett \u00e4mne som har medicinska egenskaper. Den \u00e4r full av antioxidanter och har antiinflammatoriska effekter. Det \u00e4r\u00a0\u00a0\u00a0 ocks\u00e5 antibakteriellt och bek\u00e4mpar svampinfektioner.<br \/>\n<\/span><\/span><\/p>\n<p>&nbsp;<\/p>\n","protected":false},"excerpt":{"rendered":"<p>Fedor hudv\u00e5rdstv\u00e5l Yellow Edition \u00e4r gjord f\u00f6r normal till torr hud. Denna exklusiva, handgjorda produkt har en reng\u00f6rande, exfolierande, fuktgivande, n\u00e4rande, mjukg\u00f6rande, antiinflammatorisk, antioxidant, avgiftande och lugnande effekt f\u00f6r en friskare och f\u00f6rnyad hud. Ingredienser: Getmj\u00f6lk, Cocos Nucifera (Coconut) Olja (OrganicNirgin), Olea Europaea (Olive) Fruktolja (Virgin), Elaeis Guineensis (Palm) Olja (Organisk), Ricinus (Castor) Fr\u00f6olja samt:&hellip;<\/p>\n","protected":false},"featured_media":3396,"comment_status":"closed","ping_status":"closed","template":"","meta":[],"product_brand":[],"product_cat":[121],"product_tag":[129],"class_list":{"0":"post-3391","1":"product","2":"type-product","3":"status-publish","4":"has-post-thumbnail","6":"product_cat-hjemmeprodukter-sv","7":"product_tag-skincare-soaps-sv","8":"description-off","10":"first","11":"instock","12":"shipping-taxable","13":"purchasable","14":"product-type-simple"},"yoast_head":"<!-- This site is optimized with the Yoast SEO plugin v27.4 - https:\/\/yoast.com\/product\/yoast-seo-wordpress\/ -->\n<title>Fedor skincare soap Yellow Edition - youngskin.no<\/title>\n<meta name=\"robots\" content=\"index, follow, max-snippet:-1, max-image-preview:large, max-video-preview:-1\" \/>\n<link rel=\"canonical\" href=\"https:\/\/youngskin.no\/sv\/produkter\/1858\/\" \/>\n<meta property=\"og:locale\" content=\"sv_SE\" \/>\n<meta property=\"og:type\" content=\"article\" \/>\n<meta property=\"og:title\" content=\"Fedor skincare soap Yellow Edition - youngskin.no\" \/>\n<meta property=\"og:description\" content=\"Fedor hudv\u00e5rdstv\u00e5l Yellow Edition \u00e4r gjord f\u00f6r normal till torr hud. Denna exklusiva, handgjorda produkt har en reng\u00f6rande, exfolierande, fuktgivande, n\u00e4rande, mjukg\u00f6rande, antiinflammatorisk, antioxidant, avgiftande och lugnande effekt f\u00f6r en friskare och f\u00f6rnyad hud. Ingredienser: Getmj\u00f6lk, Cocos Nucifera (Coconut) Olja (OrganicNirgin), Olea Europaea (Olive) Fruktolja (Virgin), Elaeis Guineensis (Palm) Olja (Organisk), Ricinus (Castor) Fr\u00f6olja samt:&hellip;\" \/>\n<meta property=\"og:url\" content=\"https:\/\/youngskin.no\/sv\/produkter\/1858\/\" \/>\n<meta property=\"og:site_name\" content=\"youngskin.no\" \/>\n<meta property=\"article:publisher\" content=\"https:\/\/www.facebook.com\/onegennorge\/\" \/>\n<meta property=\"article:modified_time\" content=\"2019-09-01T18:40:07+00:00\" \/>\n<meta property=\"og:image\" content=\"https:\/\/youngskin.no\/wp-content\/uploads\/1-9.jpg\" \/>\n\t<meta property=\"og:image:width\" content=\"567\" \/>\n\t<meta property=\"og:image:height\" content=\"567\" \/>\n\t<meta property=\"og:image:type\" content=\"image\/jpeg\" \/>\n<meta name=\"twitter:card\" content=\"summary_large_image\" \/>\n<meta name=\"twitter:label1\" content=\"Ber\u00e4knad l\u00e4stid\" \/>\n\t<meta name=\"twitter:data1\" content=\"1 minut\" \/>\n<script type=\"application\/ld+json\" class=\"yoast-schema-graph\">{\"@context\":\"https:\\\/\\\/schema.org\",\"@graph\":[{\"@type\":\"WebPage\",\"@id\":\"https:\\\/\\\/youngskin.no\\\/sv\\\/produkter\\\/1858\\\/\",\"url\":\"https:\\\/\\\/youngskin.no\\\/sv\\\/produkter\\\/1858\\\/\",\"name\":\"Fedor skincare soap Yellow Edition - youngskin.no\",\"isPartOf\":{\"@id\":\"https:\\\/\\\/youngskin.no\\\/#website\"},\"primaryImageOfPage\":{\"@id\":\"https:\\\/\\\/youngskin.no\\\/sv\\\/produkter\\\/1858\\\/#primaryimage\"},\"image\":{\"@id\":\"https:\\\/\\\/youngskin.no\\\/sv\\\/produkter\\\/1858\\\/#primaryimage\"},\"thumbnailUrl\":\"https:\\\/\\\/youngskin.no\\\/wp-content\\\/uploads\\\/1-9.jpg\",\"datePublished\":\"2017-05-11T12:59:59+00:00\",\"dateModified\":\"2019-09-01T18:40:07+00:00\",\"breadcrumb\":{\"@id\":\"https:\\\/\\\/youngskin.no\\\/sv\\\/produkter\\\/1858\\\/#breadcrumb\"},\"inLanguage\":\"sv-SE\",\"potentialAction\":[{\"@type\":\"ReadAction\",\"target\":[\"https:\\\/\\\/youngskin.no\\\/sv\\\/produkter\\\/1858\\\/\"]}]},{\"@type\":\"ImageObject\",\"inLanguage\":\"sv-SE\",\"@id\":\"https:\\\/\\\/youngskin.no\\\/sv\\\/produkter\\\/1858\\\/#primaryimage\",\"url\":\"https:\\\/\\\/youngskin.no\\\/wp-content\\\/uploads\\\/1-9.jpg\",\"contentUrl\":\"https:\\\/\\\/youngskin.no\\\/wp-content\\\/uploads\\\/1-9.jpg\",\"width\":567,\"height\":567},{\"@type\":\"BreadcrumbList\",\"@id\":\"https:\\\/\\\/youngskin.no\\\/sv\\\/produkter\\\/1858\\\/#breadcrumb\",\"itemListElement\":[{\"@type\":\"ListItem\",\"position\":1,\"name\":\"Hjem\",\"item\":\"https:\\\/\\\/youngskin.no\\\/sv\\\/\"},{\"@type\":\"ListItem\",\"position\":2,\"name\":\"Butikk\",\"item\":\"https:\\\/\\\/youngskin.no\\\/butikk\\\/\"},{\"@type\":\"ListItem\",\"position\":3,\"name\":\"Fedor skincare soap Yellow Edition\"}]},{\"@type\":\"WebSite\",\"@id\":\"https:\\\/\\\/youngskin.no\\\/#website\",\"url\":\"https:\\\/\\\/youngskin.no\\\/\",\"name\":\"youngskin.no\",\"description\":\"youngskin.no\",\"potentialAction\":[{\"@type\":\"SearchAction\",\"target\":{\"@type\":\"EntryPoint\",\"urlTemplate\":\"https:\\\/\\\/youngskin.no\\\/?s={search_term_string}\"},\"query-input\":{\"@type\":\"PropertyValueSpecification\",\"valueRequired\":true,\"valueName\":\"search_term_string\"}}],\"inLanguage\":\"sv-SE\"}]}<\/script>\n<!-- \/ Yoast SEO plugin. -->","yoast_head_json":{"title":"Fedor skincare soap Yellow Edition - youngskin.no","robots":{"index":"index","follow":"follow","max-snippet":"max-snippet:-1","max-image-preview":"max-image-preview:large","max-video-preview":"max-video-preview:-1"},"canonical":"https:\/\/youngskin.no\/sv\/produkter\/1858\/","og_locale":"sv_SE","og_type":"article","og_title":"Fedor skincare soap Yellow Edition - youngskin.no","og_description":"Fedor hudv\u00e5rdstv\u00e5l Yellow Edition \u00e4r gjord f\u00f6r normal till torr hud. Denna exklusiva, handgjorda produkt har en reng\u00f6rande, exfolierande, fuktgivande, n\u00e4rande, mjukg\u00f6rande, antiinflammatorisk, antioxidant, avgiftande och lugnande effekt f\u00f6r en friskare och f\u00f6rnyad hud. Ingredienser: Getmj\u00f6lk, Cocos Nucifera (Coconut) Olja (OrganicNirgin), Olea Europaea (Olive) Fruktolja (Virgin), Elaeis Guineensis (Palm) Olja (Organisk), Ricinus (Castor) Fr\u00f6olja samt:&hellip;","og_url":"https:\/\/youngskin.no\/sv\/produkter\/1858\/","og_site_name":"youngskin.no","article_publisher":"https:\/\/www.facebook.com\/onegennorge\/","article_modified_time":"2019-09-01T18:40:07+00:00","og_image":[{"width":567,"height":567,"url":"https:\/\/youngskin.no\/wp-content\/uploads\/1-9.jpg","type":"image\/jpeg"}],"twitter_card":"summary_large_image","twitter_misc":{"Ber\u00e4knad l\u00e4stid":"1 minut"},"schema":{"@context":"https:\/\/schema.org","@graph":[{"@type":"WebPage","@id":"https:\/\/youngskin.no\/sv\/produkter\/1858\/","url":"https:\/\/youngskin.no\/sv\/produkter\/1858\/","name":"Fedor skincare soap Yellow Edition - youngskin.no","isPartOf":{"@id":"https:\/\/youngskin.no\/#website"},"primaryImageOfPage":{"@id":"https:\/\/youngskin.no\/sv\/produkter\/1858\/#primaryimage"},"image":{"@id":"https:\/\/youngskin.no\/sv\/produkter\/1858\/#primaryimage"},"thumbnailUrl":"https:\/\/youngskin.no\/wp-content\/uploads\/1-9.jpg","datePublished":"2017-05-11T12:59:59+00:00","dateModified":"2019-09-01T18:40:07+00:00","breadcrumb":{"@id":"https:\/\/youngskin.no\/sv\/produkter\/1858\/#breadcrumb"},"inLanguage":"sv-SE","potentialAction":[{"@type":"ReadAction","target":["https:\/\/youngskin.no\/sv\/produkter\/1858\/"]}]},{"@type":"ImageObject","inLanguage":"sv-SE","@id":"https:\/\/youngskin.no\/sv\/produkter\/1858\/#primaryimage","url":"https:\/\/youngskin.no\/wp-content\/uploads\/1-9.jpg","contentUrl":"https:\/\/youngskin.no\/wp-content\/uploads\/1-9.jpg","width":567,"height":567},{"@type":"BreadcrumbList","@id":"https:\/\/youngskin.no\/sv\/produkter\/1858\/#breadcrumb","itemListElement":[{"@type":"ListItem","position":1,"name":"Hjem","item":"https:\/\/youngskin.no\/sv\/"},{"@type":"ListItem","position":2,"name":"Butikk","item":"https:\/\/youngskin.no\/butikk\/"},{"@type":"ListItem","position":3,"name":"Fedor skincare soap Yellow Edition"}]},{"@type":"WebSite","@id":"https:\/\/youngskin.no\/#website","url":"https:\/\/youngskin.no\/","name":"youngskin.no","description":"youngskin.no","potentialAction":[{"@type":"SearchAction","target":{"@type":"EntryPoint","urlTemplate":"https:\/\/youngskin.no\/?s={search_term_string}"},"query-input":{"@type":"PropertyValueSpecification","valueRequired":true,"valueName":"search_term_string"}}],"inLanguage":"sv-SE"}]}},"_links":{"self":[{"href":"https:\/\/youngskin.no\/sv\/wp-json\/wp\/v2\/product\/3391","targetHints":{"allow":["GET"]}}],"collection":[{"href":"https:\/\/youngskin.no\/sv\/wp-json\/wp\/v2\/product"}],"about":[{"href":"https:\/\/youngskin.no\/sv\/wp-json\/wp\/v2\/types\/product"}],"replies":[{"embeddable":true,"href":"https:\/\/youngskin.no\/sv\/wp-json\/wp\/v2\/comments?post=3391"}],"wp:featuredmedia":[{"embeddable":true,"href":"https:\/\/youngskin.no\/sv\/wp-json\/wp\/v2\/media\/3396"}],"wp:attachment":[{"href":"https:\/\/youngskin.no\/sv\/wp-json\/wp\/v2\/media?parent=3391"}],"wp:term":[{"taxonomy":"product_brand","embeddable":true,"href":"https:\/\/youngskin.no\/sv\/wp-json\/wp\/v2\/product_brand?post=3391"},{"taxonomy":"product_cat","embeddable":true,"href":"https:\/\/youngskin.no\/sv\/wp-json\/wp\/v2\/product_cat?post=3391"},{"taxonomy":"product_tag","embeddable":true,"href":"https:\/\/youngskin.no\/sv\/wp-json\/wp\/v2\/product_tag?post=3391"}],"curies":[{"name":"wp","href":"https:\/\/api.w.org\/{rel}","templated":true}]}}