{"id":3397,"date":"2018-09-11T15:11:46","date_gmt":"2017-05-11T13:11:46","guid":{"rendered":"https:\/\/youngskin.no\/produkter\/fedor-skincare-soaps-black-edition\/"},"modified":"2019-09-01T20:41:06","modified_gmt":"2019-09-01T18:41:06","slug":"fedor-skincare-soaps-black-edition","status":"publish","type":"product","link":"https:\/\/youngskin.no\/sv\/produkter\/fedor-skincare-soaps-black-edition\/","title":{"rendered":"Fedor skincare soap Black Edition"},"content":{"rendered":"<p><span style=\"display: inline !important; float: none; background-color: transparent; color: #212121; font-family: 'Open Sans',helvetica,arial,sans-serif,sans-serif; font-size: 16px; font-style: normal; font-variant: normal; font-weight: 400; letter-spacing: normal; orphans: 2; text-align: left; text-decoration: none; text-indent: 0px; text-transform: none; -webkit-text-stroke-width: 0px; white-space: pre-wrap; word-spacing: 0px;\">Fedor hudv\u00e5rdstv\u00e5l Black Edition \u00e4r gjord f\u00f6r fet hud. Denna exklusiva, handgjorda produkt har djupreng\u00f6rande, avgiftande, exfolierande, antibakteriell, \u00e5terfuktande, antiinflammatorisk, antioxidant och lugnande effekter f\u00f6r en tydligt fr\u00e4schare hud.<\/p>\n<p>Ingredienser: Getmj\u00f6lk, Cocos Nucifera (Coconut) Olja (OrganicNirgin), Olea Europaea (Olive) Fruktolja (Virgin), Veleiis Guineensis (Palm) Olja (Organisk), Ricinus (Castor) Fr\u00f6olja samt:<\/p>\n<p>Zeolit -Seolite \u00e4r en speciell lera som anv\u00e4nds f\u00f6r att avgifta och deodorisera. Zeoliter \u00e4r mikropor\u00f6sa mineraler som bildas n\u00e4r vulkaniska stenar och aska reagerar med alkaliskt grundvatten. Det har ocks\u00e5 mycket l\u00e4tta exfolierande egenskaper.<br \/>\nCalendula Qfficinalis &#8211; Det anv\u00e4nds ofta f\u00f6r torr eller skadad hud. Det har naturligt \u00e5terst\u00e4llande egenskaper som ger<br \/>\nhuden ungdomlig gl\u00f6d. Det anv\u00e4nds ocks\u00e5 f\u00f6r att skydda huden fr\u00e5n f\u00f6r tidigt \u00e5ldrande och f\u00f6rtunnande av huden.<br \/>\nCalendula kan hj\u00e4lpa till att lindra kontaktdermatit orsakad av milj\u00f6faktorer.<br \/>\nAktivt kol &#8211; Avl\u00e4gsnar toxiner, kan bidra till att minska f\u00f6rekomsten av akne och andra f\u00f6roreningar i huden. Antibakteriell och drar bakterier, toxiner, kemikalier, smuts och andra mikropartiklar upp till hudytan. Hj\u00e4lper till att uppn\u00e5 felfri hud och bek\u00e4mpa akne. Kol absorberas inte av kroppen.<\/p>\n<p>Black Seed (Nigella Sativa): Det hj\u00e4lper med att lugna inflammation och l\u00e4ker din hud. Det \u00e4r ocks\u00e5 bra f\u00f6r att bek\u00e4mpa svampinfektioner. Rik p\u00e5 goda syror, proteiner och vitaminer B1, B2, B3, kalcium, folat, j\u00e4rn, koppar, zink och fosfor.<\/p>\n<p><\/span><\/p>\n","protected":false},"excerpt":{"rendered":"<p>Fedor hudv\u00e5rdstv\u00e5l Black Edition \u00e4r gjord f\u00f6r fet hud. Denna exklusiva, handgjorda produkt har djupreng\u00f6rande, avgiftande, exfolierande, antibakteriell, \u00e5terfuktande, antiinflammatorisk, antioxidant och lugnande effekter f\u00f6r en tydligt fr\u00e4schare hud. Ingredienser: Getmj\u00f6lk, Cocos Nucifera (Coconut) Olja (OrganicNirgin), Olea Europaea (Olive) Fruktolja (Virgin), Veleiis Guineensis (Palm) Olja (Organisk), Ricinus (Castor) Fr\u00f6olja samt: Zeolit -Seolite \u00e4r en speciell&hellip;<\/p>\n","protected":false},"featured_media":3401,"comment_status":"closed","ping_status":"closed","template":"","meta":[],"product_brand":[],"product_cat":[121],"product_tag":[129],"class_list":{"0":"post-3397","1":"product","2":"type-product","3":"status-publish","4":"has-post-thumbnail","6":"product_cat-hjemmeprodukter-sv","7":"product_tag-skincare-soaps-sv","8":"description-off","10":"first","11":"instock","12":"shipping-taxable","13":"purchasable","14":"product-type-simple"},"yoast_head":"<!-- This site is optimized with the Yoast SEO plugin v27.4 - https:\/\/yoast.com\/product\/yoast-seo-wordpress\/ -->\n<title>Fedor skincare soap Black Edition - youngskin.no<\/title>\n<meta name=\"robots\" content=\"index, follow, max-snippet:-1, max-image-preview:large, max-video-preview:-1\" \/>\n<link rel=\"canonical\" href=\"https:\/\/youngskin.no\/sv\/produkter\/fedor-skincare-soaps-black-edition\/\" \/>\n<meta property=\"og:locale\" content=\"sv_SE\" \/>\n<meta property=\"og:type\" content=\"article\" \/>\n<meta property=\"og:title\" content=\"Fedor skincare soap Black Edition - youngskin.no\" \/>\n<meta property=\"og:description\" content=\"Fedor hudv\u00e5rdstv\u00e5l Black Edition \u00e4r gjord f\u00f6r fet hud. Denna exklusiva, handgjorda produkt har djupreng\u00f6rande, avgiftande, exfolierande, antibakteriell, \u00e5terfuktande, antiinflammatorisk, antioxidant och lugnande effekter f\u00f6r en tydligt fr\u00e4schare hud. Ingredienser: Getmj\u00f6lk, Cocos Nucifera (Coconut) Olja (OrganicNirgin), Olea Europaea (Olive) Fruktolja (Virgin), Veleiis Guineensis (Palm) Olja (Organisk), Ricinus (Castor) Fr\u00f6olja samt: Zeolit -Seolite \u00e4r en speciell&hellip;\" \/>\n<meta property=\"og:url\" content=\"https:\/\/youngskin.no\/sv\/produkter\/fedor-skincare-soaps-black-edition\/\" \/>\n<meta property=\"og:site_name\" content=\"youngskin.no\" \/>\n<meta property=\"article:publisher\" content=\"https:\/\/www.facebook.com\/onegennorge\/\" \/>\n<meta property=\"article:modified_time\" content=\"2019-09-01T18:41:06+00:00\" \/>\n<meta property=\"og:image\" content=\"https:\/\/youngskin.no\/wp-content\/uploads\/1-8.jpg\" \/>\n\t<meta property=\"og:image:width\" content=\"567\" \/>\n\t<meta property=\"og:image:height\" content=\"567\" \/>\n\t<meta property=\"og:image:type\" content=\"image\/jpeg\" \/>\n<meta name=\"twitter:card\" content=\"summary_large_image\" \/>\n<meta name=\"twitter:label1\" content=\"Ber\u00e4knad l\u00e4stid\" \/>\n\t<meta name=\"twitter:data1\" content=\"1 minut\" \/>\n<script type=\"application\/ld+json\" class=\"yoast-schema-graph\">{\"@context\":\"https:\\\/\\\/schema.org\",\"@graph\":[{\"@type\":\"WebPage\",\"@id\":\"https:\\\/\\\/youngskin.no\\\/sv\\\/produkter\\\/fedor-skincare-soaps-black-edition\\\/\",\"url\":\"https:\\\/\\\/youngskin.no\\\/sv\\\/produkter\\\/fedor-skincare-soaps-black-edition\\\/\",\"name\":\"Fedor skincare soap Black Edition - youngskin.no\",\"isPartOf\":{\"@id\":\"https:\\\/\\\/youngskin.no\\\/#website\"},\"primaryImageOfPage\":{\"@id\":\"https:\\\/\\\/youngskin.no\\\/sv\\\/produkter\\\/fedor-skincare-soaps-black-edition\\\/#primaryimage\"},\"image\":{\"@id\":\"https:\\\/\\\/youngskin.no\\\/sv\\\/produkter\\\/fedor-skincare-soaps-black-edition\\\/#primaryimage\"},\"thumbnailUrl\":\"https:\\\/\\\/youngskin.no\\\/wp-content\\\/uploads\\\/1-8.jpg\",\"datePublished\":\"2017-05-11T13:11:46+00:00\",\"dateModified\":\"2019-09-01T18:41:06+00:00\",\"breadcrumb\":{\"@id\":\"https:\\\/\\\/youngskin.no\\\/sv\\\/produkter\\\/fedor-skincare-soaps-black-edition\\\/#breadcrumb\"},\"inLanguage\":\"sv-SE\",\"potentialAction\":[{\"@type\":\"ReadAction\",\"target\":[\"https:\\\/\\\/youngskin.no\\\/sv\\\/produkter\\\/fedor-skincare-soaps-black-edition\\\/\"]}]},{\"@type\":\"ImageObject\",\"inLanguage\":\"sv-SE\",\"@id\":\"https:\\\/\\\/youngskin.no\\\/sv\\\/produkter\\\/fedor-skincare-soaps-black-edition\\\/#primaryimage\",\"url\":\"https:\\\/\\\/youngskin.no\\\/wp-content\\\/uploads\\\/1-8.jpg\",\"contentUrl\":\"https:\\\/\\\/youngskin.no\\\/wp-content\\\/uploads\\\/1-8.jpg\",\"width\":567,\"height\":567},{\"@type\":\"BreadcrumbList\",\"@id\":\"https:\\\/\\\/youngskin.no\\\/sv\\\/produkter\\\/fedor-skincare-soaps-black-edition\\\/#breadcrumb\",\"itemListElement\":[{\"@type\":\"ListItem\",\"position\":1,\"name\":\"Hjem\",\"item\":\"https:\\\/\\\/youngskin.no\\\/sv\\\/\"},{\"@type\":\"ListItem\",\"position\":2,\"name\":\"Butikk\",\"item\":\"https:\\\/\\\/youngskin.no\\\/butikk\\\/\"},{\"@type\":\"ListItem\",\"position\":3,\"name\":\"Fedor skincare soap Black Edition\"}]},{\"@type\":\"WebSite\",\"@id\":\"https:\\\/\\\/youngskin.no\\\/#website\",\"url\":\"https:\\\/\\\/youngskin.no\\\/\",\"name\":\"youngskin.no\",\"description\":\"youngskin.no\",\"potentialAction\":[{\"@type\":\"SearchAction\",\"target\":{\"@type\":\"EntryPoint\",\"urlTemplate\":\"https:\\\/\\\/youngskin.no\\\/?s={search_term_string}\"},\"query-input\":{\"@type\":\"PropertyValueSpecification\",\"valueRequired\":true,\"valueName\":\"search_term_string\"}}],\"inLanguage\":\"sv-SE\"}]}<\/script>\n<!-- \/ Yoast SEO plugin. -->","yoast_head_json":{"title":"Fedor skincare soap Black Edition - youngskin.no","robots":{"index":"index","follow":"follow","max-snippet":"max-snippet:-1","max-image-preview":"max-image-preview:large","max-video-preview":"max-video-preview:-1"},"canonical":"https:\/\/youngskin.no\/sv\/produkter\/fedor-skincare-soaps-black-edition\/","og_locale":"sv_SE","og_type":"article","og_title":"Fedor skincare soap Black Edition - youngskin.no","og_description":"Fedor hudv\u00e5rdstv\u00e5l Black Edition \u00e4r gjord f\u00f6r fet hud. Denna exklusiva, handgjorda produkt har djupreng\u00f6rande, avgiftande, exfolierande, antibakteriell, \u00e5terfuktande, antiinflammatorisk, antioxidant och lugnande effekter f\u00f6r en tydligt fr\u00e4schare hud. Ingredienser: Getmj\u00f6lk, Cocos Nucifera (Coconut) Olja (OrganicNirgin), Olea Europaea (Olive) Fruktolja (Virgin), Veleiis Guineensis (Palm) Olja (Organisk), Ricinus (Castor) Fr\u00f6olja samt: Zeolit -Seolite \u00e4r en speciell&hellip;","og_url":"https:\/\/youngskin.no\/sv\/produkter\/fedor-skincare-soaps-black-edition\/","og_site_name":"youngskin.no","article_publisher":"https:\/\/www.facebook.com\/onegennorge\/","article_modified_time":"2019-09-01T18:41:06+00:00","og_image":[{"width":567,"height":567,"url":"https:\/\/youngskin.no\/wp-content\/uploads\/1-8.jpg","type":"image\/jpeg"}],"twitter_card":"summary_large_image","twitter_misc":{"Ber\u00e4knad l\u00e4stid":"1 minut"},"schema":{"@context":"https:\/\/schema.org","@graph":[{"@type":"WebPage","@id":"https:\/\/youngskin.no\/sv\/produkter\/fedor-skincare-soaps-black-edition\/","url":"https:\/\/youngskin.no\/sv\/produkter\/fedor-skincare-soaps-black-edition\/","name":"Fedor skincare soap Black Edition - youngskin.no","isPartOf":{"@id":"https:\/\/youngskin.no\/#website"},"primaryImageOfPage":{"@id":"https:\/\/youngskin.no\/sv\/produkter\/fedor-skincare-soaps-black-edition\/#primaryimage"},"image":{"@id":"https:\/\/youngskin.no\/sv\/produkter\/fedor-skincare-soaps-black-edition\/#primaryimage"},"thumbnailUrl":"https:\/\/youngskin.no\/wp-content\/uploads\/1-8.jpg","datePublished":"2017-05-11T13:11:46+00:00","dateModified":"2019-09-01T18:41:06+00:00","breadcrumb":{"@id":"https:\/\/youngskin.no\/sv\/produkter\/fedor-skincare-soaps-black-edition\/#breadcrumb"},"inLanguage":"sv-SE","potentialAction":[{"@type":"ReadAction","target":["https:\/\/youngskin.no\/sv\/produkter\/fedor-skincare-soaps-black-edition\/"]}]},{"@type":"ImageObject","inLanguage":"sv-SE","@id":"https:\/\/youngskin.no\/sv\/produkter\/fedor-skincare-soaps-black-edition\/#primaryimage","url":"https:\/\/youngskin.no\/wp-content\/uploads\/1-8.jpg","contentUrl":"https:\/\/youngskin.no\/wp-content\/uploads\/1-8.jpg","width":567,"height":567},{"@type":"BreadcrumbList","@id":"https:\/\/youngskin.no\/sv\/produkter\/fedor-skincare-soaps-black-edition\/#breadcrumb","itemListElement":[{"@type":"ListItem","position":1,"name":"Hjem","item":"https:\/\/youngskin.no\/sv\/"},{"@type":"ListItem","position":2,"name":"Butikk","item":"https:\/\/youngskin.no\/butikk\/"},{"@type":"ListItem","position":3,"name":"Fedor skincare soap Black Edition"}]},{"@type":"WebSite","@id":"https:\/\/youngskin.no\/#website","url":"https:\/\/youngskin.no\/","name":"youngskin.no","description":"youngskin.no","potentialAction":[{"@type":"SearchAction","target":{"@type":"EntryPoint","urlTemplate":"https:\/\/youngskin.no\/?s={search_term_string}"},"query-input":{"@type":"PropertyValueSpecification","valueRequired":true,"valueName":"search_term_string"}}],"inLanguage":"sv-SE"}]}},"_links":{"self":[{"href":"https:\/\/youngskin.no\/sv\/wp-json\/wp\/v2\/product\/3397","targetHints":{"allow":["GET"]}}],"collection":[{"href":"https:\/\/youngskin.no\/sv\/wp-json\/wp\/v2\/product"}],"about":[{"href":"https:\/\/youngskin.no\/sv\/wp-json\/wp\/v2\/types\/product"}],"replies":[{"embeddable":true,"href":"https:\/\/youngskin.no\/sv\/wp-json\/wp\/v2\/comments?post=3397"}],"wp:featuredmedia":[{"embeddable":true,"href":"https:\/\/youngskin.no\/sv\/wp-json\/wp\/v2\/media\/3401"}],"wp:attachment":[{"href":"https:\/\/youngskin.no\/sv\/wp-json\/wp\/v2\/media?parent=3397"}],"wp:term":[{"taxonomy":"product_brand","embeddable":true,"href":"https:\/\/youngskin.no\/sv\/wp-json\/wp\/v2\/product_brand?post=3397"},{"taxonomy":"product_cat","embeddable":true,"href":"https:\/\/youngskin.no\/sv\/wp-json\/wp\/v2\/product_cat?post=3397"},{"taxonomy":"product_tag","embeddable":true,"href":"https:\/\/youngskin.no\/sv\/wp-json\/wp\/v2\/product_tag?post=3397"}],"curies":[{"name":"wp","href":"https:\/\/api.w.org\/{rel}","templated":true}]}}