{"id":3409,"date":"2019-10-10T15:09:21","date_gmt":"2018-11-12T13:09:21","guid":{"rendered":"https:\/\/youngskin.no\/produkter\/sos-serum-age\/"},"modified":"2020-04-22T16:45:38","modified_gmt":"2020-04-22T14:45:38","slug":"sos-serum-age","status":"publish","type":"product","link":"https:\/\/youngskin.no\/sv\/produkter\/sos-serum-age\/","title":{"rendered":"SOS Serum Age"},"content":{"rendered":"<p><span style=\"display: inline !important; float: none; background-color: transparent; color: #212121; font-family: 'Open Sans',helvetica,arial,sans-serif,sans-serif; font-size: 16px; font-style: normal; font-variant: normal; font-weight: 400; letter-spacing: normal; orphans: 2; text-align: left; text-decoration: none; text-indent: 0px; text-transform: none; -webkit-text-stroke-width: 0px; white-space: pre-wrap; word-spacing: 0px;\">Den exklusiva formeln kombinerar l\u00e5gmolekyl hyaluronsyra och peptider med anti-aging naturliga tillv\u00e4xtfaktorer som fr\u00e4mjar omstrukturering av kutan arkitektur, redensifiering och minskning av rynkor och uttryckslinjer.<\/p>\n<p>L\u00e4mplig f\u00f6r alla typer av behandlingar.<\/p>\n<p>4 * 10 ml (en ampull h\u00e5ller f\u00f6r flera behandlingar)<br \/>\n<\/span><\/p>\n","protected":false},"excerpt":{"rendered":"<p>Den exklusiva formeln kombinerar l\u00e5gmolekyl hyaluronsyra och peptider med anti-aging naturliga tillv\u00e4xtfaktorer som fr\u00e4mjar omstrukturering av kutan arkitektur, redensifiering och minskning av rynkor och uttryckslinjer. L\u00e4mplig f\u00f6r alla typer av behandlingar. 4 * 10 ml (en ampull h\u00e5ller f\u00f6r flera behandlingar)<\/p>\n","protected":false},"featured_media":3411,"comment_status":"closed","ping_status":"closed","template":"","meta":[],"product_brand":[],"product_cat":[147,124,142],"product_tag":[139,149,137],"class_list":{"0":"post-3409","1":"product","2":"type-product","3":"status-publish","4":"has-post-thumbnail","6":"product_cat-bella-sv","7":"product_cat-salongprodukter-sv","8":"product_cat-singuladerm-sv","9":"product_tag-massasje-sv","10":"product_tag-microneedling-produkt-sv","11":"product_tag-serum-sv","12":"description-off","14":"first","15":"instock","16":"shipping-taxable","17":"purchasable","18":"product-type-simple"},"yoast_head":"<!-- This site is optimized with the Yoast SEO plugin v27.4 - https:\/\/yoast.com\/product\/yoast-seo-wordpress\/ -->\n<title>SOS Serum Age - youngskin.no<\/title>\n<meta name=\"robots\" content=\"index, follow, max-snippet:-1, max-image-preview:large, max-video-preview:-1\" \/>\n<link rel=\"canonical\" href=\"https:\/\/youngskin.no\/sv\/produkter\/sos-serum-age\/\" \/>\n<meta property=\"og:locale\" content=\"sv_SE\" \/>\n<meta property=\"og:type\" content=\"article\" \/>\n<meta property=\"og:title\" content=\"SOS Serum Age - youngskin.no\" \/>\n<meta property=\"og:description\" content=\"Den exklusiva formeln kombinerar l\u00e5gmolekyl hyaluronsyra och peptider med anti-aging naturliga tillv\u00e4xtfaktorer som fr\u00e4mjar omstrukturering av kutan arkitektur, redensifiering och minskning av rynkor och uttryckslinjer. L\u00e4mplig f\u00f6r alla typer av behandlingar. 4 * 10 ml (en ampull h\u00e5ller f\u00f6r flera behandlingar)\" \/>\n<meta property=\"og:url\" content=\"https:\/\/youngskin.no\/sv\/produkter\/sos-serum-age\/\" \/>\n<meta property=\"og:site_name\" content=\"youngskin.no\" \/>\n<meta property=\"article:publisher\" content=\"https:\/\/www.facebook.com\/onegennorge\/\" \/>\n<meta property=\"article:modified_time\" content=\"2020-04-22T14:45:38+00:00\" \/>\n<meta property=\"og:image\" content=\"https:\/\/youngskin.no\/wp-content\/uploads\/sos-serum-age.png\" \/>\n\t<meta property=\"og:image:width\" content=\"425\" \/>\n\t<meta property=\"og:image:height\" content=\"425\" \/>\n\t<meta property=\"og:image:type\" content=\"image\/png\" \/>\n<meta name=\"twitter:card\" content=\"summary_large_image\" \/>\n<script type=\"application\/ld+json\" class=\"yoast-schema-graph\">{\"@context\":\"https:\\\/\\\/schema.org\",\"@graph\":[{\"@type\":\"WebPage\",\"@id\":\"https:\\\/\\\/youngskin.no\\\/sv\\\/produkter\\\/sos-serum-age\\\/\",\"url\":\"https:\\\/\\\/youngskin.no\\\/sv\\\/produkter\\\/sos-serum-age\\\/\",\"name\":\"SOS Serum Age - youngskin.no\",\"isPartOf\":{\"@id\":\"https:\\\/\\\/youngskin.no\\\/#website\"},\"primaryImageOfPage\":{\"@id\":\"https:\\\/\\\/youngskin.no\\\/sv\\\/produkter\\\/sos-serum-age\\\/#primaryimage\"},\"image\":{\"@id\":\"https:\\\/\\\/youngskin.no\\\/sv\\\/produkter\\\/sos-serum-age\\\/#primaryimage\"},\"thumbnailUrl\":\"https:\\\/\\\/youngskin.no\\\/wp-content\\\/uploads\\\/sos-serum-age.png\",\"datePublished\":\"2018-11-12T13:09:21+00:00\",\"dateModified\":\"2020-04-22T14:45:38+00:00\",\"breadcrumb\":{\"@id\":\"https:\\\/\\\/youngskin.no\\\/sv\\\/produkter\\\/sos-serum-age\\\/#breadcrumb\"},\"inLanguage\":\"sv-SE\",\"potentialAction\":[{\"@type\":\"ReadAction\",\"target\":[\"https:\\\/\\\/youngskin.no\\\/sv\\\/produkter\\\/sos-serum-age\\\/\"]}]},{\"@type\":\"ImageObject\",\"inLanguage\":\"sv-SE\",\"@id\":\"https:\\\/\\\/youngskin.no\\\/sv\\\/produkter\\\/sos-serum-age\\\/#primaryimage\",\"url\":\"https:\\\/\\\/youngskin.no\\\/wp-content\\\/uploads\\\/sos-serum-age.png\",\"contentUrl\":\"https:\\\/\\\/youngskin.no\\\/wp-content\\\/uploads\\\/sos-serum-age.png\",\"width\":425,\"height\":425},{\"@type\":\"BreadcrumbList\",\"@id\":\"https:\\\/\\\/youngskin.no\\\/sv\\\/produkter\\\/sos-serum-age\\\/#breadcrumb\",\"itemListElement\":[{\"@type\":\"ListItem\",\"position\":1,\"name\":\"Hjem\",\"item\":\"https:\\\/\\\/youngskin.no\\\/sv\\\/\"},{\"@type\":\"ListItem\",\"position\":2,\"name\":\"Butikk\",\"item\":\"https:\\\/\\\/youngskin.no\\\/butikk\\\/\"},{\"@type\":\"ListItem\",\"position\":3,\"name\":\"SOS Serum Age\"}]},{\"@type\":\"WebSite\",\"@id\":\"https:\\\/\\\/youngskin.no\\\/#website\",\"url\":\"https:\\\/\\\/youngskin.no\\\/\",\"name\":\"youngskin.no\",\"description\":\"youngskin.no\",\"potentialAction\":[{\"@type\":\"SearchAction\",\"target\":{\"@type\":\"EntryPoint\",\"urlTemplate\":\"https:\\\/\\\/youngskin.no\\\/?s={search_term_string}\"},\"query-input\":{\"@type\":\"PropertyValueSpecification\",\"valueRequired\":true,\"valueName\":\"search_term_string\"}}],\"inLanguage\":\"sv-SE\"}]}<\/script>\n<!-- \/ Yoast SEO plugin. -->","yoast_head_json":{"title":"SOS Serum Age - youngskin.no","robots":{"index":"index","follow":"follow","max-snippet":"max-snippet:-1","max-image-preview":"max-image-preview:large","max-video-preview":"max-video-preview:-1"},"canonical":"https:\/\/youngskin.no\/sv\/produkter\/sos-serum-age\/","og_locale":"sv_SE","og_type":"article","og_title":"SOS Serum Age - youngskin.no","og_description":"Den exklusiva formeln kombinerar l\u00e5gmolekyl hyaluronsyra och peptider med anti-aging naturliga tillv\u00e4xtfaktorer som fr\u00e4mjar omstrukturering av kutan arkitektur, redensifiering och minskning av rynkor och uttryckslinjer. L\u00e4mplig f\u00f6r alla typer av behandlingar. 4 * 10 ml (en ampull h\u00e5ller f\u00f6r flera behandlingar)","og_url":"https:\/\/youngskin.no\/sv\/produkter\/sos-serum-age\/","og_site_name":"youngskin.no","article_publisher":"https:\/\/www.facebook.com\/onegennorge\/","article_modified_time":"2020-04-22T14:45:38+00:00","og_image":[{"width":425,"height":425,"url":"https:\/\/youngskin.no\/wp-content\/uploads\/sos-serum-age.png","type":"image\/png"}],"twitter_card":"summary_large_image","schema":{"@context":"https:\/\/schema.org","@graph":[{"@type":"WebPage","@id":"https:\/\/youngskin.no\/sv\/produkter\/sos-serum-age\/","url":"https:\/\/youngskin.no\/sv\/produkter\/sos-serum-age\/","name":"SOS Serum Age - youngskin.no","isPartOf":{"@id":"https:\/\/youngskin.no\/#website"},"primaryImageOfPage":{"@id":"https:\/\/youngskin.no\/sv\/produkter\/sos-serum-age\/#primaryimage"},"image":{"@id":"https:\/\/youngskin.no\/sv\/produkter\/sos-serum-age\/#primaryimage"},"thumbnailUrl":"https:\/\/youngskin.no\/wp-content\/uploads\/sos-serum-age.png","datePublished":"2018-11-12T13:09:21+00:00","dateModified":"2020-04-22T14:45:38+00:00","breadcrumb":{"@id":"https:\/\/youngskin.no\/sv\/produkter\/sos-serum-age\/#breadcrumb"},"inLanguage":"sv-SE","potentialAction":[{"@type":"ReadAction","target":["https:\/\/youngskin.no\/sv\/produkter\/sos-serum-age\/"]}]},{"@type":"ImageObject","inLanguage":"sv-SE","@id":"https:\/\/youngskin.no\/sv\/produkter\/sos-serum-age\/#primaryimage","url":"https:\/\/youngskin.no\/wp-content\/uploads\/sos-serum-age.png","contentUrl":"https:\/\/youngskin.no\/wp-content\/uploads\/sos-serum-age.png","width":425,"height":425},{"@type":"BreadcrumbList","@id":"https:\/\/youngskin.no\/sv\/produkter\/sos-serum-age\/#breadcrumb","itemListElement":[{"@type":"ListItem","position":1,"name":"Hjem","item":"https:\/\/youngskin.no\/sv\/"},{"@type":"ListItem","position":2,"name":"Butikk","item":"https:\/\/youngskin.no\/butikk\/"},{"@type":"ListItem","position":3,"name":"SOS Serum Age"}]},{"@type":"WebSite","@id":"https:\/\/youngskin.no\/#website","url":"https:\/\/youngskin.no\/","name":"youngskin.no","description":"youngskin.no","potentialAction":[{"@type":"SearchAction","target":{"@type":"EntryPoint","urlTemplate":"https:\/\/youngskin.no\/?s={search_term_string}"},"query-input":{"@type":"PropertyValueSpecification","valueRequired":true,"valueName":"search_term_string"}}],"inLanguage":"sv-SE"}]}},"_links":{"self":[{"href":"https:\/\/youngskin.no\/sv\/wp-json\/wp\/v2\/product\/3409","targetHints":{"allow":["GET"]}}],"collection":[{"href":"https:\/\/youngskin.no\/sv\/wp-json\/wp\/v2\/product"}],"about":[{"href":"https:\/\/youngskin.no\/sv\/wp-json\/wp\/v2\/types\/product"}],"replies":[{"embeddable":true,"href":"https:\/\/youngskin.no\/sv\/wp-json\/wp\/v2\/comments?post=3409"}],"wp:featuredmedia":[{"embeddable":true,"href":"https:\/\/youngskin.no\/sv\/wp-json\/wp\/v2\/media\/3411"}],"wp:attachment":[{"href":"https:\/\/youngskin.no\/sv\/wp-json\/wp\/v2\/media?parent=3409"}],"wp:term":[{"taxonomy":"product_brand","embeddable":true,"href":"https:\/\/youngskin.no\/sv\/wp-json\/wp\/v2\/product_brand?post=3409"},{"taxonomy":"product_cat","embeddable":true,"href":"https:\/\/youngskin.no\/sv\/wp-json\/wp\/v2\/product_cat?post=3409"},{"taxonomy":"product_tag","embeddable":true,"href":"https:\/\/youngskin.no\/sv\/wp-json\/wp\/v2\/product_tag?post=3409"}],"curies":[{"name":"wp","href":"https:\/\/api.w.org\/{rel}","templated":true}]}}