{"id":3421,"date":"2017-02-28T13:48:39","date_gmt":"2017-02-28T11:48:39","guid":{"rendered":"https:\/\/youngskin.no\/produkter\/invita-skin-beauty\/"},"modified":"2019-09-01T19:08:41","modified_gmt":"2019-09-01T17:08:41","slug":"invita-skin-beauty","status":"publish","type":"product","link":"https:\/\/youngskin.no\/sv\/produkter\/invita-skin-beauty\/","title":{"rendered":"Invita Skin Beauty"},"content":{"rendered":"<p><span class=\"oneComWebmail-size\"><b><span class=\"oneComWebmail-font\">Invita Skin Beauty \u00e4r en kollagen kosttillskott som inneh\u00e5ller n\u00e4rings\u00e4mnen av naturligt ursprung. Dessa inkluderar: lyofilisat fr\u00e5n fiskkollagen, mikroniserat alger och tocopherol- vitamin E i formen D-a-tocopherol- extraktet fr\u00e5n sojab\u00f6nor.<\/span><\/b><\/span><\/p>\n<div><b><span class=\"oneComWebmail-font\">Huvudincrediensen i Invita Skin Beauty kosttilskott \u00e4r lyofiliserad typ I kollagen med citron, som \u00e4r utvunnit efter en metod som \u00e4r utvecklat av Inventia. Alger \u00e4r en k\u00e4lla av jod som beh\u00f6vs f\u00f6r att uppr\u00e4tth\u00e5lla en sund hud och en riktig funktion av sk\u00f6ldk\u00f6rteln, s\u00e5 som nervsystemet ocks\u00e5.<\/span><\/b><\/div>\n<div><b><span class=\"oneComWebmail-font\">Vitamin E skyddar cellerna fr\u00e5n oxidativ stress och f\u00f6rebygger hudens \u00e5ldrande.<\/span><\/b><\/div>\n<p><img loading=\"lazy\" decoding=\"async\" class=\"wp-image-1615 alignright\" src=\"https:\/\/youngskin.no\/wp-content\/uploads\/maxresdefault-1-300x169.jpg\" alt=\"\" width=\"334\" height=\"188\" srcset=\"https:\/\/youngskin.no\/wp-content\/uploads\/maxresdefault-1-300x169.jpg 300w, https:\/\/youngskin.no\/wp-content\/uploads\/maxresdefault-1-600x338.jpg 600w, https:\/\/youngskin.no\/wp-content\/uploads\/maxresdefault-1-768x432.jpg 768w, https:\/\/youngskin.no\/wp-content\/uploads\/maxresdefault-1-1024x576.jpg 1024w, https:\/\/youngskin.no\/wp-content\/uploads\/maxresdefault-1.jpg 1280w\" sizes=\"auto, (max-width: 334px) 100vw, 334px\" \/><\/p>\n<p><span class=\"oneComWebmail-size\"><b><span class=\"oneComWebmail-font\">Effekter av kollagen tillskott:<\/span><\/b><\/span><\/p>\n<div><b><span class=\"oneComWebmail-font\">&#8211; F\u00f6rebygger dehydreringen och \u00e5terfuktar de djupare lagren i huden<\/span><\/b><\/div>\n<div><b><span class=\"oneComWebmail-font\">&#8211; lugnande effekt p\u00e5 torr, sensitiv och irriterad hud<\/span><\/b><\/div>\n<div><b><span class=\"oneComWebmail-font\">&#8211; Vid regelbunden anv\u00e4ndning bromsas \u00e5lderstecken i huden.<\/span><\/b><\/div>\n<p>.<\/p>\n<div><b><span class=\"oneComWebmail-font\">Aktiva incredienser<\/span><\/b><\/div>\n<div><b><span class=\"oneComWebmail-font\">Lyofiliserat (frystorkat) kollagen fr\u00e5n fisk med citron-<\/span><\/b><\/div>\n<div><b><span class=\"oneComWebmail-font\">kollagen \u00e4r det vktigaste proteinet i de m\u00e4nskliga lederna. Och den viktigaste komponenten i bindv\u00e4v.<\/span><\/b><\/div>\n<div><b><b><span class=\"oneComWebmail-font\">Det ansvarar tex f\u00f6r hudens tillst\u00e5nd. DET PRODUCERAS OCH TJ\u00c4NSTG\u00d6R REGENERTIVA CELLER, fibroblaster och chondrocytter. Kroppens kollagenm\u00e4ngd och tillst\u00e5nd best\u00e4mmer v\u00e5r biologiska \u00e5lder, som kan l\u00e4tt\u00a0 observeras utifr\u00e5n \u00e4ndringar i utseendet p\u00e5 huden. Kollagen som \u00e4r huvudkomponenten i Invita Skin Beauty \u00e4r ett lyofiliserat av ett unikt tropocollagen fr\u00e5n fiskeskinn. Dess struktur \u00e4r n\u00e4stan identisk med kollagenet i m\u00e4nniskan.<\/span><\/b><\/b><\/p>\n<div><b><span class=\"oneComWebmail-font\">Algae ( Fucus vesiculosus-bladderwrack)- som \u00e4r h\u00e4mtad fr\u00e5n det klara vattnet i Brehat sk\u00e4rg\u00e5rden vid kusten av Frankrike.\u00a0 Algerna som anv\u00e4nds i v\u00e5rt kosttillkottets framst\u00e4llning \u00e4r inte tillf\u00e4lligt utvalt till sammans\u00e4ttningen av INVITA SKIN BEAUTY utifr\u00e5n m\u00e5nga plantextrakter.\u00a0<\/span><\/b><\/div>\n<div><b><span class=\"oneComWebmail-font\">De har ett h\u00f6gt inneh\u00e5ll av jod, som f\u00f6rekommer naturligt i marina alger, och som uppfyller dess viktigaste f\u00f6rm\u00e5n som strukturell komponent av sk\u00f6ldk\u00f6rtelhormoner och bist\u00e5r dess b\u00e4ttre funktion . Jod uppr\u00e4tth\u00e5ller ocks\u00e5 hudens struktur. Jods roll \u00e4r ocks\u00e5 viktig f\u00f6r att uppr\u00e4tth\u00e5lla en riktig energistoffskift.<\/span><\/b><\/div>\n<div>\n<div><b><span class=\"oneComWebmail-font\">Vitamin E (D-a- Tocopheryl) fr\u00e5n sojafr\u00f6n- finns i m\u00e5nga tillskott och den \u00e4r mest k\u00e4nt och v\u00e4ldigt effektiv antioxidant. Effekten p\u00e5 en syntetisk vitamin E \u00e4r j\u00e4mf\u00f6rt med den naturliga \u00e4r mycket d\u00e5lig.<\/span><\/b><\/div>\n<div><b><span class=\"oneComWebmail-font\">Invita Skin Beauty inneh\u00e5ller D-alfa-tocopherol-acetat- en form av E vitamin som \u00e4r h\u00e4mtad av en naturlig k\u00e4lla, sojab\u00f6nor, och som har en h\u00f6g biologisk aktivitet. Valet av E vitamin till Invita Skin Beauty blev till fr\u00e5n dess bra egenskaper. Vitamin E skyddar mot degenereringen av huden viktigaste vitalitet- den genetiske koden till hudcellen DNA. D\u00e4rf\u00f6r \u00e4r detta vitaminet ansett som en viktig faktor som h\u00e4mmar \u00e5ldringsprocessen.<\/span><\/b><\/div>\n<p><span class=\"oneComWebmail-size\"><span class=\"oneComWebmail-highlight\"><span class=\"oneComWebmail-colour\"><span class=\"oneComWebmail-font\"><b>gelatin kapsel (fiske-gelatin, pigment-titanium dioxide)<\/b><\/span><\/span><\/span><\/span><\/p>\n<div><b><span class=\"oneComWebmail-font\">Lyofiliserat (frystorkad kollagen versus hydrolyrerad kollagen)<\/span><\/b><\/div>\n<div><b><span class=\"oneComWebmail-font\">Det \u00e4r stora skillnader p\u00e5 kollagen p\u00e5 marknaden. Det mest s\u00e5lda kollagenet \u00e4r hydrolyserat kollagen som \u00e4r produserat av extrem v\u00e4rme och \u00e4r billig att framst\u00e4lla. I den andra \u00e4nden har vi lyofiliserat kollagen som \u00e4r frystorkat, som \u00e4r mycket dyrare framst\u00e4llningssystem.<\/span><\/b><\/div>\n<div><b><span class=\"oneComWebmail-font\">Lyofiliserat kollagen, mer k\u00e4nd som `naturlig Kollagen`, \u00e4r v\u00e4ldigt likt m\u00e4nniskan eget kollagen. Detta naturliga kollagenet \u00e4r framst\u00e4llt fr\u00e5n karp, en s\u00f6tvattensfisk.<\/span><\/b><\/div>\n<\/div>\n<\/div>\n<p>&nbsp;<\/p>\n","protected":false},"excerpt":{"rendered":"<p>Invita Skin Beauty \u00e4r en kollagen kosttillskott som inneh\u00e5ller n\u00e4rings\u00e4mnen av naturligt ursprung. Dessa inkluderar: lyofilisat fr\u00e5n fiskkollagen, mikroniserat alger och tocopherol- vitamin E i formen D-a-tocopherol- extraktet fr\u00e5n sojab\u00f6nor. Huvudincrediensen i Invita Skin Beauty kosttilskott \u00e4r lyofiliserad typ I kollagen med citron, som \u00e4r utvunnit efter en metod som \u00e4r utvecklat av Inventia. Alger&hellip;<\/p>\n","protected":false},"featured_media":3423,"comment_status":"closed","ping_status":"closed","template":"","meta":[],"product_brand":[],"product_cat":[121],"product_tag":[153],"class_list":{"0":"post-3421","1":"product","2":"type-product","3":"status-publish","4":"has-post-thumbnail","6":"product_cat-hjemmeprodukter-sv","7":"product_tag-kosttilskudd-sv","8":"description-off","10":"first","11":"instock","12":"shipping-taxable","13":"purchasable","14":"product-type-simple"},"yoast_head":"<!-- This site is optimized with the Yoast SEO plugin v27.4 - https:\/\/yoast.com\/product\/yoast-seo-wordpress\/ -->\n<title>Invita Skin Beauty - youngskin.no<\/title>\n<meta name=\"robots\" content=\"index, follow, max-snippet:-1, max-image-preview:large, max-video-preview:-1\" \/>\n<link rel=\"canonical\" href=\"https:\/\/youngskin.no\/sv\/produkter\/invita-skin-beauty\/\" \/>\n<meta property=\"og:locale\" content=\"sv_SE\" \/>\n<meta property=\"og:type\" content=\"article\" \/>\n<meta property=\"og:title\" content=\"Invita Skin Beauty - youngskin.no\" \/>\n<meta property=\"og:description\" content=\"Invita Skin Beauty \u00e4r en kollagen kosttillskott som inneh\u00e5ller n\u00e4rings\u00e4mnen av naturligt ursprung. Dessa inkluderar: lyofilisat fr\u00e5n fiskkollagen, mikroniserat alger och tocopherol- vitamin E i formen D-a-tocopherol- extraktet fr\u00e5n sojab\u00f6nor. Huvudincrediensen i Invita Skin Beauty kosttilskott \u00e4r lyofiliserad typ I kollagen med citron, som \u00e4r utvunnit efter en metod som \u00e4r utvecklat av Inventia. Alger&hellip;\" \/>\n<meta property=\"og:url\" content=\"https:\/\/youngskin.no\/sv\/produkter\/invita-skin-beauty\/\" \/>\n<meta property=\"og:site_name\" content=\"youngskin.no\" \/>\n<meta property=\"article:publisher\" content=\"https:\/\/www.facebook.com\/onegennorge\/\" \/>\n<meta property=\"article:modified_time\" content=\"2019-09-01T17:08:41+00:00\" \/>\n<meta property=\"og:image\" content=\"https:\/\/youngskin.no\/wp-content\/uploads\/1-12.jpg\" \/>\n\t<meta property=\"og:image:width\" content=\"567\" \/>\n\t<meta property=\"og:image:height\" content=\"567\" \/>\n\t<meta property=\"og:image:type\" content=\"image\/jpeg\" \/>\n<meta name=\"twitter:card\" content=\"summary_large_image\" \/>\n<meta name=\"twitter:label1\" content=\"Ber\u00e4knad l\u00e4stid\" \/>\n\t<meta name=\"twitter:data1\" content=\"3 minuter\" \/>\n<script type=\"application\/ld+json\" class=\"yoast-schema-graph\">{\"@context\":\"https:\\\/\\\/schema.org\",\"@graph\":[{\"@type\":\"WebPage\",\"@id\":\"https:\\\/\\\/youngskin.no\\\/sv\\\/produkter\\\/invita-skin-beauty\\\/\",\"url\":\"https:\\\/\\\/youngskin.no\\\/sv\\\/produkter\\\/invita-skin-beauty\\\/\",\"name\":\"Invita Skin Beauty - youngskin.no\",\"isPartOf\":{\"@id\":\"https:\\\/\\\/youngskin.no\\\/#website\"},\"primaryImageOfPage\":{\"@id\":\"https:\\\/\\\/youngskin.no\\\/sv\\\/produkter\\\/invita-skin-beauty\\\/#primaryimage\"},\"image\":{\"@id\":\"https:\\\/\\\/youngskin.no\\\/sv\\\/produkter\\\/invita-skin-beauty\\\/#primaryimage\"},\"thumbnailUrl\":\"https:\\\/\\\/youngskin.no\\\/wp-content\\\/uploads\\\/1-12.jpg\",\"datePublished\":\"2017-02-28T11:48:39+00:00\",\"dateModified\":\"2019-09-01T17:08:41+00:00\",\"breadcrumb\":{\"@id\":\"https:\\\/\\\/youngskin.no\\\/sv\\\/produkter\\\/invita-skin-beauty\\\/#breadcrumb\"},\"inLanguage\":\"sv-SE\",\"potentialAction\":[{\"@type\":\"ReadAction\",\"target\":[\"https:\\\/\\\/youngskin.no\\\/sv\\\/produkter\\\/invita-skin-beauty\\\/\"]}]},{\"@type\":\"ImageObject\",\"inLanguage\":\"sv-SE\",\"@id\":\"https:\\\/\\\/youngskin.no\\\/sv\\\/produkter\\\/invita-skin-beauty\\\/#primaryimage\",\"url\":\"https:\\\/\\\/youngskin.no\\\/wp-content\\\/uploads\\\/1-12.jpg\",\"contentUrl\":\"https:\\\/\\\/youngskin.no\\\/wp-content\\\/uploads\\\/1-12.jpg\",\"width\":567,\"height\":567},{\"@type\":\"BreadcrumbList\",\"@id\":\"https:\\\/\\\/youngskin.no\\\/sv\\\/produkter\\\/invita-skin-beauty\\\/#breadcrumb\",\"itemListElement\":[{\"@type\":\"ListItem\",\"position\":1,\"name\":\"Hjem\",\"item\":\"https:\\\/\\\/youngskin.no\\\/sv\\\/\"},{\"@type\":\"ListItem\",\"position\":2,\"name\":\"Butikk\",\"item\":\"https:\\\/\\\/youngskin.no\\\/butikk\\\/\"},{\"@type\":\"ListItem\",\"position\":3,\"name\":\"Invita Skin Beauty\"}]},{\"@type\":\"WebSite\",\"@id\":\"https:\\\/\\\/youngskin.no\\\/#website\",\"url\":\"https:\\\/\\\/youngskin.no\\\/\",\"name\":\"youngskin.no\",\"description\":\"youngskin.no\",\"potentialAction\":[{\"@type\":\"SearchAction\",\"target\":{\"@type\":\"EntryPoint\",\"urlTemplate\":\"https:\\\/\\\/youngskin.no\\\/?s={search_term_string}\"},\"query-input\":{\"@type\":\"PropertyValueSpecification\",\"valueRequired\":true,\"valueName\":\"search_term_string\"}}],\"inLanguage\":\"sv-SE\"}]}<\/script>\n<!-- \/ Yoast SEO plugin. -->","yoast_head_json":{"title":"Invita Skin Beauty - youngskin.no","robots":{"index":"index","follow":"follow","max-snippet":"max-snippet:-1","max-image-preview":"max-image-preview:large","max-video-preview":"max-video-preview:-1"},"canonical":"https:\/\/youngskin.no\/sv\/produkter\/invita-skin-beauty\/","og_locale":"sv_SE","og_type":"article","og_title":"Invita Skin Beauty - youngskin.no","og_description":"Invita Skin Beauty \u00e4r en kollagen kosttillskott som inneh\u00e5ller n\u00e4rings\u00e4mnen av naturligt ursprung. Dessa inkluderar: lyofilisat fr\u00e5n fiskkollagen, mikroniserat alger och tocopherol- vitamin E i formen D-a-tocopherol- extraktet fr\u00e5n sojab\u00f6nor. Huvudincrediensen i Invita Skin Beauty kosttilskott \u00e4r lyofiliserad typ I kollagen med citron, som \u00e4r utvunnit efter en metod som \u00e4r utvecklat av Inventia. Alger&hellip;","og_url":"https:\/\/youngskin.no\/sv\/produkter\/invita-skin-beauty\/","og_site_name":"youngskin.no","article_publisher":"https:\/\/www.facebook.com\/onegennorge\/","article_modified_time":"2019-09-01T17:08:41+00:00","og_image":[{"width":567,"height":567,"url":"https:\/\/youngskin.no\/wp-content\/uploads\/1-12.jpg","type":"image\/jpeg"}],"twitter_card":"summary_large_image","twitter_misc":{"Ber\u00e4knad l\u00e4stid":"3 minuter"},"schema":{"@context":"https:\/\/schema.org","@graph":[{"@type":"WebPage","@id":"https:\/\/youngskin.no\/sv\/produkter\/invita-skin-beauty\/","url":"https:\/\/youngskin.no\/sv\/produkter\/invita-skin-beauty\/","name":"Invita Skin Beauty - youngskin.no","isPartOf":{"@id":"https:\/\/youngskin.no\/#website"},"primaryImageOfPage":{"@id":"https:\/\/youngskin.no\/sv\/produkter\/invita-skin-beauty\/#primaryimage"},"image":{"@id":"https:\/\/youngskin.no\/sv\/produkter\/invita-skin-beauty\/#primaryimage"},"thumbnailUrl":"https:\/\/youngskin.no\/wp-content\/uploads\/1-12.jpg","datePublished":"2017-02-28T11:48:39+00:00","dateModified":"2019-09-01T17:08:41+00:00","breadcrumb":{"@id":"https:\/\/youngskin.no\/sv\/produkter\/invita-skin-beauty\/#breadcrumb"},"inLanguage":"sv-SE","potentialAction":[{"@type":"ReadAction","target":["https:\/\/youngskin.no\/sv\/produkter\/invita-skin-beauty\/"]}]},{"@type":"ImageObject","inLanguage":"sv-SE","@id":"https:\/\/youngskin.no\/sv\/produkter\/invita-skin-beauty\/#primaryimage","url":"https:\/\/youngskin.no\/wp-content\/uploads\/1-12.jpg","contentUrl":"https:\/\/youngskin.no\/wp-content\/uploads\/1-12.jpg","width":567,"height":567},{"@type":"BreadcrumbList","@id":"https:\/\/youngskin.no\/sv\/produkter\/invita-skin-beauty\/#breadcrumb","itemListElement":[{"@type":"ListItem","position":1,"name":"Hjem","item":"https:\/\/youngskin.no\/sv\/"},{"@type":"ListItem","position":2,"name":"Butikk","item":"https:\/\/youngskin.no\/butikk\/"},{"@type":"ListItem","position":3,"name":"Invita Skin Beauty"}]},{"@type":"WebSite","@id":"https:\/\/youngskin.no\/#website","url":"https:\/\/youngskin.no\/","name":"youngskin.no","description":"youngskin.no","potentialAction":[{"@type":"SearchAction","target":{"@type":"EntryPoint","urlTemplate":"https:\/\/youngskin.no\/?s={search_term_string}"},"query-input":{"@type":"PropertyValueSpecification","valueRequired":true,"valueName":"search_term_string"}}],"inLanguage":"sv-SE"}]}},"_links":{"self":[{"href":"https:\/\/youngskin.no\/sv\/wp-json\/wp\/v2\/product\/3421","targetHints":{"allow":["GET"]}}],"collection":[{"href":"https:\/\/youngskin.no\/sv\/wp-json\/wp\/v2\/product"}],"about":[{"href":"https:\/\/youngskin.no\/sv\/wp-json\/wp\/v2\/types\/product"}],"replies":[{"embeddable":true,"href":"https:\/\/youngskin.no\/sv\/wp-json\/wp\/v2\/comments?post=3421"}],"wp:featuredmedia":[{"embeddable":true,"href":"https:\/\/youngskin.no\/sv\/wp-json\/wp\/v2\/media\/3423"}],"wp:attachment":[{"href":"https:\/\/youngskin.no\/sv\/wp-json\/wp\/v2\/media?parent=3421"}],"wp:term":[{"taxonomy":"product_brand","embeddable":true,"href":"https:\/\/youngskin.no\/sv\/wp-json\/wp\/v2\/product_brand?post=3421"},{"taxonomy":"product_cat","embeddable":true,"href":"https:\/\/youngskin.no\/sv\/wp-json\/wp\/v2\/product_cat?post=3421"},{"taxonomy":"product_tag","embeddable":true,"href":"https:\/\/youngskin.no\/sv\/wp-json\/wp\/v2\/product_tag?post=3421"}],"curies":[{"name":"wp","href":"https:\/\/api.w.org\/{rel}","templated":true}]}}