{"id":3425,"date":"2018-06-03T11:22:41","date_gmt":"2018-06-03T09:22:41","guid":{"rendered":"https:\/\/youngskin.no\/produkter\/aora-day\/"},"modified":"2019-09-01T20:48:11","modified_gmt":"2019-09-01T18:48:11","slug":"aora-day","status":"publish","type":"product","link":"https:\/\/youngskin.no\/sv\/produkter\/aora-day\/","title":{"rendered":"Aora day"},"content":{"rendered":"<p align=\"LEFT\"><b><span style=\"font-size: small;\"><span class=\"oneComWebmail-font\"><span style=\"color: #676767;\">NATURLIGT ANTIDEPRESSIV, EXTRA ENERGI, F\u00d6RB\u00c4TTRAD KOGNITIV<\/span><\/span><span class=\"oneComWebmail-font\">\u00a0F\u00d6RM\u00c5GA<\/span><\/span><\/b><span class=\"oneComWebmail-size\"><b><span class=\"oneComWebmail-font\">.<\/span><\/b><\/span><b><span class=\"oneComWebmail-font\">\u00a0<\/span><span class=\"oneComWebmail-font\">KLINISKT DOKUMENTERAT RESULTAT OCH EN STARK ANTIOXIDANT. STUDIER AV PLACEBOEFFEKTEN I SPANIEN F\u00d6R \u00d6VER 7 VECKOR, RESULTAT SOM VISADE ATT DE FICK EXTRA ENERGI SAMT L\u00c4GRE STRESSNIV\u00c5 OCH L\u00c4GRE \u00c5NGESTTILLST\u00c5ND, F\u00d6RB\u00c4TTRAT MINNE OCH VERBAL KAPACITET. V\u00c5R AORA DAY OCH AORA NIGHT PROJEKTERNA B\u00d6RJADE MED \u00c0Q AFFRON`EN PATENTERAT FRAMST\u00c4LLNING AV SAFFRAN. SAFFRAN \u00c4R DEN ABSOLUT STARKASTE OCH EFFEKTIVASTE NATURLIGA ANTIDEPRESSIVA MEDLET. DEN HAR INGA K\u00c4NDA BIVERKNINGAR. ANTALET STUDIER G\u00d6R SAFFRAN TILL EN LIKV\u00c4RDIG MEDEL MOT DEPRESSION SOM FARMASEUTISKT FRAMST\u00c4LLDA MEDLEN.<\/span><\/b><\/p>\n<p align=\"LEFT\"><span class=\"oneComWebmail-font\"><b><span style=\"color: #676767; font-size: small;\">DET SOM \u00c4R ANNORLUNDA I V\u00c5R PRODUKT \u00c4R ATT DEN \u00c4R STANDARDISERAT. BETYDER ATT DET BLIR KONTROLLERAT PRECIS HUR MYCKET AKTIV SUBSTANS SOM \u00c4R I VARENDA KAPSEL.<\/span><\/b><\/span><span class=\"oneComWebmail-highlight\"><span class=\"oneComWebmail-colour\"><span class=\"oneComWebmail-size\"><b><span class=\"oneComWebmail-font\">\u00a0<\/span><span class=\"oneComWebmail-font\">DETTA HAR INTE GJORTS INNAN. DEN F\u00d6RSTA KLINISKA STUDIEN VID HJ\u00c4LP AV STANDARDISERT VERSION BLEV GENOMF\u00d6RD I AUSTRALIEN P\u00c5 130 PERSONER ( DUBBELTBLINDA, PLACEBOKONTROLLERADED OCH RANDOMISERADE) MED EXTRAORDIN\u00c4RA RESULTAT.<\/span><\/b><\/span><\/span><\/span><\/p>\n","protected":false},"excerpt":{"rendered":"<p>NATURLIGT ANTIDEPRESSIV, EXTRA ENERGI, F\u00d6RB\u00c4TTRAD KOGNITIV\u00a0F\u00d6RM\u00c5GA.\u00a0KLINISKT DOKUMENTERAT RESULTAT OCH EN STARK ANTIOXIDANT. STUDIER AV PLACEBOEFFEKTEN I SPANIEN F\u00d6R \u00d6VER 7 VECKOR, RESULTAT SOM VISADE ATT DE FICK EXTRA ENERGI SAMT L\u00c4GRE STRESSNIV\u00c5 OCH L\u00c4GRE \u00c5NGESTTILLST\u00c5ND, F\u00d6RB\u00c4TTRAT MINNE OCH VERBAL KAPACITET. V\u00c5R AORA DAY OCH AORA NIGHT PROJEKTERNA B\u00d6RJADE MED \u00c0Q AFFRON`EN PATENTERAT FRAMST\u00c4LLNING AV SAFFRAN.&hellip;<\/p>\n","protected":false},"featured_media":3427,"comment_status":"closed","ping_status":"closed","template":"","meta":[],"product_brand":[],"product_cat":[121],"product_tag":[153],"class_list":{"0":"post-3425","1":"product","2":"type-product","3":"status-publish","4":"has-post-thumbnail","6":"product_cat-hjemmeprodukter-sv","7":"product_tag-kosttilskudd-sv","8":"description-off","10":"first","11":"instock","12":"shipping-taxable","13":"purchasable","14":"product-type-simple"},"yoast_head":"<!-- This site is optimized with the Yoast SEO plugin v27.4 - https:\/\/yoast.com\/product\/yoast-seo-wordpress\/ -->\n<title>Aora day - youngskin.no<\/title>\n<meta name=\"robots\" content=\"index, follow, max-snippet:-1, max-image-preview:large, max-video-preview:-1\" \/>\n<link rel=\"canonical\" href=\"https:\/\/youngskin.no\/sv\/produkter\/aora-day\/\" \/>\n<meta property=\"og:locale\" content=\"sv_SE\" \/>\n<meta property=\"og:type\" content=\"article\" \/>\n<meta property=\"og:title\" content=\"Aora day - youngskin.no\" \/>\n<meta property=\"og:description\" content=\"NATURLIGT ANTIDEPRESSIV, EXTRA ENERGI, F\u00d6RB\u00c4TTRAD KOGNITIV\u00a0F\u00d6RM\u00c5GA.\u00a0KLINISKT DOKUMENTERAT RESULTAT OCH EN STARK ANTIOXIDANT. STUDIER AV PLACEBOEFFEKTEN I SPANIEN F\u00d6R \u00d6VER 7 VECKOR, RESULTAT SOM VISADE ATT DE FICK EXTRA ENERGI SAMT L\u00c4GRE STRESSNIV\u00c5 OCH L\u00c4GRE \u00c5NGESTTILLST\u00c5ND, F\u00d6RB\u00c4TTRAT MINNE OCH VERBAL KAPACITET. V\u00c5R AORA DAY OCH AORA NIGHT PROJEKTERNA B\u00d6RJADE MED \u00c0Q AFFRON`EN PATENTERAT FRAMST\u00c4LLNING AV SAFFRAN.&hellip;\" \/>\n<meta property=\"og:url\" content=\"https:\/\/youngskin.no\/sv\/produkter\/aora-day\/\" \/>\n<meta property=\"og:site_name\" content=\"youngskin.no\" \/>\n<meta property=\"article:publisher\" content=\"https:\/\/www.facebook.com\/onegennorge\/\" \/>\n<meta property=\"article:modified_time\" content=\"2019-09-01T18:48:11+00:00\" \/>\n<meta property=\"og:image\" content=\"https:\/\/youngskin.no\/wp-content\/uploads\/1-14.jpg\" \/>\n\t<meta property=\"og:image:width\" content=\"567\" \/>\n\t<meta property=\"og:image:height\" content=\"567\" \/>\n\t<meta property=\"og:image:type\" content=\"image\/jpeg\" \/>\n<meta name=\"twitter:card\" content=\"summary_large_image\" \/>\n<meta name=\"twitter:label1\" content=\"Ber\u00e4knad l\u00e4stid\" \/>\n\t<meta name=\"twitter:data1\" content=\"1 minut\" \/>\n<script type=\"application\/ld+json\" class=\"yoast-schema-graph\">{\"@context\":\"https:\\\/\\\/schema.org\",\"@graph\":[{\"@type\":\"WebPage\",\"@id\":\"https:\\\/\\\/youngskin.no\\\/sv\\\/produkter\\\/aora-day\\\/\",\"url\":\"https:\\\/\\\/youngskin.no\\\/sv\\\/produkter\\\/aora-day\\\/\",\"name\":\"Aora day - youngskin.no\",\"isPartOf\":{\"@id\":\"https:\\\/\\\/youngskin.no\\\/#website\"},\"primaryImageOfPage\":{\"@id\":\"https:\\\/\\\/youngskin.no\\\/sv\\\/produkter\\\/aora-day\\\/#primaryimage\"},\"image\":{\"@id\":\"https:\\\/\\\/youngskin.no\\\/sv\\\/produkter\\\/aora-day\\\/#primaryimage\"},\"thumbnailUrl\":\"https:\\\/\\\/youngskin.no\\\/wp-content\\\/uploads\\\/1-14.jpg\",\"datePublished\":\"2018-06-03T09:22:41+00:00\",\"dateModified\":\"2019-09-01T18:48:11+00:00\",\"breadcrumb\":{\"@id\":\"https:\\\/\\\/youngskin.no\\\/sv\\\/produkter\\\/aora-day\\\/#breadcrumb\"},\"inLanguage\":\"sv-SE\",\"potentialAction\":[{\"@type\":\"ReadAction\",\"target\":[\"https:\\\/\\\/youngskin.no\\\/sv\\\/produkter\\\/aora-day\\\/\"]}]},{\"@type\":\"ImageObject\",\"inLanguage\":\"sv-SE\",\"@id\":\"https:\\\/\\\/youngskin.no\\\/sv\\\/produkter\\\/aora-day\\\/#primaryimage\",\"url\":\"https:\\\/\\\/youngskin.no\\\/wp-content\\\/uploads\\\/1-14.jpg\",\"contentUrl\":\"https:\\\/\\\/youngskin.no\\\/wp-content\\\/uploads\\\/1-14.jpg\",\"width\":567,\"height\":567},{\"@type\":\"BreadcrumbList\",\"@id\":\"https:\\\/\\\/youngskin.no\\\/sv\\\/produkter\\\/aora-day\\\/#breadcrumb\",\"itemListElement\":[{\"@type\":\"ListItem\",\"position\":1,\"name\":\"Hjem\",\"item\":\"https:\\\/\\\/youngskin.no\\\/sv\\\/\"},{\"@type\":\"ListItem\",\"position\":2,\"name\":\"Butikk\",\"item\":\"https:\\\/\\\/youngskin.no\\\/butikk\\\/\"},{\"@type\":\"ListItem\",\"position\":3,\"name\":\"Aora day\"}]},{\"@type\":\"WebSite\",\"@id\":\"https:\\\/\\\/youngskin.no\\\/#website\",\"url\":\"https:\\\/\\\/youngskin.no\\\/\",\"name\":\"youngskin.no\",\"description\":\"youngskin.no\",\"potentialAction\":[{\"@type\":\"SearchAction\",\"target\":{\"@type\":\"EntryPoint\",\"urlTemplate\":\"https:\\\/\\\/youngskin.no\\\/?s={search_term_string}\"},\"query-input\":{\"@type\":\"PropertyValueSpecification\",\"valueRequired\":true,\"valueName\":\"search_term_string\"}}],\"inLanguage\":\"sv-SE\"}]}<\/script>\n<!-- \/ Yoast SEO plugin. -->","yoast_head_json":{"title":"Aora day - youngskin.no","robots":{"index":"index","follow":"follow","max-snippet":"max-snippet:-1","max-image-preview":"max-image-preview:large","max-video-preview":"max-video-preview:-1"},"canonical":"https:\/\/youngskin.no\/sv\/produkter\/aora-day\/","og_locale":"sv_SE","og_type":"article","og_title":"Aora day - youngskin.no","og_description":"NATURLIGT ANTIDEPRESSIV, EXTRA ENERGI, F\u00d6RB\u00c4TTRAD KOGNITIV\u00a0F\u00d6RM\u00c5GA.\u00a0KLINISKT DOKUMENTERAT RESULTAT OCH EN STARK ANTIOXIDANT. STUDIER AV PLACEBOEFFEKTEN I SPANIEN F\u00d6R \u00d6VER 7 VECKOR, RESULTAT SOM VISADE ATT DE FICK EXTRA ENERGI SAMT L\u00c4GRE STRESSNIV\u00c5 OCH L\u00c4GRE \u00c5NGESTTILLST\u00c5ND, F\u00d6RB\u00c4TTRAT MINNE OCH VERBAL KAPACITET. V\u00c5R AORA DAY OCH AORA NIGHT PROJEKTERNA B\u00d6RJADE MED \u00c0Q AFFRON`EN PATENTERAT FRAMST\u00c4LLNING AV SAFFRAN.&hellip;","og_url":"https:\/\/youngskin.no\/sv\/produkter\/aora-day\/","og_site_name":"youngskin.no","article_publisher":"https:\/\/www.facebook.com\/onegennorge\/","article_modified_time":"2019-09-01T18:48:11+00:00","og_image":[{"width":567,"height":567,"url":"https:\/\/youngskin.no\/wp-content\/uploads\/1-14.jpg","type":"image\/jpeg"}],"twitter_card":"summary_large_image","twitter_misc":{"Ber\u00e4knad l\u00e4stid":"1 minut"},"schema":{"@context":"https:\/\/schema.org","@graph":[{"@type":"WebPage","@id":"https:\/\/youngskin.no\/sv\/produkter\/aora-day\/","url":"https:\/\/youngskin.no\/sv\/produkter\/aora-day\/","name":"Aora day - youngskin.no","isPartOf":{"@id":"https:\/\/youngskin.no\/#website"},"primaryImageOfPage":{"@id":"https:\/\/youngskin.no\/sv\/produkter\/aora-day\/#primaryimage"},"image":{"@id":"https:\/\/youngskin.no\/sv\/produkter\/aora-day\/#primaryimage"},"thumbnailUrl":"https:\/\/youngskin.no\/wp-content\/uploads\/1-14.jpg","datePublished":"2018-06-03T09:22:41+00:00","dateModified":"2019-09-01T18:48:11+00:00","breadcrumb":{"@id":"https:\/\/youngskin.no\/sv\/produkter\/aora-day\/#breadcrumb"},"inLanguage":"sv-SE","potentialAction":[{"@type":"ReadAction","target":["https:\/\/youngskin.no\/sv\/produkter\/aora-day\/"]}]},{"@type":"ImageObject","inLanguage":"sv-SE","@id":"https:\/\/youngskin.no\/sv\/produkter\/aora-day\/#primaryimage","url":"https:\/\/youngskin.no\/wp-content\/uploads\/1-14.jpg","contentUrl":"https:\/\/youngskin.no\/wp-content\/uploads\/1-14.jpg","width":567,"height":567},{"@type":"BreadcrumbList","@id":"https:\/\/youngskin.no\/sv\/produkter\/aora-day\/#breadcrumb","itemListElement":[{"@type":"ListItem","position":1,"name":"Hjem","item":"https:\/\/youngskin.no\/sv\/"},{"@type":"ListItem","position":2,"name":"Butikk","item":"https:\/\/youngskin.no\/butikk\/"},{"@type":"ListItem","position":3,"name":"Aora day"}]},{"@type":"WebSite","@id":"https:\/\/youngskin.no\/#website","url":"https:\/\/youngskin.no\/","name":"youngskin.no","description":"youngskin.no","potentialAction":[{"@type":"SearchAction","target":{"@type":"EntryPoint","urlTemplate":"https:\/\/youngskin.no\/?s={search_term_string}"},"query-input":{"@type":"PropertyValueSpecification","valueRequired":true,"valueName":"search_term_string"}}],"inLanguage":"sv-SE"}]}},"_links":{"self":[{"href":"https:\/\/youngskin.no\/sv\/wp-json\/wp\/v2\/product\/3425","targetHints":{"allow":["GET"]}}],"collection":[{"href":"https:\/\/youngskin.no\/sv\/wp-json\/wp\/v2\/product"}],"about":[{"href":"https:\/\/youngskin.no\/sv\/wp-json\/wp\/v2\/types\/product"}],"replies":[{"embeddable":true,"href":"https:\/\/youngskin.no\/sv\/wp-json\/wp\/v2\/comments?post=3425"}],"wp:featuredmedia":[{"embeddable":true,"href":"https:\/\/youngskin.no\/sv\/wp-json\/wp\/v2\/media\/3427"}],"wp:attachment":[{"href":"https:\/\/youngskin.no\/sv\/wp-json\/wp\/v2\/media?parent=3425"}],"wp:term":[{"taxonomy":"product_brand","embeddable":true,"href":"https:\/\/youngskin.no\/sv\/wp-json\/wp\/v2\/product_brand?post=3425"},{"taxonomy":"product_cat","embeddable":true,"href":"https:\/\/youngskin.no\/sv\/wp-json\/wp\/v2\/product_cat?post=3425"},{"taxonomy":"product_tag","embeddable":true,"href":"https:\/\/youngskin.no\/sv\/wp-json\/wp\/v2\/product_tag?post=3425"}],"curies":[{"name":"wp","href":"https:\/\/api.w.org\/{rel}","templated":true}]}}