{"id":3428,"date":"2018-06-03T11:24:46","date_gmt":"2018-06-03T09:24:46","guid":{"rendered":"https:\/\/youngskin.no\/produkter\/aora-night\/"},"modified":"2019-09-01T20:49:19","modified_gmt":"2019-09-01T18:49:19","slug":"aora-night","status":"publish","type":"product","link":"https:\/\/youngskin.no\/sv\/produkter\/aora-night\/","title":{"rendered":"Aora night"},"content":{"rendered":"<p><span class=\"oneComWebmail-font\"><b><span style=\"color: #676767; font-size: small;\">PRODUKTEN INNEH\u00c5LLER NATURLIG ANTIDEPRESSIV OCH GER BLAND ANNAT B\u00c4TTRE OCH MER AVSLAPPNAD S\u00d6MN. PRODUKTEN HAR OCKS\u00c5 EN EFFEKTIV ANTIDEPRESSIV EFFEKT SAMT SKYDDAR CELLERNA MOT OXIDATIV STRESS. STUDIER I SPANIEN , \u00d6VER 4 VECKORS BEHANDLING MOT PLACEBO GAV B\u00c4TTRE S\u00d6MN SOM VAR MER AVSLAPPNAD, MYCKET BRA ANTISTRESS RESULTAT OCH B\u00c4TTRE SKYDD MOT CELLUL\u00c4R OXIDATION. V\u00c5R AORA DAY OCH AORA NIGHT PROJEKTET B\u00d6RJADE MED `AQ AFFRON `EN PATENTERAT OCH STANDARDISERAT UTVINNING AV SAFFRAN. SAFFRAN \u00c4R MEST EFFEKTIVA OCH MST FORSKADE NATURLIGA ANTIDEPRESSIVA UTAN BIVERKNINGAR. ANTALET AV STUDIER G\u00d6R SAFFRANET TILL EN LIKV\u00c4RDIG MEDEL MOT DEPRESSION SOM DE FARMASEUTISKA ALTERNATIVEN.<\/span><\/b><\/span><\/p>\n<div><b><span class=\"oneComWebmail-font\">DET SOM \u00c4R ANNORLUNDA I V\u00c5R PRODUKT \u00c4R ATT DEN \u00c4R STANDARDISERAT. BETYDER ATT DET BLIR KONTROLLERAT PRECIS HUR MYCKET AKTIV SUBSTANS SOM \u00c4R I VARENDA KAPSEL.<\/span><\/b><span class=\"oneComWebmail-highlight\"><span class=\"oneComWebmail-colour\"><span class=\"oneComWebmail-size\"><b><span class=\"oneComWebmail-font\">\u00a0<\/span><span class=\"oneComWebmail-font\">DETTA HAR INTE GJORTS INNAN. DEN F\u00d6RSTA KLINISKA STUDIEN VID HJ\u00c4LP AV STANDARDISERT VERSION BLEV GENOMF\u00d6RD I AUSTRALIEN P\u00c5 130 PERSONER ( DUBBELTBLINDA, PLACEBOKONTROLLERADED OCH RANDOMISERADE) MED EXTRAORDIN\u00c4RA RESULTAT.<\/span><\/b><\/span><\/span><\/span><\/div>\n","protected":false},"excerpt":{"rendered":"<p>PRODUKTEN INNEH\u00c5LLER NATURLIG ANTIDEPRESSIV OCH GER BLAND ANNAT B\u00c4TTRE OCH MER AVSLAPPNAD S\u00d6MN. PRODUKTEN HAR OCKS\u00c5 EN EFFEKTIV ANTIDEPRESSIV EFFEKT SAMT SKYDDAR CELLERNA MOT OXIDATIV STRESS. STUDIER I SPANIEN , \u00d6VER 4 VECKORS BEHANDLING MOT PLACEBO GAV B\u00c4TTRE S\u00d6MN SOM VAR MER AVSLAPPNAD, MYCKET BRA ANTISTRESS RESULTAT OCH B\u00c4TTRE SKYDD MOT CELLUL\u00c4R OXIDATION. V\u00c5R AORA&hellip;<\/p>\n","protected":false},"featured_media":3429,"comment_status":"closed","ping_status":"closed","template":"","meta":[],"product_brand":[],"product_cat":[121],"product_tag":[153],"class_list":{"0":"post-3428","1":"product","2":"type-product","3":"status-publish","4":"has-post-thumbnail","6":"product_cat-hjemmeprodukter-sv","7":"product_tag-kosttilskudd-sv","8":"description-off","10":"first","11":"instock","12":"shipping-taxable","13":"purchasable","14":"product-type-simple"},"yoast_head":"<!-- This site is optimized with the Yoast SEO plugin v27.4 - https:\/\/yoast.com\/product\/yoast-seo-wordpress\/ -->\n<title>Aora night - youngskin.no<\/title>\n<meta name=\"robots\" content=\"index, follow, max-snippet:-1, max-image-preview:large, max-video-preview:-1\" \/>\n<link rel=\"canonical\" href=\"https:\/\/youngskin.no\/sv\/produkter\/aora-night\/\" \/>\n<meta property=\"og:locale\" content=\"sv_SE\" \/>\n<meta property=\"og:type\" content=\"article\" \/>\n<meta property=\"og:title\" content=\"Aora night - youngskin.no\" \/>\n<meta property=\"og:description\" content=\"PRODUKTEN INNEH\u00c5LLER NATURLIG ANTIDEPRESSIV OCH GER BLAND ANNAT B\u00c4TTRE OCH MER AVSLAPPNAD S\u00d6MN. PRODUKTEN HAR OCKS\u00c5 EN EFFEKTIV ANTIDEPRESSIV EFFEKT SAMT SKYDDAR CELLERNA MOT OXIDATIV STRESS. STUDIER I SPANIEN , \u00d6VER 4 VECKORS BEHANDLING MOT PLACEBO GAV B\u00c4TTRE S\u00d6MN SOM VAR MER AVSLAPPNAD, MYCKET BRA ANTISTRESS RESULTAT OCH B\u00c4TTRE SKYDD MOT CELLUL\u00c4R OXIDATION. V\u00c5R AORA&hellip;\" \/>\n<meta property=\"og:url\" content=\"https:\/\/youngskin.no\/sv\/produkter\/aora-night\/\" \/>\n<meta property=\"og:site_name\" content=\"youngskin.no\" \/>\n<meta property=\"article:publisher\" content=\"https:\/\/www.facebook.com\/onegennorge\/\" \/>\n<meta property=\"article:modified_time\" content=\"2019-09-01T18:49:19+00:00\" \/>\n<meta property=\"og:image\" content=\"https:\/\/youngskin.no\/wp-content\/uploads\/1-15.jpg\" \/>\n\t<meta property=\"og:image:width\" content=\"567\" \/>\n\t<meta property=\"og:image:height\" content=\"567\" \/>\n\t<meta property=\"og:image:type\" content=\"image\/jpeg\" \/>\n<meta name=\"twitter:card\" content=\"summary_large_image\" \/>\n<meta name=\"twitter:label1\" content=\"Ber\u00e4knad l\u00e4stid\" \/>\n\t<meta name=\"twitter:data1\" content=\"1 minut\" \/>\n<script type=\"application\/ld+json\" class=\"yoast-schema-graph\">{\"@context\":\"https:\\\/\\\/schema.org\",\"@graph\":[{\"@type\":\"WebPage\",\"@id\":\"https:\\\/\\\/youngskin.no\\\/sv\\\/produkter\\\/aora-night\\\/\",\"url\":\"https:\\\/\\\/youngskin.no\\\/sv\\\/produkter\\\/aora-night\\\/\",\"name\":\"Aora night - youngskin.no\",\"isPartOf\":{\"@id\":\"https:\\\/\\\/youngskin.no\\\/#website\"},\"primaryImageOfPage\":{\"@id\":\"https:\\\/\\\/youngskin.no\\\/sv\\\/produkter\\\/aora-night\\\/#primaryimage\"},\"image\":{\"@id\":\"https:\\\/\\\/youngskin.no\\\/sv\\\/produkter\\\/aora-night\\\/#primaryimage\"},\"thumbnailUrl\":\"https:\\\/\\\/youngskin.no\\\/wp-content\\\/uploads\\\/1-15.jpg\",\"datePublished\":\"2018-06-03T09:24:46+00:00\",\"dateModified\":\"2019-09-01T18:49:19+00:00\",\"breadcrumb\":{\"@id\":\"https:\\\/\\\/youngskin.no\\\/sv\\\/produkter\\\/aora-night\\\/#breadcrumb\"},\"inLanguage\":\"sv-SE\",\"potentialAction\":[{\"@type\":\"ReadAction\",\"target\":[\"https:\\\/\\\/youngskin.no\\\/sv\\\/produkter\\\/aora-night\\\/\"]}]},{\"@type\":\"ImageObject\",\"inLanguage\":\"sv-SE\",\"@id\":\"https:\\\/\\\/youngskin.no\\\/sv\\\/produkter\\\/aora-night\\\/#primaryimage\",\"url\":\"https:\\\/\\\/youngskin.no\\\/wp-content\\\/uploads\\\/1-15.jpg\",\"contentUrl\":\"https:\\\/\\\/youngskin.no\\\/wp-content\\\/uploads\\\/1-15.jpg\",\"width\":567,\"height\":567},{\"@type\":\"BreadcrumbList\",\"@id\":\"https:\\\/\\\/youngskin.no\\\/sv\\\/produkter\\\/aora-night\\\/#breadcrumb\",\"itemListElement\":[{\"@type\":\"ListItem\",\"position\":1,\"name\":\"Hjem\",\"item\":\"https:\\\/\\\/youngskin.no\\\/sv\\\/\"},{\"@type\":\"ListItem\",\"position\":2,\"name\":\"Butikk\",\"item\":\"https:\\\/\\\/youngskin.no\\\/butikk\\\/\"},{\"@type\":\"ListItem\",\"position\":3,\"name\":\"Aora night\"}]},{\"@type\":\"WebSite\",\"@id\":\"https:\\\/\\\/youngskin.no\\\/#website\",\"url\":\"https:\\\/\\\/youngskin.no\\\/\",\"name\":\"youngskin.no\",\"description\":\"youngskin.no\",\"potentialAction\":[{\"@type\":\"SearchAction\",\"target\":{\"@type\":\"EntryPoint\",\"urlTemplate\":\"https:\\\/\\\/youngskin.no\\\/?s={search_term_string}\"},\"query-input\":{\"@type\":\"PropertyValueSpecification\",\"valueRequired\":true,\"valueName\":\"search_term_string\"}}],\"inLanguage\":\"sv-SE\"}]}<\/script>\n<!-- \/ Yoast SEO plugin. -->","yoast_head_json":{"title":"Aora night - youngskin.no","robots":{"index":"index","follow":"follow","max-snippet":"max-snippet:-1","max-image-preview":"max-image-preview:large","max-video-preview":"max-video-preview:-1"},"canonical":"https:\/\/youngskin.no\/sv\/produkter\/aora-night\/","og_locale":"sv_SE","og_type":"article","og_title":"Aora night - youngskin.no","og_description":"PRODUKTEN INNEH\u00c5LLER NATURLIG ANTIDEPRESSIV OCH GER BLAND ANNAT B\u00c4TTRE OCH MER AVSLAPPNAD S\u00d6MN. PRODUKTEN HAR OCKS\u00c5 EN EFFEKTIV ANTIDEPRESSIV EFFEKT SAMT SKYDDAR CELLERNA MOT OXIDATIV STRESS. STUDIER I SPANIEN , \u00d6VER 4 VECKORS BEHANDLING MOT PLACEBO GAV B\u00c4TTRE S\u00d6MN SOM VAR MER AVSLAPPNAD, MYCKET BRA ANTISTRESS RESULTAT OCH B\u00c4TTRE SKYDD MOT CELLUL\u00c4R OXIDATION. V\u00c5R AORA&hellip;","og_url":"https:\/\/youngskin.no\/sv\/produkter\/aora-night\/","og_site_name":"youngskin.no","article_publisher":"https:\/\/www.facebook.com\/onegennorge\/","article_modified_time":"2019-09-01T18:49:19+00:00","og_image":[{"width":567,"height":567,"url":"https:\/\/youngskin.no\/wp-content\/uploads\/1-15.jpg","type":"image\/jpeg"}],"twitter_card":"summary_large_image","twitter_misc":{"Ber\u00e4knad l\u00e4stid":"1 minut"},"schema":{"@context":"https:\/\/schema.org","@graph":[{"@type":"WebPage","@id":"https:\/\/youngskin.no\/sv\/produkter\/aora-night\/","url":"https:\/\/youngskin.no\/sv\/produkter\/aora-night\/","name":"Aora night - youngskin.no","isPartOf":{"@id":"https:\/\/youngskin.no\/#website"},"primaryImageOfPage":{"@id":"https:\/\/youngskin.no\/sv\/produkter\/aora-night\/#primaryimage"},"image":{"@id":"https:\/\/youngskin.no\/sv\/produkter\/aora-night\/#primaryimage"},"thumbnailUrl":"https:\/\/youngskin.no\/wp-content\/uploads\/1-15.jpg","datePublished":"2018-06-03T09:24:46+00:00","dateModified":"2019-09-01T18:49:19+00:00","breadcrumb":{"@id":"https:\/\/youngskin.no\/sv\/produkter\/aora-night\/#breadcrumb"},"inLanguage":"sv-SE","potentialAction":[{"@type":"ReadAction","target":["https:\/\/youngskin.no\/sv\/produkter\/aora-night\/"]}]},{"@type":"ImageObject","inLanguage":"sv-SE","@id":"https:\/\/youngskin.no\/sv\/produkter\/aora-night\/#primaryimage","url":"https:\/\/youngskin.no\/wp-content\/uploads\/1-15.jpg","contentUrl":"https:\/\/youngskin.no\/wp-content\/uploads\/1-15.jpg","width":567,"height":567},{"@type":"BreadcrumbList","@id":"https:\/\/youngskin.no\/sv\/produkter\/aora-night\/#breadcrumb","itemListElement":[{"@type":"ListItem","position":1,"name":"Hjem","item":"https:\/\/youngskin.no\/sv\/"},{"@type":"ListItem","position":2,"name":"Butikk","item":"https:\/\/youngskin.no\/butikk\/"},{"@type":"ListItem","position":3,"name":"Aora night"}]},{"@type":"WebSite","@id":"https:\/\/youngskin.no\/#website","url":"https:\/\/youngskin.no\/","name":"youngskin.no","description":"youngskin.no","potentialAction":[{"@type":"SearchAction","target":{"@type":"EntryPoint","urlTemplate":"https:\/\/youngskin.no\/?s={search_term_string}"},"query-input":{"@type":"PropertyValueSpecification","valueRequired":true,"valueName":"search_term_string"}}],"inLanguage":"sv-SE"}]}},"_links":{"self":[{"href":"https:\/\/youngskin.no\/sv\/wp-json\/wp\/v2\/product\/3428","targetHints":{"allow":["GET"]}}],"collection":[{"href":"https:\/\/youngskin.no\/sv\/wp-json\/wp\/v2\/product"}],"about":[{"href":"https:\/\/youngskin.no\/sv\/wp-json\/wp\/v2\/types\/product"}],"replies":[{"embeddable":true,"href":"https:\/\/youngskin.no\/sv\/wp-json\/wp\/v2\/comments?post=3428"}],"wp:featuredmedia":[{"embeddable":true,"href":"https:\/\/youngskin.no\/sv\/wp-json\/wp\/v2\/media\/3429"}],"wp:attachment":[{"href":"https:\/\/youngskin.no\/sv\/wp-json\/wp\/v2\/media?parent=3428"}],"wp:term":[{"taxonomy":"product_brand","embeddable":true,"href":"https:\/\/youngskin.no\/sv\/wp-json\/wp\/v2\/product_brand?post=3428"},{"taxonomy":"product_cat","embeddable":true,"href":"https:\/\/youngskin.no\/sv\/wp-json\/wp\/v2\/product_cat?post=3428"},{"taxonomy":"product_tag","embeddable":true,"href":"https:\/\/youngskin.no\/sv\/wp-json\/wp\/v2\/product_tag?post=3428"}],"curies":[{"name":"wp","href":"https:\/\/api.w.org\/{rel}","templated":true}]}}