{"id":3446,"date":"2019-09-30T14:54:12","date_gmt":"2019-07-24T12:54:12","guid":{"rendered":"https:\/\/youngskin.no\/produkter\/microneedling-kurs\/"},"modified":"2019-09-01T21:41:59","modified_gmt":"2019-09-01T19:41:59","slug":"microneedling-kurs","status":"publish","type":"product","link":"https:\/\/youngskin.no\/sv\/produkter\/microneedling-kurs\/","title":{"rendered":"Microneedling kurs"},"content":{"rendered":"<div>\n<div>L\u00f6rdag den 28.9.\u00a0<b>\u00a0<\/b><\/div>\n<div>mellan 10-17<\/div>\n<div>teori och praktik<\/div>\n<div>kursen kommer att vara gratis vid k\u00f6p av startpaket<\/div>\n<div>F\u00f6r att f\u00e5 delta i v\u00e5ra kurser m\u00e5ste du vara en auktoriserad hudterapeut.<\/div>\n<div>Du \u00e4r v\u00e4lkommen att kontakta oss p\u00e5 <a href=\"mailto:mia@youngskin.se\" target=\"_blank\" rel=\"noopener noreferrer\">mia@youngskin.se<\/a> vid fr\u00e5gor och anm\u00e4lningen.<\/div>\n<div><\/div>\n<div>Kurserna h\u00e5ller v\u00e5r erfarna huvudl\u00e4rare Grethe, som har l\u00e5ng erfarenhet b\u00e5de p\u00e5 branschen och i microneedling.<\/div>\n<div>\n<blockquote>\n<div class=\"oneComWebmail-html oneComWebmail-mail\">\n<div class=\"oneComWebmail-body\">\n<div><\/div>\n<div>Lite av henne:<\/div>\n<div><b>Grethe Marie Grimen<\/b><\/div>\n<div>Cidesco diplomerad Hudterapeut med 23 \u00e5rs erfarenhet<\/div>\n<div>Jobbat med och undervisat i Microneedling sedan 2008 (n\u00e4r det kom til Europa)<\/div>\n<div><img loading=\"lazy\" decoding=\"async\" src=\"https:\/\/mail.one.com\/api\/mail%40youngskin.no\/mail\/1\/INBOX.Sent\/1461093326\/9250\/2.4?contentId=EBDF754E-A345-4255-A748-A0E09A2DB631&amp;size=35286\" width=\"150\" height=\"150\" \/><\/div>\n<div><\/div>\n<\/div>\n<\/div>\n<\/blockquote>\n<div><\/div>\n<\/div>\n<\/div>\n","protected":false},"excerpt":{"rendered":"<p>L\u00f6rdag den 28.9.\u00a0\u00a0 mellan 10-17 teori och praktik kursen kommer att vara gratis vid k\u00f6p av startpaket F\u00f6r att f\u00e5 delta i v\u00e5ra kurser m\u00e5ste du vara en auktoriserad hudterapeut. Du \u00e4r v\u00e4lkommen att kontakta oss p\u00e5 mia@youngskin.se vid fr\u00e5gor och anm\u00e4lningen. Kurserna h\u00e5ller v\u00e5r erfarna huvudl\u00e4rare Grethe, som har l\u00e5ng erfarenhet b\u00e5de p\u00e5 branschen&hellip;<\/p>\n","protected":false},"featured_media":2801,"comment_status":"closed","ping_status":"closed","template":"","meta":[],"product_brand":[],"product_cat":[155],"product_tag":[],"class_list":{"0":"post-3446","1":"product","2":"type-product","3":"status-publish","4":"has-post-thumbnail","6":"product_cat-kurs-sv","7":"description-off","9":"first","10":"instock","11":"shipping-taxable","12":"product-type-simple"},"yoast_head":"<!-- This site is optimized with the Yoast SEO plugin v27.4 - https:\/\/yoast.com\/product\/yoast-seo-wordpress\/ -->\n<title>Microneedling kurs - youngskin.no<\/title>\n<meta name=\"robots\" content=\"index, follow, max-snippet:-1, max-image-preview:large, max-video-preview:-1\" \/>\n<link rel=\"canonical\" href=\"https:\/\/youngskin.no\/sv\/produkter\/microneedling-kurs\/\" \/>\n<meta property=\"og:locale\" content=\"sv_SE\" \/>\n<meta property=\"og:type\" content=\"article\" \/>\n<meta property=\"og:title\" content=\"Microneedling kurs - youngskin.no\" \/>\n<meta property=\"og:description\" content=\"L\u00f6rdag den 28.9.\u00a0\u00a0 mellan 10-17 teori och praktik kursen kommer att vara gratis vid k\u00f6p av startpaket F\u00f6r att f\u00e5 delta i v\u00e5ra kurser m\u00e5ste du vara en auktoriserad hudterapeut. Du \u00e4r v\u00e4lkommen att kontakta oss p\u00e5 mia@youngskin.se vid fr\u00e5gor och anm\u00e4lningen. Kurserna h\u00e5ller v\u00e5r erfarna huvudl\u00e4rare Grethe, som har l\u00e5ng erfarenhet b\u00e5de p\u00e5 branschen&hellip;\" \/>\n<meta property=\"og:url\" content=\"https:\/\/youngskin.no\/sv\/produkter\/microneedling-kurs\/\" \/>\n<meta property=\"og:site_name\" content=\"youngskin.no\" \/>\n<meta property=\"article:publisher\" content=\"https:\/\/www.facebook.com\/onegennorge\/\" \/>\n<meta property=\"article:modified_time\" content=\"2019-09-01T19:41:59+00:00\" \/>\n<meta property=\"og:image\" content=\"https:\/\/youngskin.no\/wp-content\/uploads\/3-4.jpg\" \/>\n\t<meta property=\"og:image:width\" content=\"567\" \/>\n\t<meta property=\"og:image:height\" content=\"567\" \/>\n\t<meta property=\"og:image:type\" content=\"image\/jpeg\" \/>\n<meta name=\"twitter:card\" content=\"summary_large_image\" \/>\n<script type=\"application\/ld+json\" class=\"yoast-schema-graph\">{\"@context\":\"https:\\\/\\\/schema.org\",\"@graph\":[{\"@type\":\"WebPage\",\"@id\":\"https:\\\/\\\/youngskin.no\\\/sv\\\/produkter\\\/microneedling-kurs\\\/\",\"url\":\"https:\\\/\\\/youngskin.no\\\/sv\\\/produkter\\\/microneedling-kurs\\\/\",\"name\":\"Microneedling kurs - youngskin.no\",\"isPartOf\":{\"@id\":\"https:\\\/\\\/youngskin.no\\\/#website\"},\"primaryImageOfPage\":{\"@id\":\"https:\\\/\\\/youngskin.no\\\/sv\\\/produkter\\\/microneedling-kurs\\\/#primaryimage\"},\"image\":{\"@id\":\"https:\\\/\\\/youngskin.no\\\/sv\\\/produkter\\\/microneedling-kurs\\\/#primaryimage\"},\"thumbnailUrl\":\"https:\\\/\\\/youngskin.no\\\/wp-content\\\/uploads\\\/3-4.jpg\",\"datePublished\":\"2019-07-24T12:54:12+00:00\",\"dateModified\":\"2019-09-01T19:41:59+00:00\",\"breadcrumb\":{\"@id\":\"https:\\\/\\\/youngskin.no\\\/sv\\\/produkter\\\/microneedling-kurs\\\/#breadcrumb\"},\"inLanguage\":\"sv-SE\",\"potentialAction\":[{\"@type\":\"ReadAction\",\"target\":[\"https:\\\/\\\/youngskin.no\\\/sv\\\/produkter\\\/microneedling-kurs\\\/\"]}]},{\"@type\":\"ImageObject\",\"inLanguage\":\"sv-SE\",\"@id\":\"https:\\\/\\\/youngskin.no\\\/sv\\\/produkter\\\/microneedling-kurs\\\/#primaryimage\",\"url\":\"https:\\\/\\\/youngskin.no\\\/wp-content\\\/uploads\\\/3-4.jpg\",\"contentUrl\":\"https:\\\/\\\/youngskin.no\\\/wp-content\\\/uploads\\\/3-4.jpg\",\"width\":567,\"height\":567},{\"@type\":\"BreadcrumbList\",\"@id\":\"https:\\\/\\\/youngskin.no\\\/sv\\\/produkter\\\/microneedling-kurs\\\/#breadcrumb\",\"itemListElement\":[{\"@type\":\"ListItem\",\"position\":1,\"name\":\"Hjem\",\"item\":\"https:\\\/\\\/youngskin.no\\\/sv\\\/\"},{\"@type\":\"ListItem\",\"position\":2,\"name\":\"Butikk\",\"item\":\"https:\\\/\\\/youngskin.no\\\/butikk\\\/\"},{\"@type\":\"ListItem\",\"position\":3,\"name\":\"Microneedling kurs\"}]},{\"@type\":\"WebSite\",\"@id\":\"https:\\\/\\\/youngskin.no\\\/#website\",\"url\":\"https:\\\/\\\/youngskin.no\\\/\",\"name\":\"youngskin.no\",\"description\":\"youngskin.no\",\"potentialAction\":[{\"@type\":\"SearchAction\",\"target\":{\"@type\":\"EntryPoint\",\"urlTemplate\":\"https:\\\/\\\/youngskin.no\\\/?s={search_term_string}\"},\"query-input\":{\"@type\":\"PropertyValueSpecification\",\"valueRequired\":true,\"valueName\":\"search_term_string\"}}],\"inLanguage\":\"sv-SE\"}]}<\/script>\n<!-- \/ Yoast SEO plugin. -->","yoast_head_json":{"title":"Microneedling kurs - youngskin.no","robots":{"index":"index","follow":"follow","max-snippet":"max-snippet:-1","max-image-preview":"max-image-preview:large","max-video-preview":"max-video-preview:-1"},"canonical":"https:\/\/youngskin.no\/sv\/produkter\/microneedling-kurs\/","og_locale":"sv_SE","og_type":"article","og_title":"Microneedling kurs - youngskin.no","og_description":"L\u00f6rdag den 28.9.\u00a0\u00a0 mellan 10-17 teori och praktik kursen kommer att vara gratis vid k\u00f6p av startpaket F\u00f6r att f\u00e5 delta i v\u00e5ra kurser m\u00e5ste du vara en auktoriserad hudterapeut. Du \u00e4r v\u00e4lkommen att kontakta oss p\u00e5 mia@youngskin.se vid fr\u00e5gor och anm\u00e4lningen. Kurserna h\u00e5ller v\u00e5r erfarna huvudl\u00e4rare Grethe, som har l\u00e5ng erfarenhet b\u00e5de p\u00e5 branschen&hellip;","og_url":"https:\/\/youngskin.no\/sv\/produkter\/microneedling-kurs\/","og_site_name":"youngskin.no","article_publisher":"https:\/\/www.facebook.com\/onegennorge\/","article_modified_time":"2019-09-01T19:41:59+00:00","og_image":[{"width":567,"height":567,"url":"https:\/\/youngskin.no\/wp-content\/uploads\/3-4.jpg","type":"image\/jpeg"}],"twitter_card":"summary_large_image","schema":{"@context":"https:\/\/schema.org","@graph":[{"@type":"WebPage","@id":"https:\/\/youngskin.no\/sv\/produkter\/microneedling-kurs\/","url":"https:\/\/youngskin.no\/sv\/produkter\/microneedling-kurs\/","name":"Microneedling kurs - youngskin.no","isPartOf":{"@id":"https:\/\/youngskin.no\/#website"},"primaryImageOfPage":{"@id":"https:\/\/youngskin.no\/sv\/produkter\/microneedling-kurs\/#primaryimage"},"image":{"@id":"https:\/\/youngskin.no\/sv\/produkter\/microneedling-kurs\/#primaryimage"},"thumbnailUrl":"https:\/\/youngskin.no\/wp-content\/uploads\/3-4.jpg","datePublished":"2019-07-24T12:54:12+00:00","dateModified":"2019-09-01T19:41:59+00:00","breadcrumb":{"@id":"https:\/\/youngskin.no\/sv\/produkter\/microneedling-kurs\/#breadcrumb"},"inLanguage":"sv-SE","potentialAction":[{"@type":"ReadAction","target":["https:\/\/youngskin.no\/sv\/produkter\/microneedling-kurs\/"]}]},{"@type":"ImageObject","inLanguage":"sv-SE","@id":"https:\/\/youngskin.no\/sv\/produkter\/microneedling-kurs\/#primaryimage","url":"https:\/\/youngskin.no\/wp-content\/uploads\/3-4.jpg","contentUrl":"https:\/\/youngskin.no\/wp-content\/uploads\/3-4.jpg","width":567,"height":567},{"@type":"BreadcrumbList","@id":"https:\/\/youngskin.no\/sv\/produkter\/microneedling-kurs\/#breadcrumb","itemListElement":[{"@type":"ListItem","position":1,"name":"Hjem","item":"https:\/\/youngskin.no\/sv\/"},{"@type":"ListItem","position":2,"name":"Butikk","item":"https:\/\/youngskin.no\/butikk\/"},{"@type":"ListItem","position":3,"name":"Microneedling kurs"}]},{"@type":"WebSite","@id":"https:\/\/youngskin.no\/#website","url":"https:\/\/youngskin.no\/","name":"youngskin.no","description":"youngskin.no","potentialAction":[{"@type":"SearchAction","target":{"@type":"EntryPoint","urlTemplate":"https:\/\/youngskin.no\/?s={search_term_string}"},"query-input":{"@type":"PropertyValueSpecification","valueRequired":true,"valueName":"search_term_string"}}],"inLanguage":"sv-SE"}]}},"_links":{"self":[{"href":"https:\/\/youngskin.no\/sv\/wp-json\/wp\/v2\/product\/3446","targetHints":{"allow":["GET"]}}],"collection":[{"href":"https:\/\/youngskin.no\/sv\/wp-json\/wp\/v2\/product"}],"about":[{"href":"https:\/\/youngskin.no\/sv\/wp-json\/wp\/v2\/types\/product"}],"replies":[{"embeddable":true,"href":"https:\/\/youngskin.no\/sv\/wp-json\/wp\/v2\/comments?post=3446"}],"wp:featuredmedia":[{"embeddable":true,"href":"https:\/\/youngskin.no\/sv\/wp-json\/wp\/v2\/media\/2801"}],"wp:attachment":[{"href":"https:\/\/youngskin.no\/sv\/wp-json\/wp\/v2\/media?parent=3446"}],"wp:term":[{"taxonomy":"product_brand","embeddable":true,"href":"https:\/\/youngskin.no\/sv\/wp-json\/wp\/v2\/product_brand?post=3446"},{"taxonomy":"product_cat","embeddable":true,"href":"https:\/\/youngskin.no\/sv\/wp-json\/wp\/v2\/product_cat?post=3446"},{"taxonomy":"product_tag","embeddable":true,"href":"https:\/\/youngskin.no\/sv\/wp-json\/wp\/v2\/product_tag?post=3446"}],"curies":[{"name":"wp","href":"https:\/\/api.w.org\/{rel}","templated":true}]}}