{"id":3465,"date":"2019-01-30T15:38:03","date_gmt":"2019-07-24T13:38:03","guid":{"rendered":"https:\/\/youngskin.no\/produkter\/beauty-expert-kurs\/"},"modified":"2019-09-01T21:33:56","modified_gmt":"2019-09-01T19:33:56","slug":"beauty-expert-kurs","status":"publish","type":"product","link":"https:\/\/youngskin.no\/sv\/produkter\/beauty-expert-kurs\/","title":{"rendered":"Beauty Expert kurs"},"content":{"rendered":"<div>\n<div>Nu har du en h\u00e4rlig m\u00f6jlighet att delta i intressanta<\/div>\n<div>kurser som vi i Young Skin anordnar.<\/div>\n<div><\/div>\n<div>Vi kommer att ha f\u00f6ljande kurser i h\u00f6st:<\/div>\n<div>Tisdag, 10.9 BeautyXpert \u00a0 Kl 10-12<\/div>\n<div>Teori och demobehandling<\/div>\n<div>L\u00f6rdag, 2.11 BeautyXpert<\/div>\n<div>Teori och demobehandling<\/div>\n<div><\/div>\n<\/div>\n<div>Du \u00e4r v\u00e4lkommen att kontakta oss p\u00e5 \u00a0<a href=\"mailto:mia@youngskin.se\" target=\"_blank\" rel=\"noopener noreferrer\">mia@youngskin.se<\/a>\u00a0vid fr\u00e5gor och anm\u00e4lningen.<\/div>\n","protected":false},"excerpt":{"rendered":"<p>Nu har du en h\u00e4rlig m\u00f6jlighet att delta i intressanta kurser som vi i Young Skin anordnar. Vi kommer att ha f\u00f6ljande kurser i h\u00f6st: Tisdag, 10.9 BeautyXpert \u00a0 Kl 10-12 Teori och demobehandling L\u00f6rdag, 2.11 BeautyXpert Teori och demobehandling Du \u00e4r v\u00e4lkommen att kontakta oss p\u00e5 \u00a0mia@youngskin.se\u00a0vid fr\u00e5gor och anm\u00e4lningen.<\/p>\n","protected":false},"featured_media":3458,"comment_status":"closed","ping_status":"closed","template":"","meta":[],"product_brand":[],"product_cat":[155],"product_tag":[],"class_list":{"0":"post-3465","1":"product","2":"type-product","3":"status-publish","4":"has-post-thumbnail","6":"product_cat-kurs-sv","7":"description-off","9":"first","10":"instock","11":"shipping-taxable","12":"product-type-simple"},"yoast_head":"<!-- This site is optimized with the Yoast SEO plugin v27.4 - https:\/\/yoast.com\/product\/yoast-seo-wordpress\/ -->\n<title>Beauty Expert kurs - youngskin.no<\/title>\n<meta name=\"robots\" content=\"index, follow, max-snippet:-1, max-image-preview:large, max-video-preview:-1\" \/>\n<link rel=\"canonical\" href=\"https:\/\/youngskin.no\/sv\/produkter\/beauty-expert-kurs\/\" \/>\n<meta property=\"og:locale\" content=\"sv_SE\" \/>\n<meta property=\"og:type\" content=\"article\" \/>\n<meta property=\"og:title\" content=\"Beauty Expert kurs - youngskin.no\" \/>\n<meta property=\"og:description\" content=\"Nu har du en h\u00e4rlig m\u00f6jlighet att delta i intressanta kurser som vi i Young Skin anordnar. Vi kommer att ha f\u00f6ljande kurser i h\u00f6st: Tisdag, 10.9 BeautyXpert \u00a0 Kl 10-12 Teori och demobehandling L\u00f6rdag, 2.11 BeautyXpert Teori och demobehandling Du \u00e4r v\u00e4lkommen att kontakta oss p\u00e5 \u00a0mia@youngskin.se\u00a0vid fr\u00e5gor och anm\u00e4lningen.\" \/>\n<meta property=\"og:url\" content=\"https:\/\/youngskin.no\/sv\/produkter\/beauty-expert-kurs\/\" \/>\n<meta property=\"og:site_name\" content=\"youngskin.no\" \/>\n<meta property=\"article:publisher\" content=\"https:\/\/www.facebook.com\/onegennorge\/\" \/>\n<meta property=\"article:modified_time\" content=\"2019-09-01T19:33:56+00:00\" \/>\n<meta property=\"og:image\" content=\"https:\/\/youngskin.no\/wp-content\/uploads\/beautyexpert-til-nettsiden.jpg\" \/>\n\t<meta property=\"og:image:width\" content=\"567\" \/>\n\t<meta property=\"og:image:height\" content=\"567\" \/>\n\t<meta property=\"og:image:type\" content=\"image\/jpeg\" \/>\n<meta name=\"twitter:card\" content=\"summary_large_image\" \/>\n<script type=\"application\/ld+json\" class=\"yoast-schema-graph\">{\"@context\":\"https:\\\/\\\/schema.org\",\"@graph\":[{\"@type\":\"WebPage\",\"@id\":\"https:\\\/\\\/youngskin.no\\\/sv\\\/produkter\\\/beauty-expert-kurs\\\/\",\"url\":\"https:\\\/\\\/youngskin.no\\\/sv\\\/produkter\\\/beauty-expert-kurs\\\/\",\"name\":\"Beauty Expert kurs - youngskin.no\",\"isPartOf\":{\"@id\":\"https:\\\/\\\/youngskin.no\\\/#website\"},\"primaryImageOfPage\":{\"@id\":\"https:\\\/\\\/youngskin.no\\\/sv\\\/produkter\\\/beauty-expert-kurs\\\/#primaryimage\"},\"image\":{\"@id\":\"https:\\\/\\\/youngskin.no\\\/sv\\\/produkter\\\/beauty-expert-kurs\\\/#primaryimage\"},\"thumbnailUrl\":\"https:\\\/\\\/youngskin.no\\\/wp-content\\\/uploads\\\/beautyexpert-til-nettsiden.jpg\",\"datePublished\":\"2019-07-24T13:38:03+00:00\",\"dateModified\":\"2019-09-01T19:33:56+00:00\",\"breadcrumb\":{\"@id\":\"https:\\\/\\\/youngskin.no\\\/sv\\\/produkter\\\/beauty-expert-kurs\\\/#breadcrumb\"},\"inLanguage\":\"sv-SE\",\"potentialAction\":[{\"@type\":\"ReadAction\",\"target\":[\"https:\\\/\\\/youngskin.no\\\/sv\\\/produkter\\\/beauty-expert-kurs\\\/\"]}]},{\"@type\":\"ImageObject\",\"inLanguage\":\"sv-SE\",\"@id\":\"https:\\\/\\\/youngskin.no\\\/sv\\\/produkter\\\/beauty-expert-kurs\\\/#primaryimage\",\"url\":\"https:\\\/\\\/youngskin.no\\\/wp-content\\\/uploads\\\/beautyexpert-til-nettsiden.jpg\",\"contentUrl\":\"https:\\\/\\\/youngskin.no\\\/wp-content\\\/uploads\\\/beautyexpert-til-nettsiden.jpg\",\"width\":567,\"height\":567},{\"@type\":\"BreadcrumbList\",\"@id\":\"https:\\\/\\\/youngskin.no\\\/sv\\\/produkter\\\/beauty-expert-kurs\\\/#breadcrumb\",\"itemListElement\":[{\"@type\":\"ListItem\",\"position\":1,\"name\":\"Hjem\",\"item\":\"https:\\\/\\\/youngskin.no\\\/sv\\\/\"},{\"@type\":\"ListItem\",\"position\":2,\"name\":\"Butikk\",\"item\":\"https:\\\/\\\/youngskin.no\\\/butikk\\\/\"},{\"@type\":\"ListItem\",\"position\":3,\"name\":\"Beauty Expert kurs\"}]},{\"@type\":\"WebSite\",\"@id\":\"https:\\\/\\\/youngskin.no\\\/#website\",\"url\":\"https:\\\/\\\/youngskin.no\\\/\",\"name\":\"youngskin.no\",\"description\":\"youngskin.no\",\"potentialAction\":[{\"@type\":\"SearchAction\",\"target\":{\"@type\":\"EntryPoint\",\"urlTemplate\":\"https:\\\/\\\/youngskin.no\\\/?s={search_term_string}\"},\"query-input\":{\"@type\":\"PropertyValueSpecification\",\"valueRequired\":true,\"valueName\":\"search_term_string\"}}],\"inLanguage\":\"sv-SE\"}]}<\/script>\n<!-- \/ Yoast SEO plugin. -->","yoast_head_json":{"title":"Beauty Expert kurs - youngskin.no","robots":{"index":"index","follow":"follow","max-snippet":"max-snippet:-1","max-image-preview":"max-image-preview:large","max-video-preview":"max-video-preview:-1"},"canonical":"https:\/\/youngskin.no\/sv\/produkter\/beauty-expert-kurs\/","og_locale":"sv_SE","og_type":"article","og_title":"Beauty Expert kurs - youngskin.no","og_description":"Nu har du en h\u00e4rlig m\u00f6jlighet att delta i intressanta kurser som vi i Young Skin anordnar. Vi kommer att ha f\u00f6ljande kurser i h\u00f6st: Tisdag, 10.9 BeautyXpert \u00a0 Kl 10-12 Teori och demobehandling L\u00f6rdag, 2.11 BeautyXpert Teori och demobehandling Du \u00e4r v\u00e4lkommen att kontakta oss p\u00e5 \u00a0mia@youngskin.se\u00a0vid fr\u00e5gor och anm\u00e4lningen.","og_url":"https:\/\/youngskin.no\/sv\/produkter\/beauty-expert-kurs\/","og_site_name":"youngskin.no","article_publisher":"https:\/\/www.facebook.com\/onegennorge\/","article_modified_time":"2019-09-01T19:33:56+00:00","og_image":[{"width":567,"height":567,"url":"https:\/\/youngskin.no\/wp-content\/uploads\/beautyexpert-til-nettsiden.jpg","type":"image\/jpeg"}],"twitter_card":"summary_large_image","schema":{"@context":"https:\/\/schema.org","@graph":[{"@type":"WebPage","@id":"https:\/\/youngskin.no\/sv\/produkter\/beauty-expert-kurs\/","url":"https:\/\/youngskin.no\/sv\/produkter\/beauty-expert-kurs\/","name":"Beauty Expert kurs - youngskin.no","isPartOf":{"@id":"https:\/\/youngskin.no\/#website"},"primaryImageOfPage":{"@id":"https:\/\/youngskin.no\/sv\/produkter\/beauty-expert-kurs\/#primaryimage"},"image":{"@id":"https:\/\/youngskin.no\/sv\/produkter\/beauty-expert-kurs\/#primaryimage"},"thumbnailUrl":"https:\/\/youngskin.no\/wp-content\/uploads\/beautyexpert-til-nettsiden.jpg","datePublished":"2019-07-24T13:38:03+00:00","dateModified":"2019-09-01T19:33:56+00:00","breadcrumb":{"@id":"https:\/\/youngskin.no\/sv\/produkter\/beauty-expert-kurs\/#breadcrumb"},"inLanguage":"sv-SE","potentialAction":[{"@type":"ReadAction","target":["https:\/\/youngskin.no\/sv\/produkter\/beauty-expert-kurs\/"]}]},{"@type":"ImageObject","inLanguage":"sv-SE","@id":"https:\/\/youngskin.no\/sv\/produkter\/beauty-expert-kurs\/#primaryimage","url":"https:\/\/youngskin.no\/wp-content\/uploads\/beautyexpert-til-nettsiden.jpg","contentUrl":"https:\/\/youngskin.no\/wp-content\/uploads\/beautyexpert-til-nettsiden.jpg","width":567,"height":567},{"@type":"BreadcrumbList","@id":"https:\/\/youngskin.no\/sv\/produkter\/beauty-expert-kurs\/#breadcrumb","itemListElement":[{"@type":"ListItem","position":1,"name":"Hjem","item":"https:\/\/youngskin.no\/sv\/"},{"@type":"ListItem","position":2,"name":"Butikk","item":"https:\/\/youngskin.no\/butikk\/"},{"@type":"ListItem","position":3,"name":"Beauty Expert kurs"}]},{"@type":"WebSite","@id":"https:\/\/youngskin.no\/#website","url":"https:\/\/youngskin.no\/","name":"youngskin.no","description":"youngskin.no","potentialAction":[{"@type":"SearchAction","target":{"@type":"EntryPoint","urlTemplate":"https:\/\/youngskin.no\/?s={search_term_string}"},"query-input":{"@type":"PropertyValueSpecification","valueRequired":true,"valueName":"search_term_string"}}],"inLanguage":"sv-SE"}]}},"_links":{"self":[{"href":"https:\/\/youngskin.no\/sv\/wp-json\/wp\/v2\/product\/3465","targetHints":{"allow":["GET"]}}],"collection":[{"href":"https:\/\/youngskin.no\/sv\/wp-json\/wp\/v2\/product"}],"about":[{"href":"https:\/\/youngskin.no\/sv\/wp-json\/wp\/v2\/types\/product"}],"replies":[{"embeddable":true,"href":"https:\/\/youngskin.no\/sv\/wp-json\/wp\/v2\/comments?post=3465"}],"wp:featuredmedia":[{"embeddable":true,"href":"https:\/\/youngskin.no\/sv\/wp-json\/wp\/v2\/media\/3458"}],"wp:attachment":[{"href":"https:\/\/youngskin.no\/sv\/wp-json\/wp\/v2\/media?parent=3465"}],"wp:term":[{"taxonomy":"product_brand","embeddable":true,"href":"https:\/\/youngskin.no\/sv\/wp-json\/wp\/v2\/product_brand?post=3465"},{"taxonomy":"product_cat","embeddable":true,"href":"https:\/\/youngskin.no\/sv\/wp-json\/wp\/v2\/product_cat?post=3465"},{"taxonomy":"product_tag","embeddable":true,"href":"https:\/\/youngskin.no\/sv\/wp-json\/wp\/v2\/product_tag?post=3465"}],"curies":[{"name":"wp","href":"https:\/\/api.w.org\/{rel}","templated":true}]}}