{"id":3717,"date":"2019-01-30T15:41:18","date_gmt":"2019-11-07T13:41:18","guid":{"rendered":"https:\/\/youngskin.no\/produkter\/inner-ocean-parfum100ml\/"},"modified":"2019-11-07T15:41:18","modified_gmt":"2019-11-07T13:41:18","slug":"inner-ocean-parfum100ml","status":"publish","type":"product","link":"https:\/\/youngskin.no\/sv\/produkter\/inner-ocean-parfum100ml\/","title":{"rendered":"INNER Ocean parfum100ml"},"content":{"rendered":"<div>\n<div>EMULSCENT PARFUM 0% ALCOHOL OCEAN<\/div>\n<div>kosmetisk parfym<\/div>\n<div><\/div>\n<div>Alkoholfri version. Parfym med inspiration fr\u00e5n havet, den inneh\u00e5ller aktiva kosmetiska ingredienser som fr\u00e4mjar hudens naturliga aroma till sin fulla ungdomlighet.<\/div>\n<div><\/div>\n<div><\/div>\n<div>Anti-aging science: Aktiv ingrediens som neutraliserar 2-NONENAL (produseras naturligt i huden pga lipidperoxidation) f\u00f6r att p\u00e5nyttf\u00f6da\u00a0 ungdomens naturliga essens.<\/div>\n<div><\/div>\n<div>Kosmetikkvetenskap: Inneh\u00e5ller bioteknologiska ingredienser fr\u00e5n havet, peptider som h\u00e4mmar kroppslukt och marina molekyl\u00e4ra filmer som till\u00e5ter en l\u00e5ngvarig effekt av parfym. Det inneh\u00e5ller ocks\u00e5\u00a0 det exklusiva<\/div>\n<div>Sirtalice \u2122 -molekylet, funnet p\u00e5 Reunion Island p\u00e5 3.400 meters djup.<\/div>\n<div><\/div>\n<div>ESSENCE \u00e4r utvecklat av den k\u00e4nde parfym\u00f6ren Ram\u00f3n Monegal!<\/div>\n<div><\/div>\n<\/div>\n","protected":false},"excerpt":{"rendered":"<p>EMULSCENT PARFUM 0% ALCOHOL OCEAN kosmetisk parfym Alkoholfri version. Parfym med inspiration fr\u00e5n havet, den inneh\u00e5ller aktiva kosmetiska ingredienser som fr\u00e4mjar hudens naturliga aroma till sin fulla ungdomlighet. Anti-aging science: Aktiv ingrediens som neutraliserar 2-NONENAL (produseras naturligt i huden pga lipidperoxidation) f\u00f6r att p\u00e5nyttf\u00f6da\u00a0 ungdomens naturliga essens. Kosmetikkvetenskap: Inneh\u00e5ller bioteknologiska ingredienser fr\u00e5n havet, peptider som&hellip;<\/p>\n","protected":false},"featured_media":3716,"comment_status":"closed","ping_status":"closed","template":"","meta":[],"product_brand":[],"product_cat":[121,123,173],"product_tag":[],"class_list":{"0":"post-3717","1":"product","2":"type-product","3":"status-publish","4":"has-post-thumbnail","6":"product_cat-hjemmeprodukter-sv","7":"product_cat-one-gen01-sv","8":"product_cat-uncategorized-sv","9":"description-off","11":"first","12":"instock","13":"shipping-taxable","14":"purchasable","15":"product-type-simple"},"yoast_head":"<!-- This site is optimized with the Yoast SEO plugin v27.3 - https:\/\/yoast.com\/product\/yoast-seo-wordpress\/ -->\n<title>INNER Ocean parfum100ml - youngskin.no<\/title>\n<meta name=\"robots\" content=\"index, follow, max-snippet:-1, max-image-preview:large, max-video-preview:-1\" \/>\n<link rel=\"canonical\" href=\"https:\/\/youngskin.no\/sv\/produkter\/inner-ocean-parfum100ml\/\" \/>\n<meta property=\"og:locale\" content=\"sv_SE\" \/>\n<meta property=\"og:type\" content=\"article\" \/>\n<meta property=\"og:title\" content=\"INNER Ocean parfum100ml - youngskin.no\" \/>\n<meta property=\"og:description\" content=\"EMULSCENT PARFUM 0% ALCOHOL OCEAN kosmetisk parfym Alkoholfri version. Parfym med inspiration fr\u00e5n havet, den inneh\u00e5ller aktiva kosmetiska ingredienser som fr\u00e4mjar hudens naturliga aroma till sin fulla ungdomlighet. Anti-aging science: Aktiv ingrediens som neutraliserar 2-NONENAL (produseras naturligt i huden pga lipidperoxidation) f\u00f6r att p\u00e5nyttf\u00f6da\u00a0 ungdomens naturliga essens. Kosmetikkvetenskap: Inneh\u00e5ller bioteknologiska ingredienser fr\u00e5n havet, peptider som&hellip;\" \/>\n<meta property=\"og:url\" content=\"https:\/\/youngskin.no\/sv\/produkter\/inner-ocean-parfum100ml\/\" \/>\n<meta property=\"og:site_name\" content=\"youngskin.no\" \/>\n<meta property=\"article:publisher\" content=\"https:\/\/www.facebook.com\/onegennorge\/\" \/>\n<meta property=\"og:image\" content=\"https:\/\/youngskin.no\/wp-content\/uploads\/inner-nettsiden.png\" \/>\n\t<meta property=\"og:image:width\" content=\"425\" \/>\n\t<meta property=\"og:image:height\" content=\"425\" \/>\n\t<meta property=\"og:image:type\" content=\"image\/png\" \/>\n<meta name=\"twitter:card\" content=\"summary_large_image\" \/>\n<meta name=\"twitter:label1\" content=\"Ber\u00e4knad l\u00e4stid\" \/>\n\t<meta name=\"twitter:data1\" content=\"1 minut\" \/>\n<script type=\"application\/ld+json\" class=\"yoast-schema-graph\">{\"@context\":\"https:\\\/\\\/schema.org\",\"@graph\":[{\"@type\":\"WebPage\",\"@id\":\"https:\\\/\\\/youngskin.no\\\/sv\\\/produkter\\\/inner-ocean-parfum100ml\\\/\",\"url\":\"https:\\\/\\\/youngskin.no\\\/sv\\\/produkter\\\/inner-ocean-parfum100ml\\\/\",\"name\":\"INNER Ocean parfum100ml - youngskin.no\",\"isPartOf\":{\"@id\":\"https:\\\/\\\/youngskin.no\\\/#website\"},\"primaryImageOfPage\":{\"@id\":\"https:\\\/\\\/youngskin.no\\\/sv\\\/produkter\\\/inner-ocean-parfum100ml\\\/#primaryimage\"},\"image\":{\"@id\":\"https:\\\/\\\/youngskin.no\\\/sv\\\/produkter\\\/inner-ocean-parfum100ml\\\/#primaryimage\"},\"thumbnailUrl\":\"https:\\\/\\\/youngskin.no\\\/wp-content\\\/uploads\\\/inner-nettsiden.png\",\"datePublished\":\"2019-11-07T13:41:18+00:00\",\"breadcrumb\":{\"@id\":\"https:\\\/\\\/youngskin.no\\\/sv\\\/produkter\\\/inner-ocean-parfum100ml\\\/#breadcrumb\"},\"inLanguage\":\"sv-SE\",\"potentialAction\":[{\"@type\":\"ReadAction\",\"target\":[\"https:\\\/\\\/youngskin.no\\\/sv\\\/produkter\\\/inner-ocean-parfum100ml\\\/\"]}]},{\"@type\":\"ImageObject\",\"inLanguage\":\"sv-SE\",\"@id\":\"https:\\\/\\\/youngskin.no\\\/sv\\\/produkter\\\/inner-ocean-parfum100ml\\\/#primaryimage\",\"url\":\"https:\\\/\\\/youngskin.no\\\/wp-content\\\/uploads\\\/inner-nettsiden.png\",\"contentUrl\":\"https:\\\/\\\/youngskin.no\\\/wp-content\\\/uploads\\\/inner-nettsiden.png\",\"width\":425,\"height\":425},{\"@type\":\"BreadcrumbList\",\"@id\":\"https:\\\/\\\/youngskin.no\\\/sv\\\/produkter\\\/inner-ocean-parfum100ml\\\/#breadcrumb\",\"itemListElement\":[{\"@type\":\"ListItem\",\"position\":1,\"name\":\"Hjem\",\"item\":\"https:\\\/\\\/youngskin.no\\\/sv\\\/\"},{\"@type\":\"ListItem\",\"position\":2,\"name\":\"Butikk\",\"item\":\"https:\\\/\\\/youngskin.no\\\/butikk\\\/\"},{\"@type\":\"ListItem\",\"position\":3,\"name\":\"INNER Ocean parfum100ml\"}]},{\"@type\":\"WebSite\",\"@id\":\"https:\\\/\\\/youngskin.no\\\/#website\",\"url\":\"https:\\\/\\\/youngskin.no\\\/\",\"name\":\"youngskin.no\",\"description\":\"youngskin.no\",\"potentialAction\":[{\"@type\":\"SearchAction\",\"target\":{\"@type\":\"EntryPoint\",\"urlTemplate\":\"https:\\\/\\\/youngskin.no\\\/?s={search_term_string}\"},\"query-input\":{\"@type\":\"PropertyValueSpecification\",\"valueRequired\":true,\"valueName\":\"search_term_string\"}}],\"inLanguage\":\"sv-SE\"}]}<\/script>\n<!-- \/ Yoast SEO plugin. -->","yoast_head_json":{"title":"INNER Ocean parfum100ml - youngskin.no","robots":{"index":"index","follow":"follow","max-snippet":"max-snippet:-1","max-image-preview":"max-image-preview:large","max-video-preview":"max-video-preview:-1"},"canonical":"https:\/\/youngskin.no\/sv\/produkter\/inner-ocean-parfum100ml\/","og_locale":"sv_SE","og_type":"article","og_title":"INNER Ocean parfum100ml - youngskin.no","og_description":"EMULSCENT PARFUM 0% ALCOHOL OCEAN kosmetisk parfym Alkoholfri version. Parfym med inspiration fr\u00e5n havet, den inneh\u00e5ller aktiva kosmetiska ingredienser som fr\u00e4mjar hudens naturliga aroma till sin fulla ungdomlighet. Anti-aging science: Aktiv ingrediens som neutraliserar 2-NONENAL (produseras naturligt i huden pga lipidperoxidation) f\u00f6r att p\u00e5nyttf\u00f6da\u00a0 ungdomens naturliga essens. Kosmetikkvetenskap: Inneh\u00e5ller bioteknologiska ingredienser fr\u00e5n havet, peptider som&hellip;","og_url":"https:\/\/youngskin.no\/sv\/produkter\/inner-ocean-parfum100ml\/","og_site_name":"youngskin.no","article_publisher":"https:\/\/www.facebook.com\/onegennorge\/","og_image":[{"width":425,"height":425,"url":"https:\/\/youngskin.no\/wp-content\/uploads\/inner-nettsiden.png","type":"image\/png"}],"twitter_card":"summary_large_image","twitter_misc":{"Ber\u00e4knad l\u00e4stid":"1 minut"},"schema":{"@context":"https:\/\/schema.org","@graph":[{"@type":"WebPage","@id":"https:\/\/youngskin.no\/sv\/produkter\/inner-ocean-parfum100ml\/","url":"https:\/\/youngskin.no\/sv\/produkter\/inner-ocean-parfum100ml\/","name":"INNER Ocean parfum100ml - youngskin.no","isPartOf":{"@id":"https:\/\/youngskin.no\/#website"},"primaryImageOfPage":{"@id":"https:\/\/youngskin.no\/sv\/produkter\/inner-ocean-parfum100ml\/#primaryimage"},"image":{"@id":"https:\/\/youngskin.no\/sv\/produkter\/inner-ocean-parfum100ml\/#primaryimage"},"thumbnailUrl":"https:\/\/youngskin.no\/wp-content\/uploads\/inner-nettsiden.png","datePublished":"2019-11-07T13:41:18+00:00","breadcrumb":{"@id":"https:\/\/youngskin.no\/sv\/produkter\/inner-ocean-parfum100ml\/#breadcrumb"},"inLanguage":"sv-SE","potentialAction":[{"@type":"ReadAction","target":["https:\/\/youngskin.no\/sv\/produkter\/inner-ocean-parfum100ml\/"]}]},{"@type":"ImageObject","inLanguage":"sv-SE","@id":"https:\/\/youngskin.no\/sv\/produkter\/inner-ocean-parfum100ml\/#primaryimage","url":"https:\/\/youngskin.no\/wp-content\/uploads\/inner-nettsiden.png","contentUrl":"https:\/\/youngskin.no\/wp-content\/uploads\/inner-nettsiden.png","width":425,"height":425},{"@type":"BreadcrumbList","@id":"https:\/\/youngskin.no\/sv\/produkter\/inner-ocean-parfum100ml\/#breadcrumb","itemListElement":[{"@type":"ListItem","position":1,"name":"Hjem","item":"https:\/\/youngskin.no\/sv\/"},{"@type":"ListItem","position":2,"name":"Butikk","item":"https:\/\/youngskin.no\/butikk\/"},{"@type":"ListItem","position":3,"name":"INNER Ocean parfum100ml"}]},{"@type":"WebSite","@id":"https:\/\/youngskin.no\/#website","url":"https:\/\/youngskin.no\/","name":"youngskin.no","description":"youngskin.no","potentialAction":[{"@type":"SearchAction","target":{"@type":"EntryPoint","urlTemplate":"https:\/\/youngskin.no\/?s={search_term_string}"},"query-input":{"@type":"PropertyValueSpecification","valueRequired":true,"valueName":"search_term_string"}}],"inLanguage":"sv-SE"}]}},"_links":{"self":[{"href":"https:\/\/youngskin.no\/sv\/wp-json\/wp\/v2\/product\/3717","targetHints":{"allow":["GET"]}}],"collection":[{"href":"https:\/\/youngskin.no\/sv\/wp-json\/wp\/v2\/product"}],"about":[{"href":"https:\/\/youngskin.no\/sv\/wp-json\/wp\/v2\/types\/product"}],"replies":[{"embeddable":true,"href":"https:\/\/youngskin.no\/sv\/wp-json\/wp\/v2\/comments?post=3717"}],"wp:featuredmedia":[{"embeddable":true,"href":"https:\/\/youngskin.no\/sv\/wp-json\/wp\/v2\/media\/3716"}],"wp:attachment":[{"href":"https:\/\/youngskin.no\/sv\/wp-json\/wp\/v2\/media?parent=3717"}],"wp:term":[{"taxonomy":"product_brand","embeddable":true,"href":"https:\/\/youngskin.no\/sv\/wp-json\/wp\/v2\/product_brand?post=3717"},{"taxonomy":"product_cat","embeddable":true,"href":"https:\/\/youngskin.no\/sv\/wp-json\/wp\/v2\/product_cat?post=3717"},{"taxonomy":"product_tag","embeddable":true,"href":"https:\/\/youngskin.no\/sv\/wp-json\/wp\/v2\/product_tag?post=3717"}],"curies":[{"name":"wp","href":"https:\/\/api.w.org\/{rel}","templated":true}]}}