{"id":4057,"date":"2019-05-23T14:43:22","date_gmt":"2020-03-23T12:43:22","guid":{"rendered":"https:\/\/youngskin.no\/produkter\/bioplasma-nutri-cream-50ml\/"},"modified":"2020-03-23T14:43:22","modified_gmt":"2020-03-23T12:43:22","slug":"bioplasma-nutri-cream-50ml","status":"publish","type":"product","link":"https:\/\/youngskin.no\/sv\/produkter\/bioplasma-nutri-cream-50ml\/","title":{"rendered":"Bioplasma Nutri Cream 50ml"},"content":{"rendered":"<div style=\"color: #333333; font-family: &amp;quot; open sans&amp;quot;,&amp;quot;helvetica neue&amp;quot;,helvetica,arial,sans-serif; font-size: 13px; font-style: normal; font-variant: normal; font-weight: 400; letter-spacing: normal; orphans: 2; text-align: left; text-decoration: none; text-indent: 0px; text-transform: none; -webkit-text-stroke-width: 0px; white-space: normal; word-spacing: 0px;\">En kombination av peptider, aminosyror och growth factors (v\u00e4xtfaktorer) \u00a0 \u00c5terh\u00e4mtar den naturliga lipidfaktoren till en torr hud- det g\u00f6r att huden kan producera sina egna lipider, hydrera och hj\u00e4lpa till att fixa hudens \u00e5lderstecken.<\/div>\n<div style=\"color: #333333; font-family: &amp;quot; open sans&amp;quot;,&amp;quot;helvetica neue&amp;quot;,helvetica,arial,sans-serif; font-size: 13px; font-style: normal; font-variant: normal; font-weight: 400; letter-spacing: normal; orphans: 2; text-align: left; text-decoration: none; text-indent: 0px; text-transform: none; -webkit-text-stroke-width: 0px; white-space: normal; word-spacing: 0px;\">Det omstrukturerar, f\u00f6rb\u00e4ttrar hudens biokemiska egenskaper, samt t\u00e4thet och elasticitet. Reglerar ocks\u00e5 kollagenfibrernas struktur. Det ger energi till celler, har en avgiftande och antistressande effekt.<\/div>\n<div style=\"color: #333333; font-family: &amp;quot; open sans&amp;quot;,&amp;quot;helvetica neue&amp;quot;,helvetica,arial,sans-serif; font-size: 13px; font-style: normal; font-variant: normal; font-weight: 400; letter-spacing: normal; orphans: 2; text-align: left; text-decoration: none; text-indent: 0px; text-transform: none; -webkit-text-stroke-width: 0px; white-space: normal; word-spacing: 0px;\">F\u00f6rdelar: helt naturlig effekt, rik p\u00e5 lipider, ger energi.<\/div>\n<div style=\"color: #333333; font-family: &amp;quot; open sans&amp;quot;,&amp;quot;helvetica neue&amp;quot;,helvetica,arial,sans-serif; font-size: 13px; font-style: normal; font-variant: normal; font-weight: 400; letter-spacing: normal; orphans: 2; text-align: left; text-decoration: none; text-indent: 0px; text-transform: none; -webkit-text-stroke-width: 0px; white-space: normal; word-spacing: 0px;\">Resultat: \u00e5terst\u00e4ller den naturliga lipidfaktoren till torr hud.<\/div>\n<div style=\"color: #333333; font-family: &amp;quot; open sans&amp;quot;,&amp;quot;helvetica neue&amp;quot;,helvetica,arial,sans-serif; font-size: 13px; font-style: normal; font-variant: normal; font-weight: 400; letter-spacing: normal; orphans: 2; text-align: left; text-decoration: none; text-indent: 0px; text-transform: none; -webkit-text-stroke-width: 0px; white-space: normal; word-spacing: 0px;\">Minskar och sl\u00e4ter till rynkor och fina linjer.<\/div>\n<p>&nbsp;<\/p>\n","protected":false},"excerpt":{"rendered":"<p>En kombination av peptider, aminosyror och growth factors (v\u00e4xtfaktorer) \u00a0 \u00c5terh\u00e4mtar den naturliga lipidfaktoren till en torr hud- det g\u00f6r att huden kan producera sina egna lipider, hydrera och hj\u00e4lpa till att fixa hudens \u00e5lderstecken. Det omstrukturerar, f\u00f6rb\u00e4ttrar hudens biokemiska egenskaper, samt t\u00e4thet och elasticitet. Reglerar ocks\u00e5 kollagenfibrernas struktur. Det ger energi till celler, har&hellip;<\/p>\n","protected":false},"featured_media":4056,"comment_status":"closed","ping_status":"closed","template":"","meta":[],"product_brand":[],"product_cat":[121,134],"product_tag":[],"class_list":{"0":"post-4057","1":"product","2":"type-product","3":"status-publish","4":"has-post-thumbnail","6":"product_cat-hjemmeprodukter-sv","7":"product_cat-profiderm-sv","8":"description-off","10":"first","11":"instock","12":"shipping-taxable","13":"purchasable","14":"product-type-simple"},"yoast_head":"<!-- This site is optimized with the Yoast SEO plugin v27.3 - https:\/\/yoast.com\/product\/yoast-seo-wordpress\/ -->\n<title>Bioplasma Nutri Cream 50ml - youngskin.no<\/title>\n<meta name=\"robots\" content=\"index, follow, max-snippet:-1, max-image-preview:large, max-video-preview:-1\" \/>\n<link rel=\"canonical\" href=\"https:\/\/youngskin.no\/sv\/produkter\/bioplasma-nutri-cream-50ml\/\" \/>\n<meta property=\"og:locale\" content=\"sv_SE\" \/>\n<meta property=\"og:type\" content=\"article\" \/>\n<meta property=\"og:title\" content=\"Bioplasma Nutri Cream 50ml - youngskin.no\" \/>\n<meta property=\"og:description\" content=\"En kombination av peptider, aminosyror och growth factors (v\u00e4xtfaktorer) \u00a0 \u00c5terh\u00e4mtar den naturliga lipidfaktoren till en torr hud- det g\u00f6r att huden kan producera sina egna lipider, hydrera och hj\u00e4lpa till att fixa hudens \u00e5lderstecken. Det omstrukturerar, f\u00f6rb\u00e4ttrar hudens biokemiska egenskaper, samt t\u00e4thet och elasticitet. Reglerar ocks\u00e5 kollagenfibrernas struktur. Det ger energi till celler, har&hellip;\" \/>\n<meta property=\"og:url\" content=\"https:\/\/youngskin.no\/sv\/produkter\/bioplasma-nutri-cream-50ml\/\" \/>\n<meta property=\"og:site_name\" content=\"youngskin.no\" \/>\n<meta property=\"article:publisher\" content=\"https:\/\/www.facebook.com\/onegennorge\/\" \/>\n<meta property=\"og:image\" content=\"https:\/\/youngskin.no\/wp-content\/uploads\/ProfiDerm-Bio-Plasma-Nutri-creamshadow_www.jpg\" \/>\n\t<meta property=\"og:image:width\" content=\"567\" \/>\n\t<meta property=\"og:image:height\" content=\"567\" \/>\n\t<meta property=\"og:image:type\" content=\"image\/jpeg\" \/>\n<meta name=\"twitter:card\" content=\"summary_large_image\" \/>\n<script type=\"application\/ld+json\" class=\"yoast-schema-graph\">{\"@context\":\"https:\\\/\\\/schema.org\",\"@graph\":[{\"@type\":\"WebPage\",\"@id\":\"https:\\\/\\\/youngskin.no\\\/sv\\\/produkter\\\/bioplasma-nutri-cream-50ml\\\/\",\"url\":\"https:\\\/\\\/youngskin.no\\\/sv\\\/produkter\\\/bioplasma-nutri-cream-50ml\\\/\",\"name\":\"Bioplasma Nutri Cream 50ml - youngskin.no\",\"isPartOf\":{\"@id\":\"https:\\\/\\\/youngskin.no\\\/#website\"},\"primaryImageOfPage\":{\"@id\":\"https:\\\/\\\/youngskin.no\\\/sv\\\/produkter\\\/bioplasma-nutri-cream-50ml\\\/#primaryimage\"},\"image\":{\"@id\":\"https:\\\/\\\/youngskin.no\\\/sv\\\/produkter\\\/bioplasma-nutri-cream-50ml\\\/#primaryimage\"},\"thumbnailUrl\":\"https:\\\/\\\/youngskin.no\\\/wp-content\\\/uploads\\\/ProfiDerm-Bio-Plasma-Nutri-creamshadow_www.jpg\",\"datePublished\":\"2020-03-23T12:43:22+00:00\",\"breadcrumb\":{\"@id\":\"https:\\\/\\\/youngskin.no\\\/sv\\\/produkter\\\/bioplasma-nutri-cream-50ml\\\/#breadcrumb\"},\"inLanguage\":\"sv-SE\",\"potentialAction\":[{\"@type\":\"ReadAction\",\"target\":[\"https:\\\/\\\/youngskin.no\\\/sv\\\/produkter\\\/bioplasma-nutri-cream-50ml\\\/\"]}]},{\"@type\":\"ImageObject\",\"inLanguage\":\"sv-SE\",\"@id\":\"https:\\\/\\\/youngskin.no\\\/sv\\\/produkter\\\/bioplasma-nutri-cream-50ml\\\/#primaryimage\",\"url\":\"https:\\\/\\\/youngskin.no\\\/wp-content\\\/uploads\\\/ProfiDerm-Bio-Plasma-Nutri-creamshadow_www.jpg\",\"contentUrl\":\"https:\\\/\\\/youngskin.no\\\/wp-content\\\/uploads\\\/ProfiDerm-Bio-Plasma-Nutri-creamshadow_www.jpg\",\"width\":567,\"height\":567},{\"@type\":\"BreadcrumbList\",\"@id\":\"https:\\\/\\\/youngskin.no\\\/sv\\\/produkter\\\/bioplasma-nutri-cream-50ml\\\/#breadcrumb\",\"itemListElement\":[{\"@type\":\"ListItem\",\"position\":1,\"name\":\"Hjem\",\"item\":\"https:\\\/\\\/youngskin.no\\\/sv\\\/\"},{\"@type\":\"ListItem\",\"position\":2,\"name\":\"Butikk\",\"item\":\"https:\\\/\\\/youngskin.no\\\/butikk\\\/\"},{\"@type\":\"ListItem\",\"position\":3,\"name\":\"Bioplasma Nutri Cream 50ml\"}]},{\"@type\":\"WebSite\",\"@id\":\"https:\\\/\\\/youngskin.no\\\/#website\",\"url\":\"https:\\\/\\\/youngskin.no\\\/\",\"name\":\"youngskin.no\",\"description\":\"youngskin.no\",\"potentialAction\":[{\"@type\":\"SearchAction\",\"target\":{\"@type\":\"EntryPoint\",\"urlTemplate\":\"https:\\\/\\\/youngskin.no\\\/?s={search_term_string}\"},\"query-input\":{\"@type\":\"PropertyValueSpecification\",\"valueRequired\":true,\"valueName\":\"search_term_string\"}}],\"inLanguage\":\"sv-SE\"}]}<\/script>\n<!-- \/ Yoast SEO plugin. -->","yoast_head_json":{"title":"Bioplasma Nutri Cream 50ml - youngskin.no","robots":{"index":"index","follow":"follow","max-snippet":"max-snippet:-1","max-image-preview":"max-image-preview:large","max-video-preview":"max-video-preview:-1"},"canonical":"https:\/\/youngskin.no\/sv\/produkter\/bioplasma-nutri-cream-50ml\/","og_locale":"sv_SE","og_type":"article","og_title":"Bioplasma Nutri Cream 50ml - youngskin.no","og_description":"En kombination av peptider, aminosyror och growth factors (v\u00e4xtfaktorer) \u00a0 \u00c5terh\u00e4mtar den naturliga lipidfaktoren till en torr hud- det g\u00f6r att huden kan producera sina egna lipider, hydrera och hj\u00e4lpa till att fixa hudens \u00e5lderstecken. Det omstrukturerar, f\u00f6rb\u00e4ttrar hudens biokemiska egenskaper, samt t\u00e4thet och elasticitet. Reglerar ocks\u00e5 kollagenfibrernas struktur. Det ger energi till celler, har&hellip;","og_url":"https:\/\/youngskin.no\/sv\/produkter\/bioplasma-nutri-cream-50ml\/","og_site_name":"youngskin.no","article_publisher":"https:\/\/www.facebook.com\/onegennorge\/","og_image":[{"width":567,"height":567,"url":"https:\/\/youngskin.no\/wp-content\/uploads\/ProfiDerm-Bio-Plasma-Nutri-creamshadow_www.jpg","type":"image\/jpeg"}],"twitter_card":"summary_large_image","schema":{"@context":"https:\/\/schema.org","@graph":[{"@type":"WebPage","@id":"https:\/\/youngskin.no\/sv\/produkter\/bioplasma-nutri-cream-50ml\/","url":"https:\/\/youngskin.no\/sv\/produkter\/bioplasma-nutri-cream-50ml\/","name":"Bioplasma Nutri Cream 50ml - youngskin.no","isPartOf":{"@id":"https:\/\/youngskin.no\/#website"},"primaryImageOfPage":{"@id":"https:\/\/youngskin.no\/sv\/produkter\/bioplasma-nutri-cream-50ml\/#primaryimage"},"image":{"@id":"https:\/\/youngskin.no\/sv\/produkter\/bioplasma-nutri-cream-50ml\/#primaryimage"},"thumbnailUrl":"https:\/\/youngskin.no\/wp-content\/uploads\/ProfiDerm-Bio-Plasma-Nutri-creamshadow_www.jpg","datePublished":"2020-03-23T12:43:22+00:00","breadcrumb":{"@id":"https:\/\/youngskin.no\/sv\/produkter\/bioplasma-nutri-cream-50ml\/#breadcrumb"},"inLanguage":"sv-SE","potentialAction":[{"@type":"ReadAction","target":["https:\/\/youngskin.no\/sv\/produkter\/bioplasma-nutri-cream-50ml\/"]}]},{"@type":"ImageObject","inLanguage":"sv-SE","@id":"https:\/\/youngskin.no\/sv\/produkter\/bioplasma-nutri-cream-50ml\/#primaryimage","url":"https:\/\/youngskin.no\/wp-content\/uploads\/ProfiDerm-Bio-Plasma-Nutri-creamshadow_www.jpg","contentUrl":"https:\/\/youngskin.no\/wp-content\/uploads\/ProfiDerm-Bio-Plasma-Nutri-creamshadow_www.jpg","width":567,"height":567},{"@type":"BreadcrumbList","@id":"https:\/\/youngskin.no\/sv\/produkter\/bioplasma-nutri-cream-50ml\/#breadcrumb","itemListElement":[{"@type":"ListItem","position":1,"name":"Hjem","item":"https:\/\/youngskin.no\/sv\/"},{"@type":"ListItem","position":2,"name":"Butikk","item":"https:\/\/youngskin.no\/butikk\/"},{"@type":"ListItem","position":3,"name":"Bioplasma Nutri Cream 50ml"}]},{"@type":"WebSite","@id":"https:\/\/youngskin.no\/#website","url":"https:\/\/youngskin.no\/","name":"youngskin.no","description":"youngskin.no","potentialAction":[{"@type":"SearchAction","target":{"@type":"EntryPoint","urlTemplate":"https:\/\/youngskin.no\/?s={search_term_string}"},"query-input":{"@type":"PropertyValueSpecification","valueRequired":true,"valueName":"search_term_string"}}],"inLanguage":"sv-SE"}]}},"_links":{"self":[{"href":"https:\/\/youngskin.no\/sv\/wp-json\/wp\/v2\/product\/4057","targetHints":{"allow":["GET"]}}],"collection":[{"href":"https:\/\/youngskin.no\/sv\/wp-json\/wp\/v2\/product"}],"about":[{"href":"https:\/\/youngskin.no\/sv\/wp-json\/wp\/v2\/types\/product"}],"replies":[{"embeddable":true,"href":"https:\/\/youngskin.no\/sv\/wp-json\/wp\/v2\/comments?post=4057"}],"wp:featuredmedia":[{"embeddable":true,"href":"https:\/\/youngskin.no\/sv\/wp-json\/wp\/v2\/media\/4056"}],"wp:attachment":[{"href":"https:\/\/youngskin.no\/sv\/wp-json\/wp\/v2\/media?parent=4057"}],"wp:term":[{"taxonomy":"product_brand","embeddable":true,"href":"https:\/\/youngskin.no\/sv\/wp-json\/wp\/v2\/product_brand?post=4057"},{"taxonomy":"product_cat","embeddable":true,"href":"https:\/\/youngskin.no\/sv\/wp-json\/wp\/v2\/product_cat?post=4057"},{"taxonomy":"product_tag","embeddable":true,"href":"https:\/\/youngskin.no\/sv\/wp-json\/wp\/v2\/product_tag?post=4057"}],"curies":[{"name":"wp","href":"https:\/\/api.w.org\/{rel}","templated":true}]}}