{"id":4165,"date":"2019-03-26T18:41:26","date_gmt":"2020-10-06T17:17:05","guid":{"rendered":"https:\/\/youngskin.no\/?post_type=product&#038;p=4165"},"modified":"2020-10-06T19:17:05","modified_gmt":"2020-10-06T17:17:05","slug":"skin-control-serum-15ml","status":"publish","type":"product","link":"https:\/\/youngskin.no\/sv\/produkter\/skin-control-serum-15ml\/","title":{"rendered":"Skin Control Serum 15ml"},"content":{"rendered":"<blockquote>\n<p align=\"LEFT\"><span style=\"font-family: quot;\">Body &amp; Bess Skin Control Serum \u00e4r speciellt designad f\u00f6r att kontrollera talgproduktion.<\/span> <span style=\"font-family: quot;\">Dess h\u00f6ga koncentrationer av aktiva ingredienser lugnar \u00f6veraktiva talgk\u00f6rtlar utan att skada eller torka huden och bek\u00e4mpa f\u00f6roreningar och gl\u00e4nsande zoner.<\/span> <span style=\"font-family: quot;\">Instruktioner: blanda en hel dos med massagekr\u00e4men eller anv\u00e4nd bara serumet.<\/span> <span style=\"font-family: quot;\">Applicera p\u00e5 huden vid behov och applicera sedan den valda dagkr\u00e4men.<\/span><\/p>\n<\/blockquote>\n","protected":false},"excerpt":{"rendered":"<p>Body &amp; Bess Skin Control Serum \u00e4r speciellt designad f\u00f6r att kontrollera talgproduktion. Dess h\u00f6ga koncentrationer av aktiva ingredienser lugnar \u00f6veraktiva talgk\u00f6rtlar utan att skada eller torka huden och bek\u00e4mpa f\u00f6roreningar och gl\u00e4nsande zoner. Instruktioner: blanda en hel dos med massagekr\u00e4men eller anv\u00e4nd bara serumet. Applicera p\u00e5 huden vid behov och applicera sedan den valda&hellip;<\/p>\n","protected":false},"featured_media":3852,"comment_status":"closed","ping_status":"closed","template":"","meta":[],"product_brand":[],"product_cat":[177,121],"product_tag":[],"class_list":{"0":"post-4165","1":"product","2":"type-product","3":"status-publish","4":"has-post-thumbnail","6":"product_cat-bodybess-sv","7":"product_cat-hjemmeprodukter-sv","8":"description-off","10":"first","11":"instock","12":"shipping-taxable","13":"purchasable","14":"product-type-simple"},"yoast_head":"<!-- This site is optimized with the Yoast SEO plugin v27.4 - https:\/\/yoast.com\/product\/yoast-seo-wordpress\/ -->\n<title>Skin Control Serum 15ml - youngskin.no<\/title>\n<meta name=\"robots\" content=\"index, follow, max-snippet:-1, max-image-preview:large, max-video-preview:-1\" \/>\n<link rel=\"canonical\" href=\"https:\/\/youngskin.no\/sv\/produkter\/skin-control-serum-15ml\/\" \/>\n<meta property=\"og:locale\" content=\"sv_SE\" \/>\n<meta property=\"og:type\" content=\"article\" \/>\n<meta property=\"og:title\" content=\"Skin Control Serum 15ml - youngskin.no\" \/>\n<meta property=\"og:description\" content=\"Body &amp; Bess Skin Control Serum \u00e4r speciellt designad f\u00f6r att kontrollera talgproduktion. Dess h\u00f6ga koncentrationer av aktiva ingredienser lugnar \u00f6veraktiva talgk\u00f6rtlar utan att skada eller torka huden och bek\u00e4mpa f\u00f6roreningar och gl\u00e4nsande zoner. Instruktioner: blanda en hel dos med massagekr\u00e4men eller anv\u00e4nd bara serumet. Applicera p\u00e5 huden vid behov och applicera sedan den valda&hellip;\" \/>\n<meta property=\"og:url\" content=\"https:\/\/youngskin.no\/sv\/produkter\/skin-control-serum-15ml\/\" \/>\n<meta property=\"og:site_name\" content=\"youngskin.no\" \/>\n<meta property=\"article:publisher\" content=\"https:\/\/www.facebook.com\/onegennorge\/\" \/>\n<meta property=\"og:image\" content=\"https:\/\/youngskin.no\/wp-content\/uploads\/skin-control-serumnett.jpg\" \/>\n\t<meta property=\"og:image:width\" content=\"567\" \/>\n\t<meta property=\"og:image:height\" content=\"567\" \/>\n\t<meta property=\"og:image:type\" content=\"image\/jpeg\" \/>\n<meta name=\"twitter:card\" content=\"summary_large_image\" \/>\n<script type=\"application\/ld+json\" class=\"yoast-schema-graph\">{\"@context\":\"https:\\\/\\\/schema.org\",\"@graph\":[{\"@type\":\"WebPage\",\"@id\":\"https:\\\/\\\/youngskin.no\\\/sv\\\/produkter\\\/skin-control-serum-15ml\\\/\",\"url\":\"https:\\\/\\\/youngskin.no\\\/sv\\\/produkter\\\/skin-control-serum-15ml\\\/\",\"name\":\"Skin Control Serum 15ml - youngskin.no\",\"isPartOf\":{\"@id\":\"https:\\\/\\\/youngskin.no\\\/#website\"},\"primaryImageOfPage\":{\"@id\":\"https:\\\/\\\/youngskin.no\\\/sv\\\/produkter\\\/skin-control-serum-15ml\\\/#primaryimage\"},\"image\":{\"@id\":\"https:\\\/\\\/youngskin.no\\\/sv\\\/produkter\\\/skin-control-serum-15ml\\\/#primaryimage\"},\"thumbnailUrl\":\"https:\\\/\\\/youngskin.no\\\/wp-content\\\/uploads\\\/skin-control-serumnett.jpg\",\"datePublished\":\"2020-10-06T17:17:05+00:00\",\"breadcrumb\":{\"@id\":\"https:\\\/\\\/youngskin.no\\\/sv\\\/produkter\\\/skin-control-serum-15ml\\\/#breadcrumb\"},\"inLanguage\":\"sv-SE\",\"potentialAction\":[{\"@type\":\"ReadAction\",\"target\":[\"https:\\\/\\\/youngskin.no\\\/sv\\\/produkter\\\/skin-control-serum-15ml\\\/\"]}]},{\"@type\":\"ImageObject\",\"inLanguage\":\"sv-SE\",\"@id\":\"https:\\\/\\\/youngskin.no\\\/sv\\\/produkter\\\/skin-control-serum-15ml\\\/#primaryimage\",\"url\":\"https:\\\/\\\/youngskin.no\\\/wp-content\\\/uploads\\\/skin-control-serumnett.jpg\",\"contentUrl\":\"https:\\\/\\\/youngskin.no\\\/wp-content\\\/uploads\\\/skin-control-serumnett.jpg\",\"width\":567,\"height\":567},{\"@type\":\"BreadcrumbList\",\"@id\":\"https:\\\/\\\/youngskin.no\\\/sv\\\/produkter\\\/skin-control-serum-15ml\\\/#breadcrumb\",\"itemListElement\":[{\"@type\":\"ListItem\",\"position\":1,\"name\":\"Hjem\",\"item\":\"https:\\\/\\\/youngskin.no\\\/sv\\\/\"},{\"@type\":\"ListItem\",\"position\":2,\"name\":\"Butikk\",\"item\":\"https:\\\/\\\/youngskin.no\\\/butikk\\\/\"},{\"@type\":\"ListItem\",\"position\":3,\"name\":\"Skin Control Serum 15ml\"}]},{\"@type\":\"WebSite\",\"@id\":\"https:\\\/\\\/youngskin.no\\\/#website\",\"url\":\"https:\\\/\\\/youngskin.no\\\/\",\"name\":\"youngskin.no\",\"description\":\"youngskin.no\",\"potentialAction\":[{\"@type\":\"SearchAction\",\"target\":{\"@type\":\"EntryPoint\",\"urlTemplate\":\"https:\\\/\\\/youngskin.no\\\/?s={search_term_string}\"},\"query-input\":{\"@type\":\"PropertyValueSpecification\",\"valueRequired\":true,\"valueName\":\"search_term_string\"}}],\"inLanguage\":\"sv-SE\"}]}<\/script>\n<!-- \/ Yoast SEO plugin. -->","yoast_head_json":{"title":"Skin Control Serum 15ml - youngskin.no","robots":{"index":"index","follow":"follow","max-snippet":"max-snippet:-1","max-image-preview":"max-image-preview:large","max-video-preview":"max-video-preview:-1"},"canonical":"https:\/\/youngskin.no\/sv\/produkter\/skin-control-serum-15ml\/","og_locale":"sv_SE","og_type":"article","og_title":"Skin Control Serum 15ml - youngskin.no","og_description":"Body &amp; Bess Skin Control Serum \u00e4r speciellt designad f\u00f6r att kontrollera talgproduktion. Dess h\u00f6ga koncentrationer av aktiva ingredienser lugnar \u00f6veraktiva talgk\u00f6rtlar utan att skada eller torka huden och bek\u00e4mpa f\u00f6roreningar och gl\u00e4nsande zoner. Instruktioner: blanda en hel dos med massagekr\u00e4men eller anv\u00e4nd bara serumet. Applicera p\u00e5 huden vid behov och applicera sedan den valda&hellip;","og_url":"https:\/\/youngskin.no\/sv\/produkter\/skin-control-serum-15ml\/","og_site_name":"youngskin.no","article_publisher":"https:\/\/www.facebook.com\/onegennorge\/","og_image":[{"width":567,"height":567,"url":"https:\/\/youngskin.no\/wp-content\/uploads\/skin-control-serumnett.jpg","type":"image\/jpeg"}],"twitter_card":"summary_large_image","schema":{"@context":"https:\/\/schema.org","@graph":[{"@type":"WebPage","@id":"https:\/\/youngskin.no\/sv\/produkter\/skin-control-serum-15ml\/","url":"https:\/\/youngskin.no\/sv\/produkter\/skin-control-serum-15ml\/","name":"Skin Control Serum 15ml - youngskin.no","isPartOf":{"@id":"https:\/\/youngskin.no\/#website"},"primaryImageOfPage":{"@id":"https:\/\/youngskin.no\/sv\/produkter\/skin-control-serum-15ml\/#primaryimage"},"image":{"@id":"https:\/\/youngskin.no\/sv\/produkter\/skin-control-serum-15ml\/#primaryimage"},"thumbnailUrl":"https:\/\/youngskin.no\/wp-content\/uploads\/skin-control-serumnett.jpg","datePublished":"2020-10-06T17:17:05+00:00","breadcrumb":{"@id":"https:\/\/youngskin.no\/sv\/produkter\/skin-control-serum-15ml\/#breadcrumb"},"inLanguage":"sv-SE","potentialAction":[{"@type":"ReadAction","target":["https:\/\/youngskin.no\/sv\/produkter\/skin-control-serum-15ml\/"]}]},{"@type":"ImageObject","inLanguage":"sv-SE","@id":"https:\/\/youngskin.no\/sv\/produkter\/skin-control-serum-15ml\/#primaryimage","url":"https:\/\/youngskin.no\/wp-content\/uploads\/skin-control-serumnett.jpg","contentUrl":"https:\/\/youngskin.no\/wp-content\/uploads\/skin-control-serumnett.jpg","width":567,"height":567},{"@type":"BreadcrumbList","@id":"https:\/\/youngskin.no\/sv\/produkter\/skin-control-serum-15ml\/#breadcrumb","itemListElement":[{"@type":"ListItem","position":1,"name":"Hjem","item":"https:\/\/youngskin.no\/sv\/"},{"@type":"ListItem","position":2,"name":"Butikk","item":"https:\/\/youngskin.no\/butikk\/"},{"@type":"ListItem","position":3,"name":"Skin Control Serum 15ml"}]},{"@type":"WebSite","@id":"https:\/\/youngskin.no\/#website","url":"https:\/\/youngskin.no\/","name":"youngskin.no","description":"youngskin.no","potentialAction":[{"@type":"SearchAction","target":{"@type":"EntryPoint","urlTemplate":"https:\/\/youngskin.no\/?s={search_term_string}"},"query-input":{"@type":"PropertyValueSpecification","valueRequired":true,"valueName":"search_term_string"}}],"inLanguage":"sv-SE"}]}},"_links":{"self":[{"href":"https:\/\/youngskin.no\/sv\/wp-json\/wp\/v2\/product\/4165","targetHints":{"allow":["GET"]}}],"collection":[{"href":"https:\/\/youngskin.no\/sv\/wp-json\/wp\/v2\/product"}],"about":[{"href":"https:\/\/youngskin.no\/sv\/wp-json\/wp\/v2\/types\/product"}],"replies":[{"embeddable":true,"href":"https:\/\/youngskin.no\/sv\/wp-json\/wp\/v2\/comments?post=4165"}],"wp:featuredmedia":[{"embeddable":true,"href":"https:\/\/youngskin.no\/sv\/wp-json\/wp\/v2\/media\/3852"}],"wp:attachment":[{"href":"https:\/\/youngskin.no\/sv\/wp-json\/wp\/v2\/media?parent=4165"}],"wp:term":[{"taxonomy":"product_brand","embeddable":true,"href":"https:\/\/youngskin.no\/sv\/wp-json\/wp\/v2\/product_brand?post=4165"},{"taxonomy":"product_cat","embeddable":true,"href":"https:\/\/youngskin.no\/sv\/wp-json\/wp\/v2\/product_cat?post=4165"},{"taxonomy":"product_tag","embeddable":true,"href":"https:\/\/youngskin.no\/sv\/wp-json\/wp\/v2\/product_tag?post=4165"}],"curies":[{"name":"wp","href":"https:\/\/api.w.org\/{rel}","templated":true}]}}