{"id":4255,"date":"2019-05-28T18:44:22","date_gmt":"2019-05-28T16:44:22","guid":{"rendered":"https:\/\/youngskin.no\/produkter\/bioplasma-cream-150ml\/"},"modified":"2025-01-12T17:26:14","modified_gmt":"2025-01-12T15:26:14","slug":"bioplasma-cream-150ml","status":"publish","type":"product","link":"https:\/\/youngskin.no\/sv\/produkter\/bioplasma-cream-150ml\/","title":{"rendered":"Bioplasma cream 150ml"},"content":{"rendered":"<p>En proteinrik formel er avhengig av en blanding av peptider, aminosyrer og vekstfaktorer som ikke bare hydrer huden, men ogs\u00e5 er med p\u00e5 \u00e5 bekjempe aldringstegn.<br \/>\nBioplasma mask inneholder en kombinasjon av peptider, aminosyrer og vekstfaktor. Gjenoppretter den naturlige lipidfaktoren til t\u00f8rr hud, hydrerer og hjelper til med \u00e5 bekjempe aldringstegnene. Det ombygger og omstrukturerer, forbedrer hudens biomekaniske egenskaper &#8211; spenst, elastisitet. Regulerer strukturell organisering av kollagenfibre. Det gir energi til celler, har en avgiftende og anti-stress effekt.<br \/>\nFordeler: Naturlig produkt, Lipid-rik, fremmer avgiftning<br \/>\nResultater: Gjenoppretter naturlig lipidfaktor til t\u00f8rr hud, regenererer og strammer, reduserer fine linjer og rynker<\/p>\n","protected":false},"excerpt":{"rendered":"<p>En proteinrik formel er avhengig av en blanding av peptider, aminosyrer og vekstfaktorer som ikke bare hydrer huden, men ogs\u00e5 er med p\u00e5 \u00e5 bekjempe aldringstegn. Bioplasma mask inneholder en kombinasjon av peptider, aminosyrer og vekstfaktor. Gjenoppretter den naturlige lipidfaktoren til t\u00f8rr hud, hydrerer og hjelper til med \u00e5 bekjempe aldringstegnene. Det ombygger og omstrukturerer,&hellip;<\/p>\n","protected":false},"featured_media":4198,"comment_status":"closed","ping_status":"closed","template":"","meta":[],"product_brand":[],"product_cat":[134,124,173],"product_tag":[],"class_list":{"0":"post-4255","1":"product","2":"type-product","3":"status-publish","4":"has-post-thumbnail","6":"product_cat-profiderm-sv","7":"product_cat-salongprodukter-sv","8":"product_cat-uncategorized-sv","9":"description-off","11":"first","12":"instock","13":"shipping-taxable","14":"purchasable","15":"product-type-simple"},"yoast_head":"<!-- This site is optimized with the Yoast SEO plugin v27.4 - https:\/\/yoast.com\/product\/yoast-seo-wordpress\/ -->\n<title>Bioplasma cream 150ml - youngskin.no<\/title>\n<meta name=\"robots\" content=\"index, follow, max-snippet:-1, max-image-preview:large, max-video-preview:-1\" \/>\n<link rel=\"canonical\" href=\"https:\/\/youngskin.no\/produkter\/bioplasma-cream-150ml\/\" \/>\n<meta property=\"og:locale\" content=\"sv_SE\" \/>\n<meta property=\"og:type\" content=\"article\" \/>\n<meta property=\"og:title\" content=\"Bioplasma cream 150ml - youngskin.no\" \/>\n<meta property=\"og:description\" content=\"En proteinrik formel er avhengig av en blanding av peptider, aminosyrer og vekstfaktorer som ikke bare hydrer huden, men ogs\u00e5 er med p\u00e5 \u00e5 bekjempe aldringstegn. Bioplasma mask inneholder en kombinasjon av peptider, aminosyrer og vekstfaktor. Gjenoppretter den naturlige lipidfaktoren til t\u00f8rr hud, hydrerer og hjelper til med \u00e5 bekjempe aldringstegnene. Det ombygger og omstrukturerer,&hellip;\" \/>\n<meta property=\"og:url\" content=\"https:\/\/youngskin.no\/produkter\/bioplasma-cream-150ml\/\" \/>\n<meta property=\"og:site_name\" content=\"youngskin.no\" \/>\n<meta property=\"article:publisher\" content=\"https:\/\/www.facebook.com\/onegennorge\/\" \/>\n<meta property=\"article:modified_time\" content=\"2025-01-12T15:26:14+00:00\" \/>\n<meta property=\"og:image\" content=\"https:\/\/youngskin.no\/wp-content\/uploads\/3-20.jpg\" \/>\n\t<meta property=\"og:image:width\" content=\"828\" \/>\n\t<meta property=\"og:image:height\" content=\"831\" \/>\n\t<meta property=\"og:image:type\" content=\"image\/jpeg\" \/>\n<meta name=\"twitter:card\" content=\"summary_large_image\" \/>\n<script type=\"application\/ld+json\" class=\"yoast-schema-graph\">{\"@context\":\"https:\\\/\\\/schema.org\",\"@graph\":[{\"@type\":\"WebPage\",\"@id\":\"https:\\\/\\\/youngskin.no\\\/produkter\\\/bioplasma-cream-150ml\\\/\",\"url\":\"https:\\\/\\\/youngskin.no\\\/produkter\\\/bioplasma-cream-150ml\\\/\",\"name\":\"Bioplasma cream 150ml - youngskin.no\",\"isPartOf\":{\"@id\":\"https:\\\/\\\/youngskin.no\\\/#website\"},\"primaryImageOfPage\":{\"@id\":\"https:\\\/\\\/youngskin.no\\\/produkter\\\/bioplasma-cream-150ml\\\/#primaryimage\"},\"image\":{\"@id\":\"https:\\\/\\\/youngskin.no\\\/produkter\\\/bioplasma-cream-150ml\\\/#primaryimage\"},\"thumbnailUrl\":\"https:\\\/\\\/youngskin.no\\\/wp-content\\\/uploads\\\/3-20.jpg\",\"datePublished\":\"2019-05-28T16:44:22+00:00\",\"dateModified\":\"2025-01-12T15:26:14+00:00\",\"breadcrumb\":{\"@id\":\"https:\\\/\\\/youngskin.no\\\/produkter\\\/bioplasma-cream-150ml\\\/#breadcrumb\"},\"inLanguage\":\"sv-SE\",\"potentialAction\":[{\"@type\":\"ReadAction\",\"target\":[\"https:\\\/\\\/youngskin.no\\\/produkter\\\/bioplasma-cream-150ml\\\/\"]}]},{\"@type\":\"ImageObject\",\"inLanguage\":\"sv-SE\",\"@id\":\"https:\\\/\\\/youngskin.no\\\/produkter\\\/bioplasma-cream-150ml\\\/#primaryimage\",\"url\":\"https:\\\/\\\/youngskin.no\\\/wp-content\\\/uploads\\\/3-20.jpg\",\"contentUrl\":\"https:\\\/\\\/youngskin.no\\\/wp-content\\\/uploads\\\/3-20.jpg\",\"width\":828,\"height\":831},{\"@type\":\"BreadcrumbList\",\"@id\":\"https:\\\/\\\/youngskin.no\\\/produkter\\\/bioplasma-cream-150ml\\\/#breadcrumb\",\"itemListElement\":[{\"@type\":\"ListItem\",\"position\":1,\"name\":\"Hjem\",\"item\":\"https:\\\/\\\/youngskin.no\\\/sv\\\/\"},{\"@type\":\"ListItem\",\"position\":2,\"name\":\"Butikk\",\"item\":\"https:\\\/\\\/youngskin.no\\\/butikk\\\/\"},{\"@type\":\"ListItem\",\"position\":3,\"name\":\"Bioplasma cream 150ml\"}]},{\"@type\":\"WebSite\",\"@id\":\"https:\\\/\\\/youngskin.no\\\/#website\",\"url\":\"https:\\\/\\\/youngskin.no\\\/\",\"name\":\"youngskin.no\",\"description\":\"youngskin.no\",\"potentialAction\":[{\"@type\":\"SearchAction\",\"target\":{\"@type\":\"EntryPoint\",\"urlTemplate\":\"https:\\\/\\\/youngskin.no\\\/?s={search_term_string}\"},\"query-input\":{\"@type\":\"PropertyValueSpecification\",\"valueRequired\":true,\"valueName\":\"search_term_string\"}}],\"inLanguage\":\"sv-SE\"}]}<\/script>\n<!-- \/ Yoast SEO plugin. -->","yoast_head_json":{"title":"Bioplasma cream 150ml - youngskin.no","robots":{"index":"index","follow":"follow","max-snippet":"max-snippet:-1","max-image-preview":"max-image-preview:large","max-video-preview":"max-video-preview:-1"},"canonical":"https:\/\/youngskin.no\/produkter\/bioplasma-cream-150ml\/","og_locale":"sv_SE","og_type":"article","og_title":"Bioplasma cream 150ml - youngskin.no","og_description":"En proteinrik formel er avhengig av en blanding av peptider, aminosyrer og vekstfaktorer som ikke bare hydrer huden, men ogs\u00e5 er med p\u00e5 \u00e5 bekjempe aldringstegn. Bioplasma mask inneholder en kombinasjon av peptider, aminosyrer og vekstfaktor. Gjenoppretter den naturlige lipidfaktoren til t\u00f8rr hud, hydrerer og hjelper til med \u00e5 bekjempe aldringstegnene. Det ombygger og omstrukturerer,&hellip;","og_url":"https:\/\/youngskin.no\/produkter\/bioplasma-cream-150ml\/","og_site_name":"youngskin.no","article_publisher":"https:\/\/www.facebook.com\/onegennorge\/","article_modified_time":"2025-01-12T15:26:14+00:00","og_image":[{"width":828,"height":831,"url":"https:\/\/youngskin.no\/wp-content\/uploads\/3-20.jpg","type":"image\/jpeg"}],"twitter_card":"summary_large_image","schema":{"@context":"https:\/\/schema.org","@graph":[{"@type":"WebPage","@id":"https:\/\/youngskin.no\/produkter\/bioplasma-cream-150ml\/","url":"https:\/\/youngskin.no\/produkter\/bioplasma-cream-150ml\/","name":"Bioplasma cream 150ml - youngskin.no","isPartOf":{"@id":"https:\/\/youngskin.no\/#website"},"primaryImageOfPage":{"@id":"https:\/\/youngskin.no\/produkter\/bioplasma-cream-150ml\/#primaryimage"},"image":{"@id":"https:\/\/youngskin.no\/produkter\/bioplasma-cream-150ml\/#primaryimage"},"thumbnailUrl":"https:\/\/youngskin.no\/wp-content\/uploads\/3-20.jpg","datePublished":"2019-05-28T16:44:22+00:00","dateModified":"2025-01-12T15:26:14+00:00","breadcrumb":{"@id":"https:\/\/youngskin.no\/produkter\/bioplasma-cream-150ml\/#breadcrumb"},"inLanguage":"sv-SE","potentialAction":[{"@type":"ReadAction","target":["https:\/\/youngskin.no\/produkter\/bioplasma-cream-150ml\/"]}]},{"@type":"ImageObject","inLanguage":"sv-SE","@id":"https:\/\/youngskin.no\/produkter\/bioplasma-cream-150ml\/#primaryimage","url":"https:\/\/youngskin.no\/wp-content\/uploads\/3-20.jpg","contentUrl":"https:\/\/youngskin.no\/wp-content\/uploads\/3-20.jpg","width":828,"height":831},{"@type":"BreadcrumbList","@id":"https:\/\/youngskin.no\/produkter\/bioplasma-cream-150ml\/#breadcrumb","itemListElement":[{"@type":"ListItem","position":1,"name":"Hjem","item":"https:\/\/youngskin.no\/sv\/"},{"@type":"ListItem","position":2,"name":"Butikk","item":"https:\/\/youngskin.no\/butikk\/"},{"@type":"ListItem","position":3,"name":"Bioplasma cream 150ml"}]},{"@type":"WebSite","@id":"https:\/\/youngskin.no\/#website","url":"https:\/\/youngskin.no\/","name":"youngskin.no","description":"youngskin.no","potentialAction":[{"@type":"SearchAction","target":{"@type":"EntryPoint","urlTemplate":"https:\/\/youngskin.no\/?s={search_term_string}"},"query-input":{"@type":"PropertyValueSpecification","valueRequired":true,"valueName":"search_term_string"}}],"inLanguage":"sv-SE"}]}},"_links":{"self":[{"href":"https:\/\/youngskin.no\/sv\/wp-json\/wp\/v2\/product\/4255","targetHints":{"allow":["GET"]}}],"collection":[{"href":"https:\/\/youngskin.no\/sv\/wp-json\/wp\/v2\/product"}],"about":[{"href":"https:\/\/youngskin.no\/sv\/wp-json\/wp\/v2\/types\/product"}],"replies":[{"embeddable":true,"href":"https:\/\/youngskin.no\/sv\/wp-json\/wp\/v2\/comments?post=4255"}],"wp:featuredmedia":[{"embeddable":true,"href":"https:\/\/youngskin.no\/sv\/wp-json\/wp\/v2\/media\/4198"}],"wp:attachment":[{"href":"https:\/\/youngskin.no\/sv\/wp-json\/wp\/v2\/media?parent=4255"}],"wp:term":[{"taxonomy":"product_brand","embeddable":true,"href":"https:\/\/youngskin.no\/sv\/wp-json\/wp\/v2\/product_brand?post=4255"},{"taxonomy":"product_cat","embeddable":true,"href":"https:\/\/youngskin.no\/sv\/wp-json\/wp\/v2\/product_cat?post=4255"},{"taxonomy":"product_tag","embeddable":true,"href":"https:\/\/youngskin.no\/sv\/wp-json\/wp\/v2\/product_tag?post=4255"}],"curies":[{"name":"wp","href":"https:\/\/api.w.org\/{rel}","templated":true}]}}